{"id":25330,"date":"2026-05-14T09:36:09","date_gmt":"2026-05-14T10:36:09","guid":{"rendered":"https:\/\/guidetotheazores.pt\/product\/nordeste\/"},"modified":"2026-05-14T09:36:09","modified_gmt":"2026-05-14T10:36:09","slug":"nordeste","status":"publish","type":"product","link":"https:\/\/guidetotheazores.pt\/fr\/produit\/nordeste\/","title":{"rendered":"Nordeste"},"content":{"rendered":"<p>Il est temps d&rsquo;explorer le beau village de Nordeste avec des points de vue r\u00e9confortants, des parcs naturels, des paysages inoubliables et des chutes d&rsquo;eau tentantes recouvertes par la v\u00e9g\u00e9tation macaron\u00e9sienne.<\/p>\n<p><strong>Emplacements des arr\u00eats s\u00e9lectionn\u00e9s :<\/strong><\/p>\n<ul>\n<li>Point de vue Sta Iria<\/li>\n<li>Usine de th\u00e9 de Gorreana (Ribeira Grande)<\/li>\n<li>Parc naturel de Ribeira dos Caldeir\u00f5es (Nordeste)<\/li>\n<li>Point de vue Vigia das Baleias ; (Algarvia)<\/li>\n<li>Vila do Nordeste ( visite du centre )<\/li>\n<li>Point de vue Ponta do Arnel (Nordeste)<\/li>\n<li>Point de vue Vista dos Barcos (Nordeste)<\/li>\n<li>Point de vue Ponta do Sossego (Nordeste)<\/li>\n<li>Point de vue Ponta da Madrugada (Nordeste)<\/li>\n<li>\u00c0gua Retorta (Passage)<\/li>\n<li>Point de vue P\u00f4r-do-Sol (Povoa\u00e7\u00e3o)<\/li>\n<li>Vila da Povoa\u00e7\u00e3o (visite du centre)<\/li>\n<\/ul>\n<p><strong>RAMASSAGE GRATUIT<\/strong><\/p>\n<p>9h00 Prise en charge \u00e0 l&rsquo;h\u00f4tel<\/p>\n<p>D\u00c9PART<br \/>\n17:00 \/ 18:00 Arriv\u00e9e \u00e0 l&rsquo;h\u00f4tel \/ Identique au d\u00e9part<\/p>\n<p>&nbsp;<\/p>\n","protected":false},"excerpt":{"rendered":"<p>C&rsquo;est le moment d&rsquo;explorer le magnifique village de Nordeste avec des points de vue r\u00e9confortants, des parcs naturels, des paysages inoubliables et des cascades tentantes recouvertes par la v\u00e9g\u00e9tation macaron\u00e9sienne.<\/p>\n<p><script src=\"https:\/\/fareharbor.com\/embeds\/script\/calendar\/intothewildazorestours\/items\/124745\/?asn=fhdn-eur&amp;asn-ref=guidetotheazores&amp;ref=guidetotheazores&amp;bookable-only=yes&amp;full-items=yes&amp;marketplace=yes&amp;flow=no&amp;branding=no\"><\/script><\/p>\n<p>Dur\u00e9e : Journ\u00e9e compl\u00e8te 8 h<\/p>\n<p>9 h 00 Prise en charge \u00e0 l&rsquo;h\u00f4tel<\/p>\n<p>D\u00c9P\u00d4T<br \/>\n17 h 00 \/ 18 h 00 Arriv\u00e9e \u00e0 l&rsquo;h\u00f4tel \/ Identique au d\u00e9part.<\/p>\n","protected":false},"featured_media":25235,"comment_status":"closed","ping_status":"closed","template":"","meta":{"_acf_changed":false},"product_brand":[19589],"product_cat":[19484,19527,19486,19500],"product_tag":[19528],"class_list":{"0":"post-25330","1":"product","2":"type-product","3":"status-publish","4":"has-post-thumbnail","6":"product_brand-sao-miguel","7":"product_cat-activites","8":"product_cat-sao-miguel","9":"product_cat-toutes-les-iles","10":"product_cat-visites-guidees","11":"product_tag-saomiguelisland","13":"first","14":"instock","15":"taxable","16":"shipping-taxable","17":"product-type-external"},"acf":[],"_links":{"self":[{"href":"https:\/\/guidetotheazores.pt\/fr\/wp-json\/wp\/v2\/product\/25330","targetHints":{"allow":["GET"]}}],"collection":[{"href":"https:\/\/guidetotheazores.pt\/fr\/wp-json\/wp\/v2\/product"}],"about":[{"href":"https:\/\/guidetotheazores.pt\/fr\/wp-json\/wp\/v2\/types\/product"}],"replies":[{"embeddable":true,"href":"https:\/\/guidetotheazores.pt\/fr\/wp-json\/wp\/v2\/comments?post=25330"}],"wp:featuredmedia":[{"embeddable":true,"href":"https:\/\/guidetotheazores.pt\/fr\/wp-json\/wp\/v2\/media\/25235"}],"wp:attachment":[{"href":"https:\/\/guidetotheazores.pt\/fr\/wp-json\/wp\/v2\/media?parent=25330"}],"wp:term":[{"taxonomy":"product_brand","embeddable":true,"href":"https:\/\/guidetotheazores.pt\/fr\/wp-json\/wp\/v2\/product_brand?post=25330"},{"taxonomy":"product_cat","embeddable":true,"href":"https:\/\/guidetotheazores.pt\/fr\/wp-json\/wp\/v2\/product_cat?post=25330"},{"taxonomy":"product_tag","embeddable":true,"href":"https:\/\/guidetotheazores.pt\/fr\/wp-json\/wp\/v2\/product_tag?post=25330"}],"curies":[{"name":"wp","href":"https:\/\/api.w.org\/{rel}","templated":true}]}}