{"id":25334,"date":"2026-05-14T12:24:21","date_gmt":"2026-05-14T13:24:21","guid":{"rendered":"https:\/\/guidetotheazores.pt\/product\/visite-de-furnas-demi-journee\/"},"modified":"2026-05-14T12:24:21","modified_gmt":"2026-05-14T13:24:21","slug":"visite-de-furnas-demi-journee","status":"publish","type":"product","link":"https:\/\/guidetotheazores.pt\/fr\/produit\/visite-de-furnas-demi-journee\/","title":{"rendered":"Visite de Furnas &#8211; Demi-journ\u00e9e"},"content":{"rendered":"<h2>\u00c0 propos de<\/h2>\n<p>T\u00e9moigne et baigne ton corps dans les sources chaudes g\u00e9othermiques des A\u00e7ores, le soir ou le matin, au cours d&rsquo;une sorte de grande aventure romantique enchanteresse dans l&rsquo;endroit le plus exotique de la plan\u00e8te.<\/p>\n<p>De plus, dans la r\u00e9gion du district de Furnas, tu pourras d\u00e9guster une recette exclusive \u00e0 l&rsquo;ancienne, d\u00e9licieuse mais saine, pr\u00e9par\u00e9e sous la terre \u00e0 l&rsquo;aide de la vapeur d&rsquo;eau provenant du volcan Furnas.<\/p>\n<p><strong>Emplacements des arr\u00eats s\u00e9lectionn\u00e9s :<\/strong><\/p>\n<ul>\n<li>Point de vue St\u00aa Iria (Ribeira Grande)<\/li>\n<li>Visite la plus ancienne plantation de th\u00e9 d&rsquo;Europe, Gorreana (Ribeira Grande).<\/li>\n<li>Point de vue Pico do Ferro (Furnas, Vila da Povoa\u00e7\u00e3o)<\/li>\n<li>Visite la Lagoa das Furnas (Furnas, Vila da Povoa\u00e7\u00e3o)<\/li>\n<li>Visite les Caldeiras das Furnas (Furnas, Vila da Povoa\u00e7\u00e3o)<\/li>\n<li>Terra Nostra (facultatif) (Furnas, Vila da Povoa\u00e7\u00e3o) ou Po\u00e7a da Dona Beija (facultatif) (Furnas, Vila da Povoa\u00e7\u00e3o)<\/li>\n<\/ul>\n<p><strong>RAMASSAGE GRATUIT<\/strong><\/p>\n<p>9:00 am ou 14:00 pm Prise en charge \u00e0 l&rsquo;h\u00f4tel avec l&rsquo;option de commencer t\u00f4t pour profiter de l&rsquo;ex du lever du soleil. 7:00 am. <\/p>\n<p>D\u00c9PART<br \/>\n13:30 \/ 18:30 Arriv\u00e9e \u00e0 l&rsquo;h\u00f4tel \/ Identique au d\u00e9part<\/p>\n<p>Lis les informations sur la d\u00e9pendance<\/p>\n","protected":false},"excerpt":{"rendered":"<p>T\u00e9moigne et baigne ton corps dans les sources chaudes g\u00e9othermiques des Azores, le soir ou le matin, au cours d&rsquo;une sorte de grande aventure romantique enchanteresse dans l&rsquo;endroit le plus exotique de la plan\u00e8te.<\/p>\n<p><script src=\"https:\/\/fareharbor.com\/embeds\/script\/calendar\/intothewildazorestours\/items\/124746\/?asn=fhdn-eur&amp;asn-ref=guidetotheazores&amp;ref=guidetotheazores&amp;bookable-only=yes&amp;full-items=yes&amp;marketplace=yes&amp;flow=no&amp;branding=no\"><\/script><\/p>\n<p><em>Visite guid\u00e9e d&rsquo;une demi-journ\u00e9e Furnas<\/em><\/p>\n<p>Dur\u00e9e : demi-journ\u00e9e 5 heures.<\/p>\n","protected":false},"featured_media":25251,"comment_status":"closed","ping_status":"closed","template":"","meta":{"_acf_changed":false},"product_brand":[19589],"product_cat":[19484,19527,19486,19500],"product_tag":[19528],"class_list":{"0":"post-25334","1":"product","2":"type-product","3":"status-publish","4":"has-post-thumbnail","6":"product_brand-sao-miguel","7":"product_cat-activites","8":"product_cat-sao-miguel","9":"product_cat-toutes-les-iles","10":"product_cat-visites-guidees","11":"product_tag-saomiguelisland","13":"first","14":"instock","15":"taxable","16":"shipping-taxable","17":"product-type-external"},"acf":[],"_links":{"self":[{"href":"https:\/\/guidetotheazores.pt\/fr\/wp-json\/wp\/v2\/product\/25334","targetHints":{"allow":["GET"]}}],"collection":[{"href":"https:\/\/guidetotheazores.pt\/fr\/wp-json\/wp\/v2\/product"}],"about":[{"href":"https:\/\/guidetotheazores.pt\/fr\/wp-json\/wp\/v2\/types\/product"}],"replies":[{"embeddable":true,"href":"https:\/\/guidetotheazores.pt\/fr\/wp-json\/wp\/v2\/comments?post=25334"}],"wp:featuredmedia":[{"embeddable":true,"href":"https:\/\/guidetotheazores.pt\/fr\/wp-json\/wp\/v2\/media\/25251"}],"wp:attachment":[{"href":"https:\/\/guidetotheazores.pt\/fr\/wp-json\/wp\/v2\/media?parent=25334"}],"wp:term":[{"taxonomy":"product_brand","embeddable":true,"href":"https:\/\/guidetotheazores.pt\/fr\/wp-json\/wp\/v2\/product_brand?post=25334"},{"taxonomy":"product_cat","embeddable":true,"href":"https:\/\/guidetotheazores.pt\/fr\/wp-json\/wp\/v2\/product_cat?post=25334"},{"taxonomy":"product_tag","embeddable":true,"href":"https:\/\/guidetotheazores.pt\/fr\/wp-json\/wp\/v2\/product_tag?post=25334"}],"curies":[{"name":"wp","href":"https:\/\/api.w.org\/{rel}","templated":true}]}}