{"id":25338,"date":"2026-05-14T12:39:39","date_gmt":"2026-05-14T13:39:39","guid":{"rendered":"https:\/\/guidetotheazores.pt\/product\/sete-cidades-lagoa-do-fogo-journee-complete-visite-privee\/"},"modified":"2026-05-14T12:39:39","modified_gmt":"2026-05-14T13:39:39","slug":"sete-cidades-lagoa-do-fogo-journee-complete-visite-privee","status":"publish","type":"product","link":"https:\/\/guidetotheazores.pt\/fr\/produit\/sete-cidades-lagoa-do-fogo-journee-complete-visite-privee\/","title":{"rendered":"Sete Cidades &amp; Lagoa do Fogo journ\u00e9e compl\u00e8te &#8211; Visite priv\u00e9e"},"content":{"rendered":"<h2>\u00c0 propos de<\/h2>\n<p>Lors de cette visite, tu verras le c\u00f4t\u00e9 ouest, l&rsquo;\u00e9poustouflante perspective de Sete Cidades, et Vista do Rei, te donnant \u00e0 voir l&rsquo;irr\u00e9sistible lac bleu et vert \u00e0 c\u00f4t\u00e9 de la s\u00e9duisante paroisse civile de Sete Cidades, la vue sur la montagne de Lagoa do Fogo, se terminant par le bain d&rsquo;eaux thermales magiques pour une journ\u00e9e inoubliable au paradis.<\/p>\n<p>Profite d&rsquo;une aventure de 8 heures en passant par Sete Cidades et Lagoa do Fogo. Pars de ton h\u00e9bergement puis pars \u00e0 la d\u00e9couverte de l&rsquo;une des sept merveilles du Portugal. Nous commencerons par une excursion vers la partie nord de l&rsquo;\u00eele, en passant par de multiples points de vue situ\u00e9s \u00e0 Pico do Carv\u00e3o, Lagoa do Can\u00e1rio, Grota do Inferno, et Vista do Rei, o\u00f9 tu profiteras de l&rsquo;une des plus belles vues face aux deux lacs de Sete Cidades, tout en visitant sa paroisse au centre.  <\/p>\n<p>Apr\u00e8s le d\u00e9jeuner, nous nous rendrons au point de vue situ\u00e9 au Pico da Barrosa (le deuxi\u00e8me point le plus \u00e9lev\u00e9 de l&rsquo;\u00eele ). Nous avons \u00e9galement pr\u00e9vu de nous arr\u00eater \u00e0 quelques points de vue en descendant la montagne jusqu&rsquo;\u00e0 ce que nous atteignions la Caldeira Velha (ancienne source d&rsquo;eau chaude), o\u00f9 tu pourras profiter des bains thermaux. Ensuite, nous visiterons l&rsquo;usine Mulher do Capote, o\u00f9 tu auras la chance de go\u00fbter nos liqueurs.  <\/p>\n<p>Notre aventure se poursuit en allant \u00e0 la plage de Santa B\u00e1rbara, \u00e0 Ribeira Grande, et \u00e0 la fin, nous visiterons la plantation d&rsquo;ananas situ\u00e9e \u00e0 Faj\u00e3 de Baixo \u00e0 Ponta Delgada<\/p>\n<p><strong>Emplacements des arr\u00eats s\u00e9lectionn\u00e9s :<\/strong><\/p>\n<ul>\n<li>Point de vue Visite d&rsquo;une plantation d&rsquo;ananas (Faj\u00e3 de Baixo, Ponta Delgada)<\/li>\n<li>Point de vue Carv\u00e3o (Sete Cidades, Ponta Delgada)<\/li>\n<li>Point de vue Lagoa do Can\u00e1rio (Sete Cidades, Ponta Delgada)<\/li>\n<li>Point de vue Grota do Inferno (Sete Cidades, Ponta Delgada)<\/li>\n<li>Point de vue Vista do Rei (Sete Cidades, Ponta Delgada)<\/li>\n<li>Point de vue Cerrado das Freiras (Sete Cidades, Ponta Delgada)<\/li>\n<li>Point de vue Lagoa do Santiago (Sete Cidades, Ponta Delgada)<\/li>\n<li>Visite de Lagoa das Sete Cidades (centre)<\/li>\n<li>Point de vue Pico da Barrosa (Ribeira Grande)<\/li>\n<li>Point de vue Lagoa do Fogo (Ribeira Grande)<\/li>\n<li>Bain thermal Caldeira Velha HOT Springs (facultatif) (Ribeira Grande)<\/li>\n<li>Visite de l&rsquo;usine de liqueur Mulher do Capote (Ribeira Grande)<\/li>\n<li>Visite la plage de Santa B\u00e1rbara (Ribeira Grande)<\/li>\n<\/ul>\n<p><strong>RAMASSAGE GRATUIT<\/strong><\/p>\n<p>9 h 00 Prise en charge \u00e0 l&rsquo;h\u00f4tel avec la possibilit\u00e9 de commencer plus t\u00f4t pour profiter du lever du soleil ex. 7h00. <\/p>\n<p>D\u00c9P\u00d4T<br \/>\n17:00 Arriv\u00e9e \u00e0 l&rsquo;h\u00f4tel \/ Identique au d\u00e9part<\/p>\n","protected":false},"excerpt":{"rendered":"<p>Au cours de cette visite, tu verras le c\u00f4t\u00e9 ouest, l&rsquo;\u00e9poustouflante perspective de Sete Cidades et de Vista do Rei, te donnant \u00e0 voir l&rsquo;irr\u00e9sistible lac bleu et vert ainsi que la s\u00e9duisante paroisse civile de Sete Cidades, la vue sur la montagne de Lagoa do Fogo, pour finir par le bain d&rsquo;eaux thermales magiques, pour une journ\u00e9e inoubliable au paradis.<\/p>\n<p><script src=\"https:\/\/fareharbor.com\/embeds\/script\/calendar\/intothewildazorestours\/items\/124750\/?asn=fhdn-eur&amp;asn-ref=guidetotheazores&amp;ref=guidetotheazores&amp;bookable-only=yes&amp;full-items=yes&amp;marketplace=yes&amp;flow=no&amp;branding=no\"><\/script><\/p>\n<p>Groupe : maximum 8 pax<\/p>\n<p>Dur\u00e9e : journ\u00e9e enti\u00e8re 8 heures<\/p>\n","protected":false},"featured_media":25267,"comment_status":"closed","ping_status":"closed","template":"","meta":{"_acf_changed":false},"product_brand":[19589],"product_cat":[19484,19527,19486,19500],"product_tag":[19528],"class_list":{"0":"post-25338","1":"product","2":"type-product","3":"status-publish","4":"has-post-thumbnail","6":"product_brand-sao-miguel","7":"product_cat-activites","8":"product_cat-sao-miguel","9":"product_cat-toutes-les-iles","10":"product_cat-visites-guidees","11":"product_tag-saomiguelisland","13":"first","14":"instock","15":"taxable","16":"shipping-taxable","17":"product-type-external"},"acf":[],"_links":{"self":[{"href":"https:\/\/guidetotheazores.pt\/fr\/wp-json\/wp\/v2\/product\/25338","targetHints":{"allow":["GET"]}}],"collection":[{"href":"https:\/\/guidetotheazores.pt\/fr\/wp-json\/wp\/v2\/product"}],"about":[{"href":"https:\/\/guidetotheazores.pt\/fr\/wp-json\/wp\/v2\/types\/product"}],"replies":[{"embeddable":true,"href":"https:\/\/guidetotheazores.pt\/fr\/wp-json\/wp\/v2\/comments?post=25338"}],"wp:featuredmedia":[{"embeddable":true,"href":"https:\/\/guidetotheazores.pt\/fr\/wp-json\/wp\/v2\/media\/25267"}],"wp:attachment":[{"href":"https:\/\/guidetotheazores.pt\/fr\/wp-json\/wp\/v2\/media?parent=25338"}],"wp:term":[{"taxonomy":"product_brand","embeddable":true,"href":"https:\/\/guidetotheazores.pt\/fr\/wp-json\/wp\/v2\/product_brand?post=25338"},{"taxonomy":"product_cat","embeddable":true,"href":"https:\/\/guidetotheazores.pt\/fr\/wp-json\/wp\/v2\/product_cat?post=25338"},{"taxonomy":"product_tag","embeddable":true,"href":"https:\/\/guidetotheazores.pt\/fr\/wp-json\/wp\/v2\/product_tag?post=25338"}],"curies":[{"name":"wp","href":"https:\/\/api.w.org\/{rel}","templated":true}]}}