{"id":25342,"date":"2026-05-14T12:47:22","date_gmt":"2026-05-14T13:47:22","guid":{"rendered":"https:\/\/guidetotheazores.pt\/product\/experience-de-la-nuit-de-furnas\/"},"modified":"2026-05-14T12:47:22","modified_gmt":"2026-05-14T13:47:22","slug":"experience-de-la-nuit-de-furnas","status":"publish","type":"product","link":"https:\/\/guidetotheazores.pt\/fr\/produit\/experience-de-la-nuit-de-furnas\/","title":{"rendered":"Exp\u00e9rience de la nuit de Furnas"},"content":{"rendered":"<div class=\"subsection\" data-v-a5b16f77=\"\">\n<div class=\"content-builder-markdown-view\" data-v-316d1a1e=\"\" data-v-a5b16f77=\"\">\n<h2><em>Exp\u00e9rience nocturne \u00e0 Furnas avec bain thermal et d\u00eener inclus<\/em><\/h2>\n<p>T\u00e9moigne et baigne ton corps dans les sources d&rsquo;eau chaude g\u00e9othermiques de la vall\u00e9e de Furnas la nuit, au cours d&rsquo;une sorte de grande aventure romantique enchanteresse sous les \u00e9toiles. Dans la r\u00e9gion du district de Furnas, tu pourras aussi d\u00e9guster une recette exclusive \u00e0 l&rsquo;ancienne, d\u00e9licieuse mais saine, pr\u00e9par\u00e9e sous terre \u00e0 l&rsquo;aide de la vapeur d&rsquo;eau provenant des geysers du volcan de Furnas. <\/p>\n<p><strong>Emplacements des arr\u00eats s\u00e9lectionn\u00e9s :<\/strong><\/p>\n<ul>\n<li>Visite les Caldeiras das Furnas (Furnas, Vila da Povoa\u00e7\u00e3o)<\/li>\n<li>Visite la Lagoa das Furnas (Furnas, Vila da Povoa\u00e7\u00e3o)<\/li>\n<li>Prends un bain et soigne ton esprit dans les sources chaudes de Po\u00e7a da Dona Beija (inclus dans le forfait) (Furnas, Vila da Povoa\u00e7\u00e3o).<\/li>\n<li>Mange le c\u00e9l\u00e8bre Cozido de Furnas (inclus dans le forfait) (Furnas, Vila da Povoa\u00e7\u00e3o)<\/li>\n<\/ul>\n<p><strong>RAMASSAGE GRATUIT<\/strong><\/p>\n<p>18 h 00 Prise en charge \u00e0 l&rsquo;h\u00f4tel ou dans toute autre propri\u00e9t\u00e9 r\u00e9sidentielle autour de Ponta Delgada<\/p>\n<p>D\u00c9PART<br \/>\n11:30 PM \/ 12:00 AM Arriv\u00e9e \u00e0 l&rsquo;h\u00f4tel \/ Identique au d\u00e9part<\/p>\n<\/div>\n<\/div>\n<div class=\"subsection\" data-v-a5b16f77=\"\">\n<div class=\"block\" data-v-a5b16f77=\"\"><span class=\"fh-text fh-text--body-lg fh-text--bold\" data-v-3872b9c5=\"\" data-v-a5b16f77=\"\">Ce qui est inclus<\/span><\/div>\n<div class=\"content-builder-markdown-view\" data-v-316d1a1e=\"\" data-v-a5b16f77=\"\">\n<ul>\n<li>Guide local\/chauffeur<\/li>\n<li>D\u00eener, boissons alcoolis\u00e9es, dessert et caf\u00e9 ou th\u00e9.<\/li>\n<li>Billet d&rsquo;entr\u00e9e aux thermes inclus (Po\u00e7a da Beija)<\/li>\n<li>Promenade guid\u00e9e dans la nature (adapt\u00e9e aux capacit\u00e9s des invit\u00e9s dans la camionnette).<\/li>\n<li>Prise en charge et d\u00e9p\u00f4t \u00e0 l&rsquo;int\u00e9rieur de la ville de Ponta Delgada.<\/li>\n<li>Assurance<\/li>\n<li>V\u00e9hicule climatis\u00e9<\/li>\n<\/ul>\n<\/div>\n<\/div>\n<div class=\"subsection\" data-v-a5b16f77=\"\">\n<div class=\"block\" data-v-a5b16f77=\"\"><span class=\"fh-text fh-text--body-lg fh-text--bold\" data-v-3872b9c5=\"\" data-v-a5b16f77=\"\">Ce qui n&rsquo;est pas inclus<\/span><\/div>\n<div class=\"content-builder-markdown-view\" data-v-316d1a1e=\"\" data-v-a5b16f77=\"\">\n<ul>\n<li>Location de casiers\/ douches chaudes (facultatif mais disponible)<\/li>\n<li>Serviettes\/Maillot de bain<\/li>\n<\/ul>\n<\/div>\n<\/div>\n","protected":false},"excerpt":{"rendered":"<p>T\u00e9moigne et baigne ton corps dans les sources chaudes g\u00e9othermiques de la vall\u00e9e de Furnas la nuit, au cours d&rsquo;une sorte de grande aventure romantique enchanteresse sous les \u00e9toiles.<\/p>\n<p><script src=\"https:\/\/fareharbor.com\/embeds\/script\/calendar\/intothewildazorestours\/items\/124749\/?asn=fhdn-eur&amp;asn-ref=guidetotheazores&amp;ref=guidetotheazores&amp;bookable-only=yes&amp;full-items=yes&amp;marketplace=yes&amp;flow=no&amp;branding=no\"><\/script><\/p>\n<div class=\"flex items-start gap-4 mb-4 last:mb-0\" data-v-a5b16f77=\"\">\n<div class=\"min-w-0 flex-1\"><span class=\"fh-text fh-text--body-sm fh-text--medium\" data-v-3872b9c5=\"\">Dur\u00e9e : <\/span>6 h \/ 6h 30<\/div>\n<\/div>\n<div class=\"flex items-start gap-4 mb-4 last:mb-0\" data-v-a5b16f77=\"\">\n<div class=\"mt-1 shrink-0\"><\/div>\n<div class=\"min-w-0 flex-1\"><span class=\"fh-text fh-text--body-sm fh-text--medium\" data-v-3872b9c5=\"\">Point de rencontre : <\/span>Prise en charge \u00e0 l&rsquo;h\u00f4tel ou dans toute autre propri\u00e9t\u00e9 r\u00e9sidentielle autour de Ponta Delgada.<\/div>\n<\/div>\n","protected":false},"featured_media":25283,"comment_status":"closed","ping_status":"closed","template":"","meta":{"_acf_changed":false},"product_brand":[19589],"product_cat":[19484,19527,19486,19500],"product_tag":[19528],"class_list":{"0":"post-25342","1":"product","2":"type-product","3":"status-publish","4":"has-post-thumbnail","6":"product_brand-sao-miguel","7":"product_cat-activites","8":"product_cat-sao-miguel","9":"product_cat-toutes-les-iles","10":"product_cat-visites-guidees","11":"product_tag-saomiguelisland","13":"first","14":"instock","15":"taxable","16":"shipping-taxable","17":"product-type-external"},"acf":[],"_links":{"self":[{"href":"https:\/\/guidetotheazores.pt\/fr\/wp-json\/wp\/v2\/product\/25342","targetHints":{"allow":["GET"]}}],"collection":[{"href":"https:\/\/guidetotheazores.pt\/fr\/wp-json\/wp\/v2\/product"}],"about":[{"href":"https:\/\/guidetotheazores.pt\/fr\/wp-json\/wp\/v2\/types\/product"}],"replies":[{"embeddable":true,"href":"https:\/\/guidetotheazores.pt\/fr\/wp-json\/wp\/v2\/comments?post=25342"}],"wp:featuredmedia":[{"embeddable":true,"href":"https:\/\/guidetotheazores.pt\/fr\/wp-json\/wp\/v2\/media\/25283"}],"wp:attachment":[{"href":"https:\/\/guidetotheazores.pt\/fr\/wp-json\/wp\/v2\/media?parent=25342"}],"wp:term":[{"taxonomy":"product_brand","embeddable":true,"href":"https:\/\/guidetotheazores.pt\/fr\/wp-json\/wp\/v2\/product_brand?post=25342"},{"taxonomy":"product_cat","embeddable":true,"href":"https:\/\/guidetotheazores.pt\/fr\/wp-json\/wp\/v2\/product_cat?post=25342"},{"taxonomy":"product_tag","embeddable":true,"href":"https:\/\/guidetotheazores.pt\/fr\/wp-json\/wp\/v2\/product_tag?post=25342"}],"curies":[{"name":"wp","href":"https:\/\/api.w.org\/{rel}","templated":true}]}}