{"id":25350,"date":"2026-05-14T13:03:32","date_gmt":"2026-05-14T14:03:32","guid":{"rendered":"https:\/\/guidetotheazores.pt\/product\/journee-entiere-a-furnas-visite-privee\/"},"modified":"2026-05-14T13:03:32","modified_gmt":"2026-05-14T14:03:32","slug":"journee-entiere-a-furnas-visite-privee","status":"publish","type":"product","link":"https:\/\/guidetotheazores.pt\/fr\/produit\/journee-entiere-a-furnas-visite-privee\/","title":{"rendered":"Journ\u00e9e enti\u00e8re \u00e0 Furnas &#8211; Visite priv\u00e9e"},"content":{"rendered":"<p>D\u00e9couvre la c\u00f4te sud de l&rsquo;\u00eele de Sao Miguel, en pr\u00e9sentant des paysages tels que l&rsquo;\u00eele de Vila Franca, (connue pour la plong\u00e9e Red Bull), go\u00fbte les c\u00e9l\u00e8bres g\u00e2teaux Queijadas da Vila, et fais une visite \u00e0 la chapelle de Nossa Sra da Paz.<\/p>\n<p>En te rapprochant du petit village de Furnas, tu pourras admirer la paisible Lagoa da Furnas, o\u00f9 tu pourras voir les vapeur largement reconnues, o\u00f9 les habitants pr\u00e9parent un repas connu sous le nom de Cozido das Furnas, qui sera servi aux clients.<\/p>\n<p>Prends un bon bain chaud en toute s\u00e9curit\u00e9 dans les c\u00e9l\u00e8bres sources d&rsquo;eau chaude de Furnas, en te relaxant \u00e0 l&rsquo;int\u00e9rieur, entour\u00e9 d&rsquo;un paysage unique d&rsquo;un environnement reposant et naturel, qui \u00e0 son tour, remplira ton c\u0153ur de souvenirs des A\u00e7ores.<\/p>\n<p><strong>Emplacements des arr\u00eats s\u00e9lectionn\u00e9s :<\/strong><\/p>\n<ul>\n<li>Point de vue Pis\u00e3o<\/li>\n<li>\u00celot (Vue de Vila Franca)<\/li>\n<li>Ermida da Nossa Senhora da Paz (Vila Franca)<\/li>\n<li>Lagoa das Furnas (Furnas, Vila da Povoa\u00e7\u00e3o)<\/li>\n<li>Caldeiras das Furnas (Furnas, Vila da Povoa\u00e7\u00e3o)<\/li>\n<li>Terra Nostra (facultatif) ou Po\u00e7a da Dona Beija (facultatif) (Furnas, Vila da Povoa\u00e7\u00e3o)<\/li>\n<li>Point de vue Pico do Ferro (Furnas, Vila da Povoa\u00e7\u00e3o)<\/li>\n<li>Visite de la fabrique de th\u00e9 de Gorreana (Ribeira Grande)<\/li>\n<li>Point de vue Sta Iria<\/li>\n<\/ul>\n<p><strong>RAMASSAGE GRATUIT<\/strong><\/p>\n<p>9 h 00 Prise en charge \u00e0 l&rsquo;h\u00f4tel avec la possibilit\u00e9 de commencer plus t\u00f4t pour profiter du lever du soleil ex. 7h00. <\/p>\n<p>D\u00c9P\u00d4T<br \/>\n17:00 Arriv\u00e9e \u00e0 l&rsquo;h\u00f4tel \/ Identique au d\u00e9part<\/p>\n","protected":false},"excerpt":{"rendered":"<p>D\u00e9couvre la c\u00f4te sud de l&rsquo;\u00eele de Sao Miguel, en d\u00e9couvrant des paysages tels que l&rsquo;\u00eele de Vila Franca (connue pour ses plong\u00e9es Red Bull), go\u00fbte les c\u00e9l\u00e8bres g\u00e2teaux Queijadas da Vila et visite la chapelle de Nossa Sra da Paz.<\/p>\n<p><script src=\"https:\/\/fareharbor.com\/embeds\/script\/calendar\/intothewildazorestours\/items\/124751\/?asn=fhdn-eur&amp;asn-ref=guidetotheazores&amp;ref=guidetotheazores&amp;bookable-only=yes&amp;full-items=yes&amp;marketplace=yes&amp;flow=no&amp;branding=no\"><\/script><\/p>\n<p>Groupe de 8 personnes maximum<\/p>\n<p>Dur\u00e9e : journ\u00e9e enti\u00e8re 8 heures<\/p>\n","protected":false},"featured_media":25310,"comment_status":"closed","ping_status":"closed","template":"","meta":{"_acf_changed":false},"product_brand":[19589],"product_cat":[19484,19527,19486,19500],"product_tag":[19528],"class_list":{"0":"post-25350","1":"product","2":"type-product","3":"status-publish","4":"has-post-thumbnail","6":"product_brand-sao-miguel","7":"product_cat-activites","8":"product_cat-sao-miguel","9":"product_cat-toutes-les-iles","10":"product_cat-visites-guidees","11":"product_tag-saomiguelisland","13":"first","14":"instock","15":"taxable","16":"shipping-taxable","17":"product-type-external"},"acf":[],"_links":{"self":[{"href":"https:\/\/guidetotheazores.pt\/fr\/wp-json\/wp\/v2\/product\/25350","targetHints":{"allow":["GET"]}}],"collection":[{"href":"https:\/\/guidetotheazores.pt\/fr\/wp-json\/wp\/v2\/product"}],"about":[{"href":"https:\/\/guidetotheazores.pt\/fr\/wp-json\/wp\/v2\/types\/product"}],"replies":[{"embeddable":true,"href":"https:\/\/guidetotheazores.pt\/fr\/wp-json\/wp\/v2\/comments?post=25350"}],"wp:featuredmedia":[{"embeddable":true,"href":"https:\/\/guidetotheazores.pt\/fr\/wp-json\/wp\/v2\/media\/25310"}],"wp:attachment":[{"href":"https:\/\/guidetotheazores.pt\/fr\/wp-json\/wp\/v2\/media?parent=25350"}],"wp:term":[{"taxonomy":"product_brand","embeddable":true,"href":"https:\/\/guidetotheazores.pt\/fr\/wp-json\/wp\/v2\/product_brand?post=25350"},{"taxonomy":"product_cat","embeddable":true,"href":"https:\/\/guidetotheazores.pt\/fr\/wp-json\/wp\/v2\/product_cat?post=25350"},{"taxonomy":"product_tag","embeddable":true,"href":"https:\/\/guidetotheazores.pt\/fr\/wp-json\/wp\/v2\/product_tag?post=25350"}],"curies":[{"name":"wp","href":"https:\/\/api.w.org\/{rel}","templated":true}]}}