{"id":9621,"date":"2021-05-29T04:54:02","date_gmt":"2021-05-29T05:54:02","guid":{"rendered":"https:\/\/guidetotheazores.pt\/chi-siamo\/"},"modified":"2026-01-10T07:36:48","modified_gmt":"2026-01-10T08:36:48","slug":"chi-siamo","status":"publish","type":"page","link":"https:\/\/guidetotheazores.pt\/it\/chi-siamo\/","title":{"rendered":"Chi siamo"},"content":{"rendered":"\t\t<div data-elementor-type=\"wp-page\" data-elementor-id=\"9621\" class=\"elementor elementor-9621 elementor-5233\" data-elementor-post-type=\"page\">\n\t\t\t\t\t\t<section class=\"wd-negative-gap elementor-section elementor-top-section elementor-element elementor-element-85347ea elementor-section-boxed elementor-section-height-default elementor-section-height-default\" data-id=\"85347ea\" data-element_type=\"section\" data-e-type=\"section\">\n\t\t\t\t\t\t<div class=\"elementor-container elementor-column-gap-default\">\n\t\t\t\t\t<div class=\"elementor-column elementor-col-50 elementor-top-column elementor-element elementor-element-c049de2\" data-id=\"c049de2\" data-element_type=\"column\" data-e-type=\"column\">\n\t\t\t<div class=\"elementor-widget-wrap elementor-element-populated\">\n\t\t\t\t\t\t<div class=\"elementor-element elementor-element-3efad71 elementor-widget elementor-widget-image\" data-id=\"3efad71\" data-element_type=\"widget\" data-e-type=\"widget\" data-widget_type=\"image.default\">\n\t\t\t\t<div class=\"elementor-widget-container\">\n\t\t\t\t\t\t\t\t\t\t\t\t\t\t\t<img decoding=\"async\" width=\"640\" height=\"240\" src=\"https:\/\/guidetotheazores.pt\/wp-content\/themes\/woodmart\/images\/lazy.svg\" data-src=\"https:\/\/guidetotheazores.pt\/wp-content\/uploads\/2022\/02\/GttA-Banner-for-Emails-1.jpg\" class=\" wd-lazy-fade attachment-large size-large wp-image-9565\" alt=\"\" srcset=\"\" data-srcset=\"https:\/\/guidetotheazores.pt\/wp-content\/uploads\/2022\/02\/GttA-Banner-for-Emails-1.jpg 640w, https:\/\/guidetotheazores.pt\/wp-content\/uploads\/2022\/02\/GttA-Banner-for-Emails-1-300x113.jpg 300w, https:\/\/guidetotheazores.pt\/wp-content\/uploads\/2022\/02\/GttA-Banner-for-Emails-1-561x210.jpg 561w, https:\/\/guidetotheazores.pt\/wp-content\/uploads\/2022\/02\/GttA-Banner-for-Emails-1-265x99.jpg 265w, https:\/\/guidetotheazores.pt\/wp-content\/uploads\/2022\/02\/GttA-Banner-for-Emails-1-531x199.jpg 531w, https:\/\/guidetotheazores.pt\/wp-content\/uploads\/2022\/02\/GttA-Banner-for-Emails-1-364x137.jpg 364w, https:\/\/guidetotheazores.pt\/wp-content\/uploads\/2022\/02\/GttA-Banner-for-Emails-1-608x228.jpg 608w, https:\/\/guidetotheazores.pt\/wp-content\/uploads\/2022\/02\/GttA-Banner-for-Emails-1-313x117.jpg 313w, https:\/\/guidetotheazores.pt\/wp-content\/uploads\/2022\/02\/GttA-Banner-for-Emails-1-600x225.jpg 600w\" sizes=\"(max-width: 640px) 100vw, 640px\">\t\t\t\t\t\t\t\t\t\t\t\t\t\t\t<\/div>\n\t\t\t\t<\/div>\n\t\t\t\t\t<\/div>\n\t\t<\/div>\n\t\t\t\t<div class=\"elementor-column elementor-col-50 elementor-top-column elementor-element elementor-element-2033f7d\" data-id=\"2033f7d\" data-element_type=\"column\" data-e-type=\"column\">\n\t\t\t<div class=\"elementor-widget-wrap elementor-element-populated\">\n\t\t\t\t\t\t<div class=\"elementor-element elementor-element-ddc073b elementor-widget elementor-widget-heading\" data-id=\"ddc073b\" data-element_type=\"widget\" data-e-type=\"widget\" data-widget_type=\"heading.default\">\n\t\t\t\t<div class=\"elementor-widget-container\">\n\t\t\t\t\t<h2 class=\"elementor-heading-title elementor-size-default\">Guida delle Azzorre ti invita a <br>partecipare a un nuovo progetto online innovativo ed entusiasmante <br><\/h2>\t\t\t\t<\/div>\n\t\t\t\t<\/div>\n\t\t\t\t\t<\/div>\n\t\t<\/div>\n\t\t\t\t\t<\/div>\n\t\t<\/section>\n\t\t\t\t<section class=\"wd-negative-gap elementor-section elementor-top-section elementor-element elementor-element-e9e5806 elementor-section-boxed elementor-section-height-default elementor-section-height-default\" data-id=\"e9e5806\" data-element_type=\"section\" data-e-type=\"section\">\n\t\t\t\t\t\t<div class=\"elementor-container elementor-column-gap-default\">\n\t\t\t\t\t<div class=\"elementor-column elementor-col-100 elementor-top-column elementor-element elementor-element-8a99958\" data-id=\"8a99958\" data-element_type=\"column\" data-e-type=\"column\">\n\t\t\t<div class=\"elementor-widget-wrap elementor-element-populated\">\n\t\t\t\t\t\t<div class=\"elementor-element elementor-element-fda3132 elementor-widget-divider--view-line elementor-widget elementor-widget-divider\" data-id=\"fda3132\" data-element_type=\"widget\" data-e-type=\"widget\" data-widget_type=\"divider.default\">\n\t\t\t\t<div class=\"elementor-widget-container\">\n\t\t\t\t\t\t\t<div class=\"elementor-divider\">\n\t\t\t<span class=\"elementor-divider-separator\">\n\t\t\t\t\t\t<\/span>\n\t\t<\/div>\n\t\t\t\t\t\t<\/div>\n\t\t\t\t<\/div>\n\t\t\t\t\t<\/div>\n\t\t<\/div>\n\t\t\t\t\t<\/div>\n\t\t<\/section>\n\t\t\t\t<section class=\"wd-negative-gap elementor-section elementor-top-section elementor-element elementor-element-f777ac6 elementor-section-boxed elementor-section-height-default elementor-section-height-default\" data-id=\"f777ac6\" data-element_type=\"section\" data-e-type=\"section\">\n\t\t\t\t\t\t<div class=\"elementor-container elementor-column-gap-default\">\n\t\t\t\t\t<div class=\"elementor-column elementor-col-100 elementor-top-column elementor-element elementor-element-41fd06b\" data-id=\"41fd06b\" data-element_type=\"column\" data-e-type=\"column\">\n\t\t\t<div class=\"elementor-widget-wrap elementor-element-populated\">\n\t\t\t\t\t\t<div class=\"elementor-element elementor-element-4f405ff elementor-widget elementor-widget-heading\" data-id=\"4f405ff\" data-element_type=\"widget\" data-e-type=\"widget\" data-widget_type=\"heading.default\">\n\t\t\t\t<div class=\"elementor-widget-container\">\n\t\t\t\t\t<h2 class=\"elementor-heading-title elementor-size-default\">Diventa un pioniere del primo mercato online del turismo 100% locale <br>e degli alloggi.<\/h2>\t\t\t\t<\/div>\n\t\t\t\t<\/div>\n\t\t\t\t\t<\/div>\n\t\t<\/div>\n\t\t\t\t\t<\/div>\n\t\t<\/section>\n\t\t\t\t<section class=\"wd-negative-gap elementor-section elementor-top-section elementor-element elementor-element-4c7ea2a2 elementor-section-boxed elementor-section-height-default elementor-section-height-default\" data-id=\"4c7ea2a2\" data-element_type=\"section\" data-e-type=\"section\">\n\t\t\t\t\t\t<div class=\"elementor-container elementor-column-gap-default\">\n\t\t\t\t\t<div class=\"elementor-column elementor-col-100 elementor-top-column elementor-element elementor-element-70cc74e6\" data-id=\"70cc74e6\" data-element_type=\"column\" data-e-type=\"column\">\n\t\t\t<div class=\"elementor-widget-wrap elementor-element-populated\">\n\t\t\t\t\t\t<div class=\"elementor-element elementor-element-8ccb7f1 color-scheme-inherit text-left elementor-widget elementor-widget-text-editor\" data-id=\"8ccb7f1\" data-element_type=\"widget\" data-e-type=\"widget\" data-widget_type=\"text-editor.default\">\n\t\t\t\t<div class=\"elementor-widget-container\">\n\t\t\t\t\t\t\t\t\t<h3><b>La crescita del settore turistico deve andare a beneficio in primo luogo delle imprese e della popolazione locale.<\/b><\/h3><p>Le Azzorre stanno rapidamente diventando un grande luogo di vacanza. Negli ultimi anni il numero di turisti e appassionati di natura che visitano l&#8217;isola \u00e8 in costante crescita, con un ritmo dell&#8217;11% su base annua e del 54,8% negli ultimi 5 anni (fonte SREA).  <\/p><p>La crescita del turismo nelle Azzorre negli ultimi anni ha aperto molte opportunit\u00e0 di sviluppo per le isole. Oltre alla ricchezza generata, che ha un peso crescente nel PIL delle Azzorre, il turismo sostenibile pu\u00f2 anche dare impulso allo sviluppo umano, all&#8217;istruzione e alla formazione professionale, alle infrastrutture e ai trasporti. Inoltre, lo sviluppo del settore del turismo sostenibile pu\u00f2 creare una maggiore consapevolezza ambientale nelle autorit\u00e0 e nella popolazione locale. Dopo tutto, la nostra natura unica e incontaminata \u00e8 il prodotto che i nostri clienti cercano. Ma perch\u00e9 queste prospettive positive di sviluppo si realizzino, \u00e8 necessario che le entrate vadano a beneficio dell&#8217;economia locale.  <\/p><p>Questa crescita, che si prevede aumenter\u00e0, attirer\u00e0 necessariamente grandi aziende esterne, con grandi budget di marketing che lasceranno poco spazio alle imprese locali. Inoltre, i grandi portali turistici globali applicano tariffe e commissioni elevate, facendo s\u00ec che una parte sostanziale del denaro speso dal turista vada al di fuori delle Azzorre, invece di andare a beneficio dell&#8217;economia locale.  <\/p><p>Questa \u00e8 la grande domanda: chi beneficer\u00e0 di questa crescita del turismo? Crediamo che Guide to the Azores possa fare la differenza. <\/p><h3><b>Un mercato del turismo sostenibile per le imprese locali  <\/b><\/h3><p><b>Le piccole imprese hanno una quantit\u00e0 limitata di tempo e denaro da dedicare al marketing, mentre i grandi operatori turistici ne hanno in abbondanza.<\/b>  \u00c8 un dato di fatto che i potenziali clienti si affidano a Internet per trovare e scegliere dove dormire, cosa fare e come muoversi, una volta scelto il luogo dove trascorrere le vacanze.  <strong>La possibilit\u00e0 che la vostra azienda venga scelta dipende dalla presenza nei primi 5 posti dei motori di ricerca come Google.<\/strong>  In caso contrario, le possibilit\u00e0 di essere scelti sono prossime allo zero. Per apparire sui grandi siti online, come le note societ\u00e0 di prenotazione, dovrete pagare pesanti commissioni in cambio di visibilit\u00e0.  <\/p><p><strong>La nostra proposta \u00e8 quella di avere un sito web in cui tutte le piccole imprese locali possano mostrare direttamente i loro annunci,<\/strong> come alloggi, tour, attivit\u00e0, servizi e persino pacchetti preparati. <strong>Ogni partner avr\u00e0 il proprio negozio online e tutti saranno promossi da una campagna di marketing ad ampio raggio e persistente<\/strong> attraverso i motori di ricerca, i social network e la pubblicit\u00e0 online a pagamento. Cresceremo insieme!<\/p><p>Pi\u00f9 che un altro sito web di informazioni turistiche sulle Azzorre, <strong>Guide to the Azores \u00e8 un vero e proprio negozio online che vi offre la possibilit\u00e0 di vendere i vostri prodotti direttamente al cliente, aumentando la vostra esposizione online e generando pi\u00f9 affari <\/strong>.  <\/p><h3><b>Commissioni basse<\/b><\/h3><p>Guida delle Azzorre applica <strong>commissioni basse<\/strong>: 12%. Ci<span style=\"font-size: 16px; color: #646464; text-align: start; -webkit-text-stroke-color: #646464; background-color: var(--wd-main-bgcolor);\">impegniamo a mantenerle significativamente pi\u00f9 basse rispetto agli altri operatori come Booking, AirBNB, Viator, Getyouguide ecc.<\/span> <\/p><p><b>Non ci sono spese nascoste, n\u00e9 canoni mensili, niente. <\/b><\/p><p>Cos\u00ec, <b>a rischio zero e a costi ridotti, potrete ottenere un maggiore accesso ai clienti che cercate<\/b> in un sito web moderno, dinamico, ben presentato e gestito in modo professionale, moltiplicando la portata dei vostri prodotti.  <\/p><h3><b>Come funziona?  <\/b><\/h3><p><b>Ogni partner riceve un proprio negozio online per inserire i propri prodotti, alloggi, attivit\u00e0, servizi e offerte.<\/b>  Tutti i prodotti saranno catalogati e ricercabili.  <\/p><p><strong style=\"font-size: 18px; background-color: var(--wd-main-bgcolor);\">Riceverai un supporto tecnico diretto e personale per configurare il tuo negozio<\/strong>, <span style=\"font-size: 18px; background-color: var(--wd-main-bgcolor);\">creare offerte, caricare contenuti, ricevere report periodici sulle vendite e sulla<\/span> visibilit\u00e0. <\/p><p><strong style=\"font-size: 18px; background-color: var(--wd-main-bgcolor);\">I pagamenti da parte dei clienti saranno elaborati dalla Piattaforma GttA utilizzando canali sicuri al 100% come Stripe e Paypal, che supportano tutte le principali carte di credito, tra cui ovviamente Visa e Mastercard.<\/strong> <span style=\"color: #646464; font-family: 'Exo 2'; font-size: 16px; font-style: normal; font-variant-ligatures: normal; font-variant-caps: normal; font-weight: 400; text-align: start; -webkit-text-stroke-color: #646464; background-color: var(--wd-main-bgcolor); font-kerning: none;\">Alla fine di ogni mese ti verr\u00e0 accreditato tramite bonifico bancario l&#8217;importo totale meno le commissioni per la GTTA (e le commissioni per le carte, se presenti) dei servizi\/alloggi completati. OCEANETWORK <\/span><span style=\"color: #646464; font-size: 16px; font-style: normal; font-variant: normal; font-weight: normal; text-align: start; -webkit-text-stroke-color: #646464; background-color: var(--wd-main-bgcolor); font-optical-sizing: auto; font-feature-settings: normal; font-variation-settings: normal; font-stretch: normal; line-height: normal; font-family: Helvetica; font-kerning: none;\">sar\u00e0 poi emesso a  <\/span><span style=\"color: #646464; font-family: 'Exo 2'; font-size: 16px; font-style: normal; font-variant-ligatures: normal; font-variant-caps: normal; font-weight: 400; text-align: start; -webkit-text-stroke-color: #646464; background-color: var(--wd-main-bgcolor); font-kerning: none;\">PARTNER una fattura con le commissioni GTTA concordate (e le commissioni della carta, se presenti) utilizzando un software di fatturazione portoghese autorizzato. L&#8217;importo dei pagamenti in sospeso viene visualizzato nella sezione &#8220;Prelievi&#8221; del PARTNER STORE all&#8217;interno dell&#8217;area riservata di GTTA.  <\/span><\/p><p><strong>Cresciamo insieme<\/strong>: La maggiore visibilit\u00e0, le vendite e i clienti soddisfatti che otterrete dal vostro negozio andranno a vantaggio dell&#8217;intero sito e di tutti i partner.  <\/p><p><strong>GTTA \u00e8 di propriet\u00e0 di OceaNetwork LDA, un&#8217;azienda al 100% di propriet\u00e0 di residenti che hanno scelto le Azzorre (Faial) come loro nuova casa.<\/strong>  Il ricavato sar\u00e0 reinvestito esclusivamente in progetti locali<\/p><p><a style=\"background-color: initial;\" href=\"https:\/\/guidetotheazores.pt\/it\/contattateci\/\" target=\"_blank\" rel=\"noopener\">Contattateci<\/a> e aiutateci a costruire un mercato del turismo sostenibile delle Azzorre, equo e di successo, oppure:<\/p>\t\t\t\t\t\t\t\t<\/div>\n\t\t\t\t<\/div>\n\t\t\t\t\t<\/div>\n\t\t<\/div>\n\t\t\t\t\t<\/div>\n\t\t<\/section>\n\t\t\t\t<section class=\"wd-negative-gap elementor-section elementor-top-section elementor-element elementor-element-23a759b elementor-section-boxed elementor-section-height-default elementor-section-height-default\" data-id=\"23a759b\" data-element_type=\"section\" data-e-type=\"section\">\n\t\t\t\t\t\t<div class=\"elementor-container elementor-column-gap-default\">\n\t\t\t\t\t<div class=\"elementor-column elementor-col-100 elementor-top-column elementor-element elementor-element-c77f26a\" data-id=\"c77f26a\" data-element_type=\"column\" data-e-type=\"column\">\n\t\t\t<div class=\"elementor-widget-wrap elementor-element-populated\">\n\t\t\t\t\t\t<div class=\"elementor-element elementor-element-ec1a935 elementor-widget elementor-widget-heading\" data-id=\"ec1a935\" data-element_type=\"widget\" data-e-type=\"widget\" data-widget_type=\"heading.default\">\n\t\t\t\t<div class=\"elementor-widget-container\">\n\t\t\t\t\t<h2 class=\"elementor-heading-title elementor-size-default\"><a href=\"https:\/\/guidetotheazores.pt\/my-account\/?action=register\">Unisciti a noi ora! Registrati come Partner e aiutaci a <br>a costruire un mercato del turismo sostenibile di successo!<\/a><\/h2>\t\t\t\t<\/div>\n\t\t\t\t<\/div>\n\t\t\t\t\t<\/div>\n\t\t<\/div>\n\t\t\t\t\t<\/div>\n\t\t<\/section>\n\t\t\t\t<\/div>\n\t\t","protected":false},"excerpt":{"rendered":"<p>Guida delle Azzorre ti invita a partecipare a un nuovo progetto online innovativo ed entusiasmante Diventa un pioniere del primo<\/p>\n","protected":false},"author":1,"featured_media":0,"parent":0,"menu_order":0,"comment_status":"closed","ping_status":"closed","template":"","meta":{"_acf_changed":false,"footnotes":""},"class_list":["post-9621","page","type-page","status-publish","hentry"],"acf":[],"_links":{"self":[{"href":"https:\/\/guidetotheazores.pt\/it\/wp-json\/wp\/v2\/pages\/9621","targetHints":{"allow":["GET"]}}],"collection":[{"href":"https:\/\/guidetotheazores.pt\/it\/wp-json\/wp\/v2\/pages"}],"about":[{"href":"https:\/\/guidetotheazores.pt\/it\/wp-json\/wp\/v2\/types\/page"}],"author":[{"embeddable":true,"href":"https:\/\/guidetotheazores.pt\/it\/wp-json\/wp\/v2\/users\/1"}],"replies":[{"embeddable":true,"href":"https:\/\/guidetotheazores.pt\/it\/wp-json\/wp\/v2\/comments?post=9621"}],"version-history":[{"count":3,"href":"https:\/\/guidetotheazores.pt\/it\/wp-json\/wp\/v2\/pages\/9621\/revisions"}],"predecessor-version":[{"id":19977,"href":"https:\/\/guidetotheazores.pt\/it\/wp-json\/wp\/v2\/pages\/9621\/revisions\/19977"}],"wp:attachment":[{"href":"https:\/\/guidetotheazores.pt\/it\/wp-json\/wp\/v2\/media?parent=9621"}],"curies":[{"name":"wp","href":"https:\/\/api.w.org\/{rel}","templated":true}]}}