{"id":11373,"date":"2023-02-28T19:37:46","date_gmt":"2023-02-28T20:37:46","guid":{"rendered":"https:\/\/guidetotheazores.pt\/product\/visita-privata-di-unintera-giornata-a-pico\/"},"modified":"2026-02-01T10:00:03","modified_gmt":"2026-02-01T11:00:03","slug":"visita-privata-di-unintera-giornata-a-pico","status":"publish","type":"product","link":"https:\/\/guidetotheazores.pt\/it\/prodotto\/visita-privata-di-unintera-giornata-a-pico\/","title":{"rendered":"Visita privata di un&#8217;intera giornata a Pico"},"content":{"rendered":"<p class=\"MsoNormal\" style=\"line-height: normal;\"><b><span style=\"font-size: 12.0pt; font-family: 'Georgia',serif; color: #333333;\">Punti salienti del tour:<\/span><\/b><\/p>\n<ul type=\"disc\">\n<li class=\"MsoNormal\" style=\"line-height: normal;\"><span style=\"font-family: Georgia, serif;\">Passaggio in traghetto per Madalena do Pico<\/span><\/li>\n<li>Cria\u00e7\u00e3o Velha<\/li>\n<li>Porto do Calhau<\/li>\n<li>Farol de S\u00e3o Mateus<\/li>\n<li>Lajes do Pico<\/li>\n<li>Vigia da Queimada<\/li>\n<li>Calheta de Nesquim<\/li>\n<li>Ponta da Ilha<\/li>\n<li>Miradouro da Terr&#8217;Alta<\/li>\n<li>Parco Floreale di Prainha<\/li>\n<li>S\u00e3o Roque da Pico<\/li>\n<li>Madalena do Pico<\/li>\n<\/ul>\n<p class=\"MsoNormal\" style=\"line-height: normal;\"><b><span lang=\"EN-GB\" style=\"font-size: 12.0pt; font-family: 'Georgia',serif; color: #333333;\">Punto di incontro\/prelievo:<\/span><\/b><\/p>\n<p class=\"MsoNormal\" style=\"line-height: normal;\"><span lang=\"EN-GB\" style=\"font-size: 12.0pt; font-family: 'Georgia',serif; color: #333333;\">Vi veniamo a prendere direttamente al vostro alloggio o in qualsiasi luogo di vostra scelta a Faial. In alternativa possiamo incontrarci direttamente al terminal dei traghetti.  <\/span><span style=\"font-size: 12.0pt; font-family: 'Georgia',serif; color: #333333;\">Fateci sapere la vostra preferenza!<\/span><\/p>\n<p class=\"MsoNormal\" style=\"line-height: normal;\"><b><span style=\"font-size: 12.0pt; font-family: 'Georgia',serif; color: #333333;\">Informazioni importanti:<\/span><\/b><\/p>\n<ul type=\"disc\">\n<li>Si prega di portare con s\u00e9 un documento d&#8217;identit\u00e0 \/ passaporto per il passaggio in traghetto.<\/li>\n<li class=\"MsoNormal\" style=\"color: #333333; line-height: normal;\"><span lang=\"EN-GB\" style=\"font-size: 12.0pt; font-family: 'Georgia',serif;\">Non dimenticate la vostra fotocamera e caricatela completamente<\/span><\/li>\n<li class=\"MsoNormal\" style=\"color: #333333; line-height: normal;\"><span lang=\"EN-GB\" style=\"font-size: 12.0pt; font-family: 'Georgia',serif;\">Indossare un abbigliamento adeguato, il tempo pu\u00f2 cambiare rapidamente<\/span><\/li>\n<li class=\"MsoNormal\" style=\"color: #333333; line-height: normal;\"><span style=\"font-size: 12.0pt; font-family: 'Georgia',serif;\">Indossare scarpe buone e comode<\/span><\/li>\n<li class=\"MsoNormal\" style=\"color: #333333; line-height: normal;\"><span style=\"font-size: 12.0pt; font-family: 'Georgia',serif;\">Non accessibile alle sedie a rotelle<\/span><\/li>\n<li class=\"MsoNormal\" style=\"color: #333333; line-height: normal;\"><span style=\"font-size: 12.0pt; font-family: 'Georgia',serif;\">Accessibile ai passeggini<\/span><\/li>\n<li class=\"MsoNormal\" style=\"color: #333333; line-height: normal;\"><span style=\"font-size: 12.0pt; font-family: 'Georgia',serif;\">Sono ammessi gli animali di servizio<\/span><\/li>\n<li class=\"MsoNormal\" style=\"color: #333333; line-height: normal;\"><span lang=\"EN-GB\" style=\"font-size: 12.0pt; font-family: 'Georgia',serif;\">Visita guidata privata per un massimo di 6 partecipanti<\/span><\/li>\n<li class=\"MsoNormal\" style=\"color: #333333; line-height: normal;\"><span lang=\"EN-GB\" style=\"font-size: 12.0pt; font-family: 'Georgia',serif;\">Per gruppi pi\u00f9 numerosi e per le tariffe per bambini, contattateci direttamente.<\/span><\/li>\n<\/ul>\n<p class=\"MsoNormal\" style=\"line-height: normal;\"><b><span style=\"font-size: 12.0pt; font-family: 'Georgia',serif; color: #333333;\">Incluso nel tour:<\/span><\/b><\/p>\n<ul type=\"disc\">\n<li class=\"MsoNormal\" style=\"color: #333333; line-height: normal;\"><span style=\"font-size: 12.0pt; font-family: 'Georgia',serif;\">Tante storie<\/span><\/li>\n<li class=\"MsoNormal\" style=\"color: #333333; line-height: normal;\"><span style=\"font-size: 12.0pt; font-family: 'Georgia',serif;\">Ricco pranzo al sacco con bevande<\/span><\/li>\n<li>Cena leggera con picnic e bevande<\/li>\n<li class=\"MsoNormal\" style=\"color: #333333; line-height: normal;\"><span style=\"font-size: 12.0pt; font-family: 'Georgia',serif;\">Snack e bevande<\/span><\/li>\n<li class=\"MsoNormal\" style=\"color: #333333; line-height: normal;\"><span style=\"font-size: 12.0pt; font-family: 'Georgia',serif;\">Assicurazione infortuni personali<\/span><\/li>\n<li class=\"MsoNormal\" style=\"color: #333333; line-height: normal;\"><span style=\"font-size: 12.0pt; font-family: 'Georgia',serif;\">Assicurazione di responsabilit\u00e0 civile<\/span><\/li>\n<\/ul>\n<p>&nbsp;<\/p>\n","protected":false},"excerpt":{"rendered":"<p>Questa escursione di un giorno intero a Pico dura circa 8-9 ore, durante le quali vedrai in un giorno molto lungo tutti i punti salienti della vicina isola di Pico. Il tour \u00e8 perfetto per i visitatori di Faial che vogliono avere un quadro completo di Pico.Pico, tutto ci\u00f2 che dovete vedere \u00e8 un viaggio all inclusive dal vostro alloggio a Faial, compresi i trasferimenti in traghetto, ai principali punti di riferimento di Pico. A causa delle dimensioni dell&#8217;isola, Pico \u00e8 lunga pi\u00f9 di 60 km, passerete molto tempo in macchina, ma come ricompensa vi porteremo in giro per l&#8217;isola di Pico. A seconda degli orari dei traghetti, partirai da Faial tra le 7 e le 9 del mattino e tornerai la sera tra le 16 e le 18 circa. All&#8217;ora di pranzo faremo un ricco picnic in uno dei parchi ricreativi di Pico.<\/p>\n","protected":false},"featured_media":10430,"comment_status":"open","ping_status":"closed","template":"","meta":{"_acf_changed":false},"product_brand":[],"product_cat":[19256,19261,637,19257],"product_tag":[19326],"class_list":{"0":"post-11373","1":"product","2":"type-product","3":"status-publish","4":"has-post-thumbnail","6":"product_cat-attivita","7":"product_cat-pico-it","8":"product_cat-tutte-le-isole","9":"product_cat-visite-guidate","10":"product_tag-isoladipico","12":"first","13":"instock","14":"virtual","15":"sold-individually","16":"taxable","17":"purchasable","18":"product-type-phive_booking"},"acf":[],"_links":{"self":[{"href":"https:\/\/guidetotheazores.pt\/it\/wp-json\/wp\/v2\/product\/11373","targetHints":{"allow":["GET"]}}],"collection":[{"href":"https:\/\/guidetotheazores.pt\/it\/wp-json\/wp\/v2\/product"}],"about":[{"href":"https:\/\/guidetotheazores.pt\/it\/wp-json\/wp\/v2\/types\/product"}],"replies":[{"embeddable":true,"href":"https:\/\/guidetotheazores.pt\/it\/wp-json\/wp\/v2\/comments?post=11373"}],"wp:featuredmedia":[{"embeddable":true,"href":"https:\/\/guidetotheazores.pt\/it\/wp-json\/wp\/v2\/media\/10430"}],"wp:attachment":[{"href":"https:\/\/guidetotheazores.pt\/it\/wp-json\/wp\/v2\/media?parent=11373"}],"wp:term":[{"taxonomy":"product_brand","embeddable":true,"href":"https:\/\/guidetotheazores.pt\/it\/wp-json\/wp\/v2\/product_brand?post=11373"},{"taxonomy":"product_cat","embeddable":true,"href":"https:\/\/guidetotheazores.pt\/it\/wp-json\/wp\/v2\/product_cat?post=11373"},{"taxonomy":"product_tag","embeddable":true,"href":"https:\/\/guidetotheazores.pt\/it\/wp-json\/wp\/v2\/product_tag?post=11373"}],"curies":[{"name":"wp","href":"https:\/\/api.w.org\/{rel}","templated":true}]}}