{"id":11378,"date":"2023-02-28T21:19:38","date_gmt":"2023-02-28T22:19:38","guid":{"rendered":"https:\/\/guidetotheazores.pt\/product\/escursione-privata-di-mezza-giornata-intorno-alla-caldeira\/"},"modified":"2026-02-01T10:00:16","modified_gmt":"2026-02-01T11:00:16","slug":"escursione-privata-di-mezza-giornata-intorno-alla-caldeira","status":"publish","type":"product","link":"https:\/\/guidetotheazores.pt\/it\/prodotto\/escursione-privata-di-mezza-giornata-intorno-alla-caldeira\/","title":{"rendered":"Escursione privata di mezza giornata intorno alla Caldeira"},"content":{"rendered":"<p><strong>Punti salienti del tour:<\/strong><\/p>\n<ul>\n<li>Vista mozzafiato su Faial e sulle isole vicine<\/li>\n<li>Caldeira do Faial<\/li>\n<li>Cabe\u00e7o Gordo<\/li>\n<\/ul>\n<p><strong>Punto di incontro\/prelievo:<\/strong><\/p>\n<p>Questo tour di mezza giornata inizia alle 9:00 o alle 14:00, vi preghiamo di comunicarci l&#8217;orario che preferite. Vi veniamo a prendere direttamente al vostro alloggio o in qualsiasi luogo di vostra scelta a Faial. In alternativa, possiamo incontrarci nella citt\u00e0 di Horta presso il Largo Dr. Manuel de Arriaga, nella piazza di fronte all&#8217;Hotel do Canal. Fateci sapere la vostra preferenza!<\/p>\n<p><strong>Informazioni importanti:<\/strong><\/p>\n<ul>\n<li>Non dimenticate la vostra fotocamera e caricatela completamente<\/li>\n<li>Indossare un abbigliamento adeguato, il tempo pu\u00f2 cambiare rapidamente<\/li>\n<li>Indossare scarpe buone e comode<\/li>\n<li>I viaggiatori devono avere un livello di forma fisica moderato<\/li>\n<li>Non \u00e8 raccomandato per chi viaggia in gravidanza<\/li>\n<li>Non \u00e8 raccomandato ai viaggiatori con problemi cardiaci o altre condizioni mediche gravi.<\/li>\n<li>Consigliato solo in buone condizioni atmosferiche<\/li>\n<li>Visita guidata privata per un massimo di 6 partecipanti<\/li>\n<li>Per gruppi pi\u00f9 numerosi e per le tariffe per bambini, contattateci direttamente.<\/li>\n<\/ul>\n<p><strong>Incluso nel tour:<\/strong><\/p>\n<ul>\n<li>Tante storie<\/li>\n<li>Snack e bevande<\/li>\n<li>Assicurazione infortuni personali<\/li>\n<li>Assicurazione di responsabilit\u00e0 civile<\/li>\n<\/ul>\n","protected":false},"excerpt":{"rendered":"<p>Le escursioni intorno alla Caldeira sono un&#8217;esperienza da non perdere se si visita Faial. Questo cono vulcanico crollato \u00e8 uno dei principali punti di riferimento di Faial. Con un diametro di 2 km, \u00e8 un&#8217;impressionante testimonianza della forza della natura. Il percorso attorno al perimetro \u00e8 lungo circa 7 km e pu\u00f2 essere percorso in due o tre ore. L&#8217;escursione intorno alla Caldeira \u00e8 fisicamente facile, ma chi soffre di vertigini potrebbe trovare un paio di passaggi ben protetti un po&#8217; impegnativi. Questa escursione vale la pena di essere fatta solo se il tempo \u00e8 sereno e il vento non \u00e8 troppo forte. Sarete ricompensati con viste mozzafiato sulle isole vicine e sulla natura incontaminata.<\/p>\n","protected":false},"featured_media":10409,"comment_status":"open","ping_status":"closed","template":"","meta":{"_acf_changed":false},"product_brand":[],"product_cat":[19256,638,637,19257],"product_tag":[19332],"class_list":{"0":"post-11378","1":"product","2":"type-product","3":"status-publish","4":"has-post-thumbnail","6":"product_cat-attivita","7":"product_cat-faial-it","8":"product_cat-tutte-le-isole","9":"product_cat-visite-guidate","10":"product_tag-isoladifaial","12":"first","13":"instock","14":"virtual","15":"sold-individually","16":"taxable","17":"purchasable","18":"product-type-phive_booking"},"acf":[],"_links":{"self":[{"href":"https:\/\/guidetotheazores.pt\/it\/wp-json\/wp\/v2\/product\/11378","targetHints":{"allow":["GET"]}}],"collection":[{"href":"https:\/\/guidetotheazores.pt\/it\/wp-json\/wp\/v2\/product"}],"about":[{"href":"https:\/\/guidetotheazores.pt\/it\/wp-json\/wp\/v2\/types\/product"}],"replies":[{"embeddable":true,"href":"https:\/\/guidetotheazores.pt\/it\/wp-json\/wp\/v2\/comments?post=11378"}],"wp:featuredmedia":[{"embeddable":true,"href":"https:\/\/guidetotheazores.pt\/it\/wp-json\/wp\/v2\/media\/10409"}],"wp:attachment":[{"href":"https:\/\/guidetotheazores.pt\/it\/wp-json\/wp\/v2\/media?parent=11378"}],"wp:term":[{"taxonomy":"product_brand","embeddable":true,"href":"https:\/\/guidetotheazores.pt\/it\/wp-json\/wp\/v2\/product_brand?post=11378"},{"taxonomy":"product_cat","embeddable":true,"href":"https:\/\/guidetotheazores.pt\/it\/wp-json\/wp\/v2\/product_cat?post=11378"},{"taxonomy":"product_tag","embeddable":true,"href":"https:\/\/guidetotheazores.pt\/it\/wp-json\/wp\/v2\/product_tag?post=11378"}],"curies":[{"name":"wp","href":"https:\/\/api.w.org\/{rel}","templated":true}]}}