{"id":11380,"date":"2023-06-02T12:58:24","date_gmt":"2023-06-02T13:58:24","guid":{"rendered":"https:\/\/guidetotheazores.pt\/product\/collina-di-haven\/"},"modified":"2026-02-01T10:01:54","modified_gmt":"2026-02-01T11:01:54","slug":"haven-hill-villa-horta","status":"publish","type":"product","link":"https:\/\/guidetotheazores.pt\/it\/prodotto\/haven-hill-villa-horta\/","title":{"rendered":"Villa Haven Hill"},"content":{"rendered":"<p>Haven Hill \u00e8 una villa modernamente ristrutturata da Azores Properties. Situato a Horta, in una tenuta privata di 23.000 m2. Sul terreno ci sono 5 cavalli, quindi per le persone allergiche ai cavalli questo potrebbe essere un problema. Dispone di diverse camere da letto, una piscina, aria condizionata, privacy e due terrazze con una vista unica sulla baia di Horta e verso l&#8217;isola di Pico e S\u00e3o Jorge. La casa dispone di un ampio soggiorno con cucina a vista. Per la cena c&#8217;\u00e8 un tavolo all&#8217;esterno con 8 posti a sedere e uno in casa per 8 persone. Ci sono due bagni, uno con wc e bidet, l&#8217;altro con wc e un ulteriore wc nel corridoio. Viaggiare nella citt\u00e0 di Horta sar\u00e0 sicuramente pi\u00f9 piacevole che mai. Questo alloggio \u00e8 ideale se viaggiate con la famiglia o se desiderate pi\u00f9 spazio e tranquillit\u00e0 da soli o in coppia. La casa \u00e8 completamente arredata e dotata di tutto il necessario per una vacanza esclusiva sull&#8217;isola di Faial.<\/p>\n","protected":false},"excerpt":{"rendered":"<p>Haven Hill \u00e8 una villa modernamente ristrutturata da Azores Properties. Situato a Horta, in una tenuta privata di 23.000 m2. Ha diverse camere da letto, una piscina, aria condizionata, privacy e due terrazze con una vista unica sulla baia di Horta e verso l&#8217;isola di Pico e S\u00e3o Jorge.<\/p>\n<p>Ospita fino a 7 persone<\/p>\n","protected":false},"featured_media":10658,"comment_status":"open","ping_status":"closed","template":"","meta":{"_acf_changed":false},"product_brand":[],"product_cat":[634,638,624,637],"product_tag":[19332],"class_list":{"0":"post-11380","1":"product","2":"type-product","3":"status-publish","4":"has-post-thumbnail","6":"product_cat-alloggiamento-locale","7":"product_cat-faial-it","8":"product_cat-sistemazione","9":"product_cat-tutte-le-isole","10":"product_tag-isoladifaial","12":"first","13":"instock","14":"virtual","15":"sold-individually","16":"taxable","17":"purchasable","18":"product-type-phive_booking"},"acf":[],"_links":{"self":[{"href":"https:\/\/guidetotheazores.pt\/it\/wp-json\/wp\/v2\/product\/11380","targetHints":{"allow":["GET"]}}],"collection":[{"href":"https:\/\/guidetotheazores.pt\/it\/wp-json\/wp\/v2\/product"}],"about":[{"href":"https:\/\/guidetotheazores.pt\/it\/wp-json\/wp\/v2\/types\/product"}],"replies":[{"embeddable":true,"href":"https:\/\/guidetotheazores.pt\/it\/wp-json\/wp\/v2\/comments?post=11380"}],"wp:featuredmedia":[{"embeddable":true,"href":"https:\/\/guidetotheazores.pt\/it\/wp-json\/wp\/v2\/media\/10658"}],"wp:attachment":[{"href":"https:\/\/guidetotheazores.pt\/it\/wp-json\/wp\/v2\/media?parent=11380"}],"wp:term":[{"taxonomy":"product_brand","embeddable":true,"href":"https:\/\/guidetotheazores.pt\/it\/wp-json\/wp\/v2\/product_brand?post=11380"},{"taxonomy":"product_cat","embeddable":true,"href":"https:\/\/guidetotheazores.pt\/it\/wp-json\/wp\/v2\/product_cat?post=11380"},{"taxonomy":"product_tag","embeddable":true,"href":"https:\/\/guidetotheazores.pt\/it\/wp-json\/wp\/v2\/product_tag?post=11380"}],"curies":[{"name":"wp","href":"https:\/\/api.w.org\/{rel}","templated":true}]}}