{"id":11908,"date":"2024-01-25T14:20:51","date_gmt":"2024-01-25T15:20:51","guid":{"rendered":"https:\/\/guidetotheazores.pt\/product\/osservazione-delle-balene\/"},"modified":"2026-05-07T10:24:46","modified_gmt":"2026-05-07T11:24:46","slug":"osservare-le-balene-faial","status":"publish","type":"product","link":"https:\/\/guidetotheazores.pt\/it\/prodotto\/osservare-le-balene-faial\/","title":{"rendered":"Osservazione delle balene intorno a Faial"},"content":{"rendered":"<p>Durante questa attivit\u00e0 avrai l&#8217;opportunit\u00e0 di osservare balene e delfini (cetacei) nel loro habitat naturale. La stagione di questa attivit\u00e0 sull&#8217;isola di Faial va da aprile a ottobre. Puoi partecipare a questa escursione indipendentemente dalla tua et\u00e0 o dal tuo livello di forma fisica: tutti sono i benvenuti! Se hai una disabilit\u00e0 che richiede un&#8217;assistenza speciale, ti preghiamo di comunicarcelo in anticipo.   <\/p>\n<p>Lavoriamo con le tradizionali vedette (risalenti all&#8217;epoca della caccia alle balene) che si trovano sulle isole di Faial e Pico. Ogni giorno cercano le balene per assicurarti un viaggio in cui l&#8217;avvistamento dei cetacei \u00e8 garantito. Ci\u00f2 che non possiamo garantire sono le condizioni meteorologiche, che a volte rendono impossibile lo svolgimento dell&#8217;escursione. Per questo motivo ti consigliamo di prenotare con largo anticipo in modo da poter scegliere il giorno migliore.   <\/p>\n<p><strong>Mezza giornata<\/strong><br \/>\nSi svolge da marzo a ottobre, due volte al giorno, alle ore 8.30 e alle 14.30. Di solito utilizziamo dei gommoni, ma se richiesto in anticipo possiamo utilizzare anche un catamarano. Ogni escursione dura dalle tre alle quattro ore, a seconda della posizione degli animali e delle condizioni meteorologiche.  <\/p>\n<p>Include:<\/p>\n<p>Spiegazione dei cetacei che possono essere avvistati<br \/>\nPantaloni e giacche impermeabili<br \/>\nGiubbotti di salvataggio<br \/>\nBiologo marino o guida naturalistica a bordo<br \/>\nProtezione solare<\/p>\n<p><strong>Giornata intera<\/strong><br \/>\nPer queste escursioni utilizziamo sempre un catamarano. \u00c8 dotato di servizi igienici a bordo, \u00e8 spazioso e dispone di un comodo ponte di prua. Queste escursioni ti permettono di trascorrere pi\u00f9 tempo con la fauna selvatica.  <\/p>\n<p>Include:<\/p>\n<p>Spiegazione dei cetacei che possono essere avvistati<br \/>\nPantaloni e giacche impermeabili<br \/>\nGiubbotti di salvataggio a bordo<br \/>\nBiologo marino o guida naturalistica a bordo<br \/>\nPanini, snack, acqua, caff\u00e8\/t\u00e8, frutta e biscotti<br \/>\nProtezione solare<\/p>\n","protected":false},"excerpt":{"rendered":"<p>Durante questa attivit\u00e0 avrai l&#8217;opportunit\u00e0 di osservare balene e delfini (cetacei) nel loro habitat naturale. La stagione di questa attivit\u00e0 sull&#8217;isola di Faial va da aprile a ottobre. Puoi partecipare a questa escursione indipendentemente dalla tua et\u00e0 o dal tuo livello di forma fisica: tutti sono i benvenuti! Se hai una disabilit\u00e0 che richiede un&#8217;assistenza speciale, ti preghiamo di comunicarcelo in anticipo.   <\/p>\n<p><script src=\"https:\/\/fareharbor.com\/embeds\/script\/calendar\/norbertodiver\/items\/189719\/?asn=fhdn-eur&amp;asn-ref=guidetotheazores&amp;ref=guidetotheazores&amp;bookable-only=yes&amp;full-items=yes&amp;marketplace=yes&amp;flow=no&amp;branding=no\"><\/script><\/p>\n<p>Mezza giornata &#8211; 4 ore<\/p>\n","protected":false},"featured_media":11889,"comment_status":"closed","ping_status":"closed","template":"","meta":{"_acf_changed":false},"product_brand":[],"product_cat":[19256,638,19258,637],"product_tag":[19332],"class_list":{"0":"post-11908","1":"product","2":"type-product","3":"status-publish","4":"has-post-thumbnail","6":"product_cat-attivita","7":"product_cat-faial-it","8":"product_cat-osservazione-delle-balene","9":"product_cat-tutte-le-isole","10":"product_tag-isoladifaial","12":"first","13":"instock","14":"taxable","15":"shipping-taxable","16":"product-type-external"},"acf":[],"_links":{"self":[{"href":"https:\/\/guidetotheazores.pt\/it\/wp-json\/wp\/v2\/product\/11908","targetHints":{"allow":["GET"]}}],"collection":[{"href":"https:\/\/guidetotheazores.pt\/it\/wp-json\/wp\/v2\/product"}],"about":[{"href":"https:\/\/guidetotheazores.pt\/it\/wp-json\/wp\/v2\/types\/product"}],"replies":[{"embeddable":true,"href":"https:\/\/guidetotheazores.pt\/it\/wp-json\/wp\/v2\/comments?post=11908"}],"wp:featuredmedia":[{"embeddable":true,"href":"https:\/\/guidetotheazores.pt\/it\/wp-json\/wp\/v2\/media\/11889"}],"wp:attachment":[{"href":"https:\/\/guidetotheazores.pt\/it\/wp-json\/wp\/v2\/media?parent=11908"}],"wp:term":[{"taxonomy":"product_brand","embeddable":true,"href":"https:\/\/guidetotheazores.pt\/it\/wp-json\/wp\/v2\/product_brand?post=11908"},{"taxonomy":"product_cat","embeddable":true,"href":"https:\/\/guidetotheazores.pt\/it\/wp-json\/wp\/v2\/product_cat?post=11908"},{"taxonomy":"product_tag","embeddable":true,"href":"https:\/\/guidetotheazores.pt\/it\/wp-json\/wp\/v2\/product_tag?post=11908"}],"curies":[{"name":"wp","href":"https:\/\/api.w.org\/{rel}","templated":true}]}}