{"id":12192,"date":"2024-01-31T07:48:27","date_gmt":"2024-01-31T08:48:27","guid":{"rendered":"https:\/\/guidetotheazores.pt\/product\/princess-alice-bank-immersioni-con-le-mante\/"},"modified":"2026-03-11T12:29:15","modified_gmt":"2026-03-11T13:29:15","slug":"princess-alice-bank-immersioni-con-le-mante","status":"publish","type":"product","link":"https:\/\/guidetotheazores.pt\/it\/prodotto\/princess-alice-bank-immersioni-con-le-mante\/","title":{"rendered":"Princess Alice Bank (Immersioni con le mante)"},"content":{"rendered":"<p>Le immersioni con le mante (Mobula tarapacana) sono considerate una delle migliori immersioni delle Azzorre. Si trova su un banco sottomarino chiamato &#8220;Princesa Alice&#8221;, a circa 45 miglia nautiche a sud dell&#8217;isola di Faial, a una profondit\u00e0 di 35 metri. In questa esperienza avrai la possibilit\u00e0 di immergerti nel cuore dell&#8217;oceano con questi maestosi animali. Occasionalmente, avrai anche la possibilit\u00e0 di vedere tonni (Katsuwonus pelamis), barracuda (Sphyraena viridensis) e gigli (Seriola rivoliana).<\/p>\n<p>Questi viaggi si svolgono da luglio a settembre, di solito dalle 7.30 alle 19.00. Ci vogliono 3 ore a tratta, dopo l&#8217;arrivo si fa la prima immersione, si torna alla barca per una pausa di un&#8217;ora mentre si fa uno spuntino leggero e poi si fa la seconda immersione.<\/p>\n<p>Inoltre, questa \u00e8 un&#8217;ottima opportunit\u00e0 per chi non ha un brevetto di immersione, in quanto pu\u00f2 fare snorkeling mentre le mante e gli altri pelagici si avvicinano alla superficie.<\/p>\n<p>Se vuoi fare questa immersione, ti consigliamo di avere diversi giorni a disposizione, perch\u00e9 questa attivit\u00e0 viene confermata solo con uno o due giorni di anticipo, in quanto dipende sempre dalle condizioni meteo e dal numero minimo di clienti richiesto.<\/p>\n<p><strong>Il nostro obiettivo \u00e8 quello di promuovere la sicurezza e la sostenibilit\u00e0 di questa attivit\u00e0, quindi per questo motivo dovrai seguire alcune regole e un codice di condotta sulle immersioni con le mante alle Azzorre:<\/strong><\/p>\n<p><strong>1 &#8211; Controlla la validit\u00e0 del tuo certificato di immersione, la visita medica e il numero di immersioni registrate.<\/strong><\/p>\n<p><strong>2 &#8211; Prima di immergerti con gli squali devi fare una &#8220;immersione di controllo&#8221;. Si tratta di una normale immersione costiera con l&#8217;obiettivo di verificare l&#8217;esperienza e il comfort del subacqueo in acqua.<\/strong><\/p>\n<p><strong>  3 &#8211; Segui tutte le istruzioni del subacqueo durante l&#8217;attivit\u00e0.<\/strong><\/p>\n","protected":false},"excerpt":{"rendered":"<p>Le immersioni con le mante (Mobula tarapacana) sono considerate una delle migliori immersioni delle Azzorre. Si trova su un banco sottomarino chiamato &#8220;Princesa Alice&#8221;, a circa 45 miglia nautiche a sud dell&#8217;isola di Faial, a una profondit\u00e0 di 35 metri. In questa esperienza avrai la possibilit\u00e0 di immergerti nel cuore dell&#8217;oceano con questi maestosi animali. Occasionalmente, avrai anche la possibilit\u00e0 di vedere tonni (Katsuwonus pelamis), barracuda (Sphyraena viridensis) e gigli (Seriola rivoliana).<\/p>\n<p><em>* Il viaggio \u00e8 condiviso con altri partecipanti e richiede un minimo di 6 persone.<\/em><\/p>\n","protected":false},"featured_media":12205,"comment_status":"open","ping_status":"closed","template":"","meta":{"_acf_changed":false},"product_brand":[],"product_cat":[19256,638,637,19268],"product_tag":[19332],"class_list":{"0":"post-12192","1":"product","2":"type-product","3":"status-publish","4":"has-post-thumbnail","6":"product_cat-attivita","7":"product_cat-faial-it","8":"product_cat-tutte-le-isole","9":"product_cat-immersioni","10":"product_tag-isoladifaial","12":"first","13":"instock","14":"virtual","15":"sold-individually","16":"taxable","17":"purchasable","18":"product-type-phive_booking"},"acf":[],"_links":{"self":[{"href":"https:\/\/guidetotheazores.pt\/it\/wp-json\/wp\/v2\/product\/12192","targetHints":{"allow":["GET"]}}],"collection":[{"href":"https:\/\/guidetotheazores.pt\/it\/wp-json\/wp\/v2\/product"}],"about":[{"href":"https:\/\/guidetotheazores.pt\/it\/wp-json\/wp\/v2\/types\/product"}],"replies":[{"embeddable":true,"href":"https:\/\/guidetotheazores.pt\/it\/wp-json\/wp\/v2\/comments?post=12192"}],"wp:featuredmedia":[{"embeddable":true,"href":"https:\/\/guidetotheazores.pt\/it\/wp-json\/wp\/v2\/media\/12205"}],"wp:attachment":[{"href":"https:\/\/guidetotheazores.pt\/it\/wp-json\/wp\/v2\/media?parent=12192"}],"wp:term":[{"taxonomy":"product_brand","embeddable":true,"href":"https:\/\/guidetotheazores.pt\/it\/wp-json\/wp\/v2\/product_brand?post=12192"},{"taxonomy":"product_cat","embeddable":true,"href":"https:\/\/guidetotheazores.pt\/it\/wp-json\/wp\/v2\/product_cat?post=12192"},{"taxonomy":"product_tag","embeddable":true,"href":"https:\/\/guidetotheazores.pt\/it\/wp-json\/wp\/v2\/product_tag?post=12192"}],"curies":[{"name":"wp","href":"https:\/\/api.w.org\/{rel}","templated":true}]}}