{"id":12194,"date":"2024-01-31T07:14:46","date_gmt":"2024-01-31T08:14:46","guid":{"rendered":"https:\/\/guidetotheazores.pt\/product\/immersioni-con-gli-squali\/"},"modified":"2026-02-01T10:00:53","modified_gmt":"2026-02-01T11:00:53","slug":"immersioni-con-gli-squali","status":"publish","type":"product","link":"https:\/\/guidetotheazores.pt\/it\/prodotto\/immersioni-con-gli-squali\/","title":{"rendered":"Immersioni con gli squali"},"content":{"rendered":"<p>Unisciti a noi in questa emozionante escursione! Queste gite si svolgono da luglio a settembre e si raggiungono i siti di immersione con barche semirigide, quindi si tratta di una gita di mezza giornata. In questo viaggio avrai l&#8217;opportunit\u00e0 di vedere uno dei pesci pi\u00f9 veloci dell&#8217;oceano, la verdesca (Prionace glauca). \u00c8 un&#8217;esperienza unica nella vita, in cui hai la possibilit\u00e0 di entrare nel mondo di questo incredibile predatore.<\/p>\n<p>Questa immersione non \u00e8 considerata un&#8217;immersione profonda. I subacquei rimarranno tra la superficie e i 10 metri di profondit\u00e0, dove viene posizionata la scatola delle esche. La barca andr\u00e0 alla deriva e i sub e gli amanti dello snorkeling saranno vicini alla barca. Ci sar\u00e0 un cavo di sicurezza legato alla barca in caso di forte corrente e per i subacquei meno esperti.<\/p>\n<p>Se vuoi fare questa immersione, ti consigliamo di avere diversi giorni a disposizione, poich\u00e9 questa attivit\u00e0 viene confermata solo con uno o due giorni di anticipo, in quanto dipende sempre dalle condizioni meteo e dal numero minimo di clienti richiesto.<\/p>\n<p>Il nostro obiettivo \u00e8 quello di promuovere la sicurezza e la sostenibilit\u00e0 di questa attivit\u00e0, pertanto \u00e8 necessario seguire alcune regole e un codice di condotta per le immersioni con gli squali alle Azzorre:<\/p>\n<p>1.- Verifica la validit\u00e0 del tuo certificato di immersione, della visita medica e del numero di immersioni registrate.<\/p>\n<p>2 &#8211; Questa attivit\u00e0 richiede una &#8220;immersione di controllo&#8221; prima di immergersi con gli squali. Si tratta di una normale immersione costiera con l&#8217;obiettivo di verificare l&#8217;esperienza e il comfort del subacqueo in acqua.<\/p>\n<p>\u00c8 richiesta la compilazione di un documento di Assunzione del Rischio<\/p>\n","protected":false},"excerpt":{"rendered":"<p>Unisciti a noi in questa emozionante escursione! Queste gite si svolgono da luglio a settembre e si raggiungono i siti di immersione con barche semirigide, quindi si tratta di una gita di mezza giornata. In questo viaggio avrai l&#8217;opportunit\u00e0 di vedere uno dei pesci pi\u00f9 veloci dell&#8217;oceano, la verdesca (Prionace glauca). \u00c8 un&#8217;esperienza unica nella vita, in cui hai la possibilit\u00e0 di entrare nel mondo di questo incredibile predatore.<\/p>\n<p><em>* Il viaggio \u00e8 condiviso con altri partecipanti e richiede un minimo di 4 persone.<\/em><\/p>\n","protected":false},"featured_media":12183,"comment_status":"open","ping_status":"closed","template":"","meta":{"_acf_changed":false},"product_brand":[],"product_cat":[19256,638,637,19268],"product_tag":[19332],"class_list":{"0":"post-12194","1":"product","2":"type-product","3":"status-publish","4":"has-post-thumbnail","6":"product_cat-attivita","7":"product_cat-faial-it","8":"product_cat-tutte-le-isole","9":"product_cat-immersioni","10":"product_tag-isoladifaial","12":"first","13":"instock","14":"virtual","15":"sold-individually","16":"taxable","17":"purchasable","18":"product-type-phive_booking"},"acf":[],"_links":{"self":[{"href":"https:\/\/guidetotheazores.pt\/it\/wp-json\/wp\/v2\/product\/12194","targetHints":{"allow":["GET"]}}],"collection":[{"href":"https:\/\/guidetotheazores.pt\/it\/wp-json\/wp\/v2\/product"}],"about":[{"href":"https:\/\/guidetotheazores.pt\/it\/wp-json\/wp\/v2\/types\/product"}],"replies":[{"embeddable":true,"href":"https:\/\/guidetotheazores.pt\/it\/wp-json\/wp\/v2\/comments?post=12194"}],"wp:featuredmedia":[{"embeddable":true,"href":"https:\/\/guidetotheazores.pt\/it\/wp-json\/wp\/v2\/media\/12183"}],"wp:attachment":[{"href":"https:\/\/guidetotheazores.pt\/it\/wp-json\/wp\/v2\/media?parent=12194"}],"wp:term":[{"taxonomy":"product_brand","embeddable":true,"href":"https:\/\/guidetotheazores.pt\/it\/wp-json\/wp\/v2\/product_brand?post=12194"},{"taxonomy":"product_cat","embeddable":true,"href":"https:\/\/guidetotheazores.pt\/it\/wp-json\/wp\/v2\/product_cat?post=12194"},{"taxonomy":"product_tag","embeddable":true,"href":"https:\/\/guidetotheazores.pt\/it\/wp-json\/wp\/v2\/product_tag?post=12194"}],"curies":[{"name":"wp","href":"https:\/\/api.w.org\/{rel}","templated":true}]}}