{"id":12234,"date":"2024-01-30T16:13:40","date_gmt":"2024-01-30T17:13:40","guid":{"rendered":"https:\/\/guidetotheazores.pt\/product\/isolotti-delle-capre\/"},"modified":"2026-02-01T10:00:42","modified_gmt":"2026-02-01T11:00:42","slug":"isolotti-delle-capre","status":"publish","type":"product","link":"https:\/\/guidetotheazores.pt\/it\/prodotto\/isolotti-delle-capre\/","title":{"rendered":"Isolotti delle capre"},"content":{"rendered":"<p><span class=\"wixui-rich-text__text\">Una volta che ci saremo avvicinati, verranno condivise informazioni sulla storia, la geologia e gli uccelli marini, mostrando la variet\u00e0 di strutture vulcaniche, fessure e grotte che formano gli isolotti.<\/span><span class=\"wixui-rich-text__text\"> variet\u00e0 di strutture vulcaniche, fessure e grotte che formano gli isolotti.<\/span><\/p>\n","protected":false},"excerpt":{"rendered":"<p><span class=\"wixui-rich-text__text\">Antico vulcano, i pi\u00f9 grandi isolotti delle Azzorre, luogo di nidificazione di una grande variet\u00e0 di uccelli marini e Area Protetta, Ilh\u00e9us das Cabras \u00e8 un ottimo modo per conoscere uno dei punti salienti del paesaggio dell&#8217;isola di Terceira.  <\/span><\/p>\n","protected":false},"featured_media":12098,"comment_status":"open","ping_status":"closed","template":"","meta":{"_acf_changed":false},"product_brand":[],"product_cat":[19256,637,19278,19273],"product_tag":[19320],"class_list":{"0":"post-12234","1":"product","2":"type-product","3":"status-publish","4":"has-post-thumbnail","6":"product_cat-attivita","7":"product_cat-tutte-le-isole","8":"product_cat-terceira-it","9":"product_cat-vela","10":"product_tag-isoladiterceira","12":"first","13":"instock","14":"virtual","15":"sold-individually","16":"taxable","17":"purchasable","18":"product-type-phive_booking"},"acf":[],"_links":{"self":[{"href":"https:\/\/guidetotheazores.pt\/it\/wp-json\/wp\/v2\/product\/12234","targetHints":{"allow":["GET"]}}],"collection":[{"href":"https:\/\/guidetotheazores.pt\/it\/wp-json\/wp\/v2\/product"}],"about":[{"href":"https:\/\/guidetotheazores.pt\/it\/wp-json\/wp\/v2\/types\/product"}],"replies":[{"embeddable":true,"href":"https:\/\/guidetotheazores.pt\/it\/wp-json\/wp\/v2\/comments?post=12234"}],"wp:featuredmedia":[{"embeddable":true,"href":"https:\/\/guidetotheazores.pt\/it\/wp-json\/wp\/v2\/media\/12098"}],"wp:attachment":[{"href":"https:\/\/guidetotheazores.pt\/it\/wp-json\/wp\/v2\/media?parent=12234"}],"wp:term":[{"taxonomy":"product_brand","embeddable":true,"href":"https:\/\/guidetotheazores.pt\/it\/wp-json\/wp\/v2\/product_brand?post=12234"},{"taxonomy":"product_cat","embeddable":true,"href":"https:\/\/guidetotheazores.pt\/it\/wp-json\/wp\/v2\/product_cat?post=12234"},{"taxonomy":"product_tag","embeddable":true,"href":"https:\/\/guidetotheazores.pt\/it\/wp-json\/wp\/v2\/product_tag?post=12234"}],"curies":[{"name":"wp","href":"https:\/\/api.w.org\/{rel}","templated":true}]}}