{"id":12573,"date":"2024-02-01T18:29:36","date_gmt":"2024-02-01T19:29:36","guid":{"rendered":"https:\/\/guidetotheazores.pt\/product\/accogliente-cottage-con-2-camere-da-letto-wi-fi-e-vista-sul-mare\/"},"modified":"2024-02-10T13:34:06","modified_gmt":"2024-02-10T14:34:06","slug":"accogliente-cottage-con-2-camere-da-letto-wi-fi-e-vista-sul-mare","status":"publish","type":"product","link":"https:\/\/guidetotheazores.pt\/it\/prodotto\/accogliente-cottage-con-2-camere-da-letto-wi-fi-e-vista-sul-mare\/","title":{"rendered":"Accogliente cottage con 2 camere da letto, WI-FI e vista sul mare"},"content":{"rendered":"<p><span style=\"color: #000000;font-family: 'Helvetica Neue', Helvetica, Roboto, Arial, sans-serif;font-size: medium\">Il cottage si trova a 20 minuti a piedi dal cuore dell&#8217;idilliaco villaggio di Santa Barbara. Qui potrai fare rifornimento presso la Loja locale o rilassarti con una birra fresca dopo una giornata di escursioni. Numerosi sentieri escursionistici sono facilmente raggiungibili a piedi dalla porta di casa: Norte, Santa Barbara, S\u00e3o Louren\u00e7o e Pico Alto, solo per citarne alcuni. Adiacente al cottage c&#8217;\u00e8 il tuo giardino privato dove potrai rilassarti sulla nostra sedia per il tramonto e ammirare la vista di Pico Alto e della vicina isola di S\u00e2o Miguel. Offriamo inoltre ai nostri ospiti la possibilit\u00e0 di noleggiare uno scooter 125cc e\/o Mountain Bike per esplorare l&#8217;isola a tuo piacimento.<\/span><\/p>\n<p>Servizi:<\/p>\n<p>Parcheggio privato gratuito<\/p>\n<p>Giardino grande<\/p>\n<p>Giardino di erbe aromatiche biologico<\/p>\n<p>Barbeque<\/p>\n<p>Terrazza per mangiare e prendere il sole<\/p>\n<p>Wi-Fi gratuito in tutto il cottage<\/p>\n<p>TV via cavo a schermo piatto<\/p>\n<p>Biblioteca di libri e giochi<\/p>\n<p>Lavatrice<\/p>\n<p>e molto altro ancora&#8230;.<\/p>\n","protected":false},"excerpt":{"rendered":"<p><span style=\"color: #000000;font-family: 'Helvetica Neue', Helvetica, Roboto, Arial, sans-serif;font-size: medium\">Casinha do Barreiro \u00e8 un incantevole e moderno cottage con angolo cottura situato nella pittoresca parrocchia di Santa Barbara, sulla splendida isola delle Azzorre, Santa Maria. Questo accogliente rifugio offre un ambiente privato e tranquillo, unito a comfort e bellezza, che lo rendono il rifugio perfetto.<\/span><\/p>\n","protected":false},"featured_media":12562,"comment_status":"open","ping_status":"closed","template":"","meta":{"_acf_changed":false},"product_brand":[],"product_cat":[],"product_tag":[],"class_list":{"0":"post-12573","1":"product","2":"type-product","3":"status-publish","4":"has-post-thumbnail","7":"first","8":"instock","9":"virtual","10":"sold-individually","11":"taxable","12":"purchasable","13":"product-type-phive_booking"},"acf":[],"_links":{"self":[{"href":"https:\/\/guidetotheazores.pt\/it\/wp-json\/wp\/v2\/product\/12573","targetHints":{"allow":["GET"]}}],"collection":[{"href":"https:\/\/guidetotheazores.pt\/it\/wp-json\/wp\/v2\/product"}],"about":[{"href":"https:\/\/guidetotheazores.pt\/it\/wp-json\/wp\/v2\/types\/product"}],"replies":[{"embeddable":true,"href":"https:\/\/guidetotheazores.pt\/it\/wp-json\/wp\/v2\/comments?post=12573"}],"wp:featuredmedia":[{"embeddable":true,"href":"https:\/\/guidetotheazores.pt\/it\/wp-json\/wp\/v2\/media\/12562"}],"wp:attachment":[{"href":"https:\/\/guidetotheazores.pt\/it\/wp-json\/wp\/v2\/media?parent=12573"}],"wp:term":[{"taxonomy":"product_brand","embeddable":true,"href":"https:\/\/guidetotheazores.pt\/it\/wp-json\/wp\/v2\/product_brand?post=12573"},{"taxonomy":"product_cat","embeddable":true,"href":"https:\/\/guidetotheazores.pt\/it\/wp-json\/wp\/v2\/product_cat?post=12573"},{"taxonomy":"product_tag","embeddable":true,"href":"https:\/\/guidetotheazores.pt\/it\/wp-json\/wp\/v2\/product_tag?post=12573"}],"curies":[{"name":"wp","href":"https:\/\/api.w.org\/{rel}","templated":true}]}}