{"id":12657,"date":"2024-01-30T20:48:56","date_gmt":"2024-01-30T21:48:56","guid":{"rendered":"https:\/\/guidetotheazores.pt\/product\/tour-flores-e-corvo\/"},"modified":"2026-02-01T10:01:20","modified_gmt":"2026-02-01T11:01:20","slug":"tour-flores-e-corvo","status":"publish","type":"product","link":"https:\/\/guidetotheazores.pt\/it\/prodotto\/tour-flores-e-corvo\/","title":{"rendered":"Giornata intera sull&#8217;Isola di Corvo"},"content":{"rendered":"<p>Una gita in barca a Corvo \u00e8 a dir poco emozionante. Iniziando a conoscere l&#8217;isola pi\u00f9 piccola delle Azzorre.<br \/>\nIl nostro viaggio dura circa un&#8217;ora in una barca semirigida, passando per le grotte e le cascate di Flores.<br \/>\nDurante il tragitto \u00e8 molto probabile che i delfini ci facciano compagnia, il che rende l&#8217;esperienza ancora pi\u00f9 interessante.<br \/>\nAll&#8217;arrivo a Corvo, dove ti aspetter\u00e0 un furgone, la nostra guida ti porter\u00e0 a vedere Caldeir\u00e3o lungo un sentiero e dopo la passeggiata tornerai al villaggio, dove passerai davanti ai monumenti storici della citt\u00e0, a un museo e ad altri punti importanti dell&#8217;isola.<br \/>\nIl pranzo (self-service con bevande e caff\u00e8) \u00e8 incluso, cos\u00ec come l&#8217;assicurazione | Traversata tra le isole andata e ritorno | Trasferimento da e per l&#8217;ostello e biglietti d&#8217;ingresso ai monumenti<\/p>\n<p>Include<br \/>\nAssicurazione<br \/>\nGita in barca di andata e ritorno attraverso le grotte dell&#8217;isola di Flores<br \/>\nTrasferimento dalla barca a Caldeir\u00e3o<br \/>\nTrasferimenti sull&#8217;isola di Flores dall&#8217;alloggio al porto d&#8217;imbarco e ritorno<br \/>\nTasse<br \/>\nPranzo (Buffet con zuppa, piatto e bevanda) o spuntino a Caldeir\u00e3o (Due panini, un frutto, un dolce, un&#8217;acqua e un succo)<br \/>\nGuida in PT o ING<\/p>\n<p>Si consiglia di portare con s\u00e9:<br \/>\nCalzature adatte a camminare (stivali), abbigliamento comodo, giacca leggera, maglietta o felpa extra, cibo di rinforzo, acqua, costume da bagno, asciugamano, zaino, crema solare e cappello.<\/p>\n","protected":false},"excerpt":{"rendered":"<p>Una gita in barca a Corvo \u00e8 a dir poco emozionante. Iniziando a conoscere l&#8217;isola pi\u00f9 piccola delle Azzorre.<\/p>\n<p>Include<br \/>\nAssicurazione<br \/>\nGita in barca di andata e ritorno attraverso le grotte dell&#8217;isola di Flores<br \/>\nTrasferimento dalla barca a Caldeir\u00e3o<br \/>\nTrasferimenti sull&#8217;isola di Flores dall&#8217;alloggio al porto d&#8217;imbarco e ritorno<br \/>\nTasse<br \/>\nPranzo (Buffet con zuppa, piatto e bevanda) o spuntino a Caldeir\u00e3o (Due panini, un frutto, un dolce, un&#8217;acqua e un succo)<br \/>\nGuida in PT o ING<\/p>\n<p>Si consiglia di portare con s\u00e9:<br \/>\nCalzature adatte a camminare (stivali), abbigliamento comodo, giacca leggera, maglietta o felpa extra, cibo di rinforzo, acqua, costume da bagno, asciugamano, zaino, crema solare e cappello.<\/p>\n<p>Durata del viaggio: 6 ore<\/p>\n","protected":false},"featured_media":13576,"comment_status":"open","ping_status":"closed","template":"","meta":{"_acf_changed":false},"product_brand":[],"product_cat":[19256,19296,637,19257],"product_tag":[19338],"class_list":{"0":"post-12657","1":"product","2":"type-product","3":"status-publish","4":"has-post-thumbnail","6":"product_cat-attivita","7":"product_cat-corvo-it","8":"product_cat-tutte-le-isole","9":"product_cat-visite-guidate","10":"product_tag-isoladicorvo","12":"first","13":"instock","14":"virtual","15":"sold-individually","16":"taxable","17":"purchasable","18":"product-type-phive_booking"},"acf":[],"_links":{"self":[{"href":"https:\/\/guidetotheazores.pt\/it\/wp-json\/wp\/v2\/product\/12657","targetHints":{"allow":["GET"]}}],"collection":[{"href":"https:\/\/guidetotheazores.pt\/it\/wp-json\/wp\/v2\/product"}],"about":[{"href":"https:\/\/guidetotheazores.pt\/it\/wp-json\/wp\/v2\/types\/product"}],"replies":[{"embeddable":true,"href":"https:\/\/guidetotheazores.pt\/it\/wp-json\/wp\/v2\/comments?post=12657"}],"wp:featuredmedia":[{"embeddable":true,"href":"https:\/\/guidetotheazores.pt\/it\/wp-json\/wp\/v2\/media\/13576"}],"wp:attachment":[{"href":"https:\/\/guidetotheazores.pt\/it\/wp-json\/wp\/v2\/media?parent=12657"}],"wp:term":[{"taxonomy":"product_brand","embeddable":true,"href":"https:\/\/guidetotheazores.pt\/it\/wp-json\/wp\/v2\/product_brand?post=12657"},{"taxonomy":"product_cat","embeddable":true,"href":"https:\/\/guidetotheazores.pt\/it\/wp-json\/wp\/v2\/product_cat?post=12657"},{"taxonomy":"product_tag","embeddable":true,"href":"https:\/\/guidetotheazores.pt\/it\/wp-json\/wp\/v2\/product_tag?post=12657"}],"curies":[{"name":"wp","href":"https:\/\/api.w.org\/{rel}","templated":true}]}}