{"id":13141,"date":"2024-02-05T09:37:53","date_gmt":"2024-02-05T10:37:53","guid":{"rendered":"https:\/\/guidetotheazores.pt\/product\/isola-di-terceira-tour-di-un-giorno-intero-in-pulmino\/"},"modified":"2024-02-05T09:37:53","modified_gmt":"2024-02-05T10:37:53","slug":"isola-di-terceira-tour-di-un-giorno-intero-in-pulmino","status":"publish","type":"product","link":"https:\/\/guidetotheazores.pt\/it\/prodotto\/isola-di-terceira-tour-di-un-giorno-intero-in-pulmino\/","title":{"rendered":"Isola di Terceira &#8211; Tour di un giorno intero in pulmino"},"content":{"rendered":"<p>Inizia il tour visitando il Monte Brasil, dove potrai vedere la Fortezza di San Giovanni Battista, costruita dagli spagnoli dopo il loro arrivo nel 1583. Goditi le fantastiche viste della citt\u00e0 di Angra do Hero\u00edsmo, patrimonio dell&#8217;umanit\u00e0 dell&#8217;UNESCO.<\/p>\n<p>Prosegui lungo il sud-est dell&#8217;isola di Terceira verso le citt\u00e0 di Ribeirinha, Feteira e S\u00e3o Sebasti\u00e3o. Ammira splendidi punti di riferimento naturali come l&#8217;Ilh\u00e9us das Cabras e la Baia di Salga, culminando in una visita alla chiesa pi\u00f9 antica dell&#8217;isola.<\/p>\n<p>Successivamente, fai una sosta alla Serra do Cume, un punto panoramico situato sulla caldera pi\u00f9 grande di Terceira. Dai un&#8217;occhiata alla vasta distesa di campi agricoli sparsi per l&#8217;isola. In seguito, goditi un po&#8217; di tempo libero per pranzare nell&#8217;incantevole cittadina di Praia da Vit\u00f3ria.<\/p>\n<p>Nel pomeriggio, prosegui lungo la costa nord dell&#8217;isola e visita le Piscine Naturali di Biscoitos. Opzionalmente, puoi visitare Algar do Carv\u00e3o, un camino vulcanico vuoto, che dovrebbe durare circa 30-40 minuti (biglietto non incluso). Mentre torni in hotel, non perderti una delle bellezze del centro dell&#8217;isola. Tra le altre cose, potrai vedere i tori selvatici nel loro habitat naturale.<\/p>\n","protected":false},"excerpt":{"rendered":"<p>Inizia il tuo tour visitando il Monte Brasil, dove potrai vedere la Fortezza di San Giovanni Battista, costruita dagli spagnoli dopo il loro arrivo nel 1583. Goditi le fantastiche viste della citt\u00e0 di Angra do Hero\u00edsmo, patrimonio dell&#8217;umanit\u00e0 dell&#8217;UNESCO.<\/p>\n","protected":false},"featured_media":12787,"comment_status":"open","ping_status":"closed","template":"","meta":{"_acf_changed":false},"product_brand":[],"product_cat":[19256,637,19257,19278],"product_tag":[],"class_list":{"0":"post-13141","1":"product","2":"type-product","3":"status-publish","4":"has-post-thumbnail","6":"product_cat-attivita","7":"product_cat-tutte-le-isole","8":"product_cat-visite-guidate","9":"product_cat-terceira-it","11":"first","12":"instock","13":"virtual","14":"sold-individually","15":"taxable","16":"purchasable","17":"product-type-phive_booking"},"acf":[],"_links":{"self":[{"href":"https:\/\/guidetotheazores.pt\/it\/wp-json\/wp\/v2\/product\/13141","targetHints":{"allow":["GET"]}}],"collection":[{"href":"https:\/\/guidetotheazores.pt\/it\/wp-json\/wp\/v2\/product"}],"about":[{"href":"https:\/\/guidetotheazores.pt\/it\/wp-json\/wp\/v2\/types\/product"}],"replies":[{"embeddable":true,"href":"https:\/\/guidetotheazores.pt\/it\/wp-json\/wp\/v2\/comments?post=13141"}],"wp:featuredmedia":[{"embeddable":true,"href":"https:\/\/guidetotheazores.pt\/it\/wp-json\/wp\/v2\/media\/12787"}],"wp:attachment":[{"href":"https:\/\/guidetotheazores.pt\/it\/wp-json\/wp\/v2\/media?parent=13141"}],"wp:term":[{"taxonomy":"product_brand","embeddable":true,"href":"https:\/\/guidetotheazores.pt\/it\/wp-json\/wp\/v2\/product_brand?post=13141"},{"taxonomy":"product_cat","embeddable":true,"href":"https:\/\/guidetotheazores.pt\/it\/wp-json\/wp\/v2\/product_cat?post=13141"},{"taxonomy":"product_tag","embeddable":true,"href":"https:\/\/guidetotheazores.pt\/it\/wp-json\/wp\/v2\/product_tag?post=13141"}],"curies":[{"name":"wp","href":"https:\/\/api.w.org\/{rel}","templated":true}]}}