{"id":13143,"date":"2024-02-05T10:15:56","date_gmt":"2024-02-05T11:15:56","guid":{"rendered":"https:\/\/guidetotheazores.pt\/product\/isola-di-terceira-tour-di-mezza-giornata-in-furgone\/"},"modified":"2024-02-05T10:15:56","modified_gmt":"2024-02-05T11:15:56","slug":"isola-di-terceira-tour-di-mezza-giornata-in-furgone","status":"publish","type":"product","link":"https:\/\/guidetotheazores.pt\/it\/prodotto\/isola-di-terceira-tour-di-mezza-giornata-in-furgone\/","title":{"rendered":"Isola di Terceira &#8211; Tour di mezza giornata in furgone"},"content":{"rendered":"<p>Approfitta della comodit\u00e0 di un ritiro nella citt\u00e0 di Angra do Hero\u00edsmo. Inizia il tuo tour con una visita al Monte Brasil. Ammira la citt\u00e0 di Angra do Hero\u00edsmo, patrimonio dell&#8217;umanit\u00e0 dell&#8217;UNESCO, dall&#8217;alto. Goditi una vista completa della citt\u00e0, delle montagne e dei villaggi circostanti.<\/p>\n<p>Dopo un breve tour della citt\u00e0, prosegui lungo la costa sud-orientale dell&#8217;isola. Attraversa i villaggi di Ribeirinha, Feteira, Porto Judeu e S\u00e3o Sebasti\u00e3o. Visita le principali attrazioni lungo il percorso, come l&#8217;Ilh\u00e9us das Cabras e la chiesa pi\u00f9 antica di Terceira.<\/p>\n<p>Passa alla prossima tappa, la Serra do Cume. Ammira la caldera pi\u00f9 grande e pi\u00f9 antica dell&#8217;isola e il paesaggio variopinto. Questo punto di osservazione nella Serra do Cume si affaccia sul mosaico di pascoli verdi che formano &#8220;A Manta de Pontos&#8221;. Una breve visita a Praia da Vit\u00f3ria, il suo centro storico.<br \/>\nAlla fine del tour, sarai accompagnato al tuo alloggio o in qualsiasi altro luogo di Angra do Hero\u00edsmo.<\/p>\n","protected":false},"excerpt":{"rendered":"<p>Approfitta della comodit\u00e0 di un ritiro nella citt\u00e0 di Angra do Hero\u00edsmo. Inizia il tuo tour con una visita al Monte Brasil. Ammira la citt\u00e0 di Angra do Hero\u00edsmo, patrimonio dell&#8217;umanit\u00e0 dell&#8217;UNESCO, dall&#8217;alto. Goditi una vista completa della citt\u00e0, delle montagne e dei villaggi circostanti.<\/p>\n","protected":false},"featured_media":12796,"comment_status":"open","ping_status":"closed","template":"","meta":{"_acf_changed":false},"product_brand":[],"product_cat":[19256,637,19257,19278],"product_tag":[],"class_list":{"0":"post-13143","1":"product","2":"type-product","3":"status-publish","4":"has-post-thumbnail","6":"product_cat-attivita","7":"product_cat-tutte-le-isole","8":"product_cat-visite-guidate","9":"product_cat-terceira-it","11":"first","12":"instock","13":"virtual","14":"sold-individually","15":"taxable","16":"purchasable","17":"product-type-phive_booking"},"acf":[],"_links":{"self":[{"href":"https:\/\/guidetotheazores.pt\/it\/wp-json\/wp\/v2\/product\/13143","targetHints":{"allow":["GET"]}}],"collection":[{"href":"https:\/\/guidetotheazores.pt\/it\/wp-json\/wp\/v2\/product"}],"about":[{"href":"https:\/\/guidetotheazores.pt\/it\/wp-json\/wp\/v2\/types\/product"}],"replies":[{"embeddable":true,"href":"https:\/\/guidetotheazores.pt\/it\/wp-json\/wp\/v2\/comments?post=13143"}],"wp:featuredmedia":[{"embeddable":true,"href":"https:\/\/guidetotheazores.pt\/it\/wp-json\/wp\/v2\/media\/12796"}],"wp:attachment":[{"href":"https:\/\/guidetotheazores.pt\/it\/wp-json\/wp\/v2\/media?parent=13143"}],"wp:term":[{"taxonomy":"product_brand","embeddable":true,"href":"https:\/\/guidetotheazores.pt\/it\/wp-json\/wp\/v2\/product_brand?post=13143"},{"taxonomy":"product_cat","embeddable":true,"href":"https:\/\/guidetotheazores.pt\/it\/wp-json\/wp\/v2\/product_cat?post=13143"},{"taxonomy":"product_tag","embeddable":true,"href":"https:\/\/guidetotheazores.pt\/it\/wp-json\/wp\/v2\/product_tag?post=13143"}],"curies":[{"name":"wp","href":"https:\/\/api.w.org\/{rel}","templated":true}]}}