{"id":13145,"date":"2024-02-05T10:27:44","date_gmt":"2024-02-05T11:27:44","guid":{"rendered":"https:\/\/guidetotheazores.pt\/product\/isola-di-terceira-tour-in-jeep-di-un-giorno-intero\/"},"modified":"2024-02-05T10:27:44","modified_gmt":"2024-02-05T11:27:44","slug":"isola-di-terceira-tour-in-jeep-di-un-giorno-intero","status":"publish","type":"product","link":"https:\/\/guidetotheazores.pt\/it\/prodotto\/isola-di-terceira-tour-in-jeep-di-un-giorno-intero\/","title":{"rendered":"Isola di Terceira &#8211; Tour in jeep di un giorno intero"},"content":{"rendered":"<p>Scopri il meglio dell&#8217;isola di Terceira con una gita guidata di un giorno intero da Angra do Hero\u00edsmo. Il tuo hotel ad Angra \u00e8 il punto di partenza e di arrivo.<\/p>\n<p>La prima tappa \u00e8 il Monte Brasil, da dove potrai vedere Angra do Hero\u00edsmo dall&#8217;alto. Fai un breve giro in auto attraverso la citt\u00e0 e poi lungo la costa sud-orientale fino al villaggio di Ribeirinha, dove potrai ammirare viste panoramiche.<\/p>\n<p>Il percorso si svolge in fuoristrada, esplorando i villaggi di Agualva e Biscoitos, dove potrai vedere tori selvatici nel loro habitat naturale e una grande variet\u00e0 di flora autoctona.<\/p>\n<p>Fai una breve pausa per il pranzo e poi continua a scoprire il vulcano Algar do Carv\u00e3o, la maggiore attrazione dell&#8217;isola.<br \/>\nTermina il tour con altre impressionanti vedute dell&#8217;area naturale incontaminata nella parte centrale dell&#8217;isola, prima di essere riaccompagnato al tuo hotel.<\/p>\n","protected":false},"excerpt":{"rendered":"<p>Scopri il meglio dell&#8217;isola di Terceira con una gita guidata di un giorno intero da Angra do Hero\u00edsmo. Il tuo hotel ad Angra \u00e8 il punto di partenza e di arrivo.<\/p>\n","protected":false},"featured_media":12816,"comment_status":"open","ping_status":"closed","template":"","meta":{"_acf_changed":false},"product_brand":[],"product_cat":[19256,637,19257,19278],"product_tag":[],"class_list":{"0":"post-13145","1":"product","2":"type-product","3":"status-publish","4":"has-post-thumbnail","6":"product_cat-attivita","7":"product_cat-tutte-le-isole","8":"product_cat-visite-guidate","9":"product_cat-terceira-it","11":"first","12":"instock","13":"virtual","14":"sold-individually","15":"taxable","16":"purchasable","17":"product-type-phive_booking"},"acf":[],"_links":{"self":[{"href":"https:\/\/guidetotheazores.pt\/it\/wp-json\/wp\/v2\/product\/13145","targetHints":{"allow":["GET"]}}],"collection":[{"href":"https:\/\/guidetotheazores.pt\/it\/wp-json\/wp\/v2\/product"}],"about":[{"href":"https:\/\/guidetotheazores.pt\/it\/wp-json\/wp\/v2\/types\/product"}],"replies":[{"embeddable":true,"href":"https:\/\/guidetotheazores.pt\/it\/wp-json\/wp\/v2\/comments?post=13145"}],"wp:featuredmedia":[{"embeddable":true,"href":"https:\/\/guidetotheazores.pt\/it\/wp-json\/wp\/v2\/media\/12816"}],"wp:attachment":[{"href":"https:\/\/guidetotheazores.pt\/it\/wp-json\/wp\/v2\/media?parent=13145"}],"wp:term":[{"taxonomy":"product_brand","embeddable":true,"href":"https:\/\/guidetotheazores.pt\/it\/wp-json\/wp\/v2\/product_brand?post=13145"},{"taxonomy":"product_cat","embeddable":true,"href":"https:\/\/guidetotheazores.pt\/it\/wp-json\/wp\/v2\/product_cat?post=13145"},{"taxonomy":"product_tag","embeddable":true,"href":"https:\/\/guidetotheazores.pt\/it\/wp-json\/wp\/v2\/product_tag?post=13145"}],"curies":[{"name":"wp","href":"https:\/\/api.w.org\/{rel}","templated":true}]}}