{"id":13147,"date":"2024-02-05T10:32:15","date_gmt":"2024-02-05T11:32:15","guid":{"rendered":"https:\/\/guidetotheazores.pt\/product\/isola-di-terceira-tour-di-mezza-giornata-a-piedi-di-angra-do-heroismo\/"},"modified":"2024-02-05T10:32:15","modified_gmt":"2024-02-05T11:32:15","slug":"isola-di-terceira-tour-di-mezza-giornata-a-piedi-di-angra-do-heroismo","status":"publish","type":"product","link":"https:\/\/guidetotheazores.pt\/it\/prodotto\/isola-di-terceira-tour-di-mezza-giornata-a-piedi-di-angra-do-heroismo\/","title":{"rendered":"Isola di Terceira &#8211; Tour di mezza giornata a piedi di Angra do Hero\u00edsmo"},"content":{"rendered":"<p>Inizia il tour con il prelievo dal tuo hotel e raggiungi il centro della citt\u00e0 in auto o a piedi.<br \/>\nNel cuore della citt\u00e0, passeggia per le strade piene di monumenti significativi per la storia delle isole Azzorre. Visita la Cattedrale di Angra do Hero\u00edsmo (ingresso facoltativo), una delle cattedrali cattoliche pi\u00f9 controverse, e il Pal\u00e1cio dos Capitaes Generais (ingresso facoltativo), che fu fondamentale per l&#8217;istituzione del primo governo generale delle Azzorre. Passeggia per il bellissimo Giardino Pubblico, il cuore della citt\u00e0<br \/>\nDirigiti verso il Municipio e termina la tua passeggiata lungo Rua Direita, la prima strada principale che culmina nel P\u00e1tio da Alf\u00e2ndega, il molo pi\u00f9 antico di Angra do Hero\u00edsmo. Da qui puoi vedere la baia di Angra, dove Vasco da Gama sbarc\u00f2 nel 1499, stabilendo l&#8217;isola come punto di sosta obbligato per le rotte attraverso l&#8217;Atlantico.<\/p>\n","protected":false},"excerpt":{"rendered":"<p>Inizia il tour con il prelievo dal tuo hotel e raggiungi il centro della citt\u00e0 in auto o a piedi.<br \/>\nNel cuore della citt\u00e0, passeggia per le strade piene di monumenti significativi per la storia delle isole Azzorre. Visita la Cattedrale di Angra do Hero\u00edsmo (ingresso facoltativo), una delle cattedrali cattoliche pi\u00f9 controverse, e il Pal\u00e1cio dos Capitaes Generais (ingresso facoltativo), che fu fondamentale per l&#8217;istituzione del primo governo generale delle Azzorre. Passeggia per il bellissimo Giardino Pubblico, il cuore della citt\u00e0<\/p>\n","protected":false},"featured_media":12820,"comment_status":"open","ping_status":"closed","template":"","meta":{"_acf_changed":false},"product_brand":[],"product_cat":[19256,637,19257,19278],"product_tag":[],"class_list":{"0":"post-13147","1":"product","2":"type-product","3":"status-publish","4":"has-post-thumbnail","6":"product_cat-attivita","7":"product_cat-tutte-le-isole","8":"product_cat-visite-guidate","9":"product_cat-terceira-it","11":"first","12":"instock","13":"virtual","14":"sold-individually","15":"taxable","16":"purchasable","17":"product-type-phive_booking"},"acf":[],"_links":{"self":[{"href":"https:\/\/guidetotheazores.pt\/it\/wp-json\/wp\/v2\/product\/13147","targetHints":{"allow":["GET"]}}],"collection":[{"href":"https:\/\/guidetotheazores.pt\/it\/wp-json\/wp\/v2\/product"}],"about":[{"href":"https:\/\/guidetotheazores.pt\/it\/wp-json\/wp\/v2\/types\/product"}],"replies":[{"embeddable":true,"href":"https:\/\/guidetotheazores.pt\/it\/wp-json\/wp\/v2\/comments?post=13147"}],"wp:featuredmedia":[{"embeddable":true,"href":"https:\/\/guidetotheazores.pt\/it\/wp-json\/wp\/v2\/media\/12820"}],"wp:attachment":[{"href":"https:\/\/guidetotheazores.pt\/it\/wp-json\/wp\/v2\/media?parent=13147"}],"wp:term":[{"taxonomy":"product_brand","embeddable":true,"href":"https:\/\/guidetotheazores.pt\/it\/wp-json\/wp\/v2\/product_brand?post=13147"},{"taxonomy":"product_cat","embeddable":true,"href":"https:\/\/guidetotheazores.pt\/it\/wp-json\/wp\/v2\/product_cat?post=13147"},{"taxonomy":"product_tag","embeddable":true,"href":"https:\/\/guidetotheazores.pt\/it\/wp-json\/wp\/v2\/product_tag?post=13147"}],"curies":[{"name":"wp","href":"https:\/\/api.w.org\/{rel}","templated":true}]}}