{"id":13149,"date":"2024-02-05T10:37:27","date_gmt":"2024-02-05T11:37:27","guid":{"rendered":"https:\/\/guidetotheazores.pt\/product\/isola-di-terceira-percorsi-escursionistici-di-mezza-giornata\/"},"modified":"2024-02-05T21:41:59","modified_gmt":"2024-02-05T22:41:59","slug":"isola-di-terceira-percorsi-escursionistici-di-mezza-giornata","status":"publish","type":"product","link":"https:\/\/guidetotheazores.pt\/it\/prodotto\/isola-di-terceira-percorsi-escursionistici-di-mezza-giornata\/","title":{"rendered":"Isola di Terceira &#8211; Percorsi escursionistici di mezza giornata"},"content":{"rendered":"<p>La guida viene a prendere tutti i viaggiatori al loro alloggio.<\/p>\n<p>Dopo aver lasciato il lodge, la guida accompagner\u00e0 tutti i viaggiatori per tutto il sentiero desiderato. Ci sono diverse opzioni:<\/p>\n<p>1. Sentiero a piedi Rocha do Chambre: conosci gran parte dell&#8217;interno dell&#8217;isola, costeggiando uno dei vulcani pi\u00f9 importanti di Terceira. \u00c8 classificato come di media difficolt\u00e0, \u00e8 lungo 8,8 chilometri e richiede in media 3,5 ore.<\/p>\n<p>2. Sentiero dei Misteri Neri: cammina accanto a varie specie endemiche, visita piccole lagune e cammina sulla lava. Tutto questo \u00e8 possibile percorrendo il sentiero Mist\u00e9rios Negros, classificato come difficile, che \u00e8 lungo 4,9 chilometri e richiede circa 3,5 ore.<\/p>\n<p>3. Ba\u00edas da Agualva: un sentiero per lo pi\u00f9 rivolto verso il mare, che si snoda lungo la costa del villaggio di Agualva, osservando formazioni vulcaniche e specie endemiche come l&#8217;Erica Azorica. \u00c8 classificato come facile, con una lunghezza di 3,8 chilometri e una durata media di 3 ore.<\/p>\n<p>4. Forti di S\u00e3o Sebasti\u00e3o: un percorso a piedi che attraversa diverse fortificazioni precedenti alle invasioni spagnole dell&#8217;isola di Terceira, una vera e propria passeggiata nella storia! \u00c8 classificato come facile, con una lunghezza di 5,7 chilometri (3,54 miglia) e una durata media di 3,5 ore.<\/p>\n<p>5. Serreta: Si tratta di un percorso circolare lungo 6,8 km, il cui tempo medio di percorrenza \u00e8 di circa 3,5 ore. Lungo questo percorso potrai vedere le tracce dell&#8217;attivit\u00e0 vulcanica e le specie endemiche.<\/p>\n<p>6. Bestie: si tratta di un percorso circolare di 4 chilometri, con un tempo medio di percorrenza di circa 3 ore. Su questo sentiero potrai vedere le antiche piste per carri trainati da buoi conosciute come Passagem das Bestas, oltre a varie specie endemiche.<\/p>\n<p>7. Monte Brasil: si tratta di un percorso circolare con una lunghezza di 7,4 km e un tempo medio di percorrenza di circa 3,5 ore. Questo percorso si snoda lungo il Monte Brasil, circondato da una fortezza spagnola. \u00c8 possibile osservare diverse specie di piante endemiche.<\/p>\n<p>La guida riaccompagner\u00e0 tutti i visitatori all&#8217;alloggio scelto dopo il tour.<\/p>\n","protected":false},"excerpt":{"rendered":"<p>La guida viene a prendere tutti i viaggiatori al loro alloggio. Dopo aver lasciato il lodge, la guida accompagner\u00e0 tutti<\/p>\n","protected":false},"featured_media":12842,"comment_status":"open","ping_status":"closed","template":"","meta":{"_acf_changed":false},"product_brand":[],"product_cat":[19256,637,19271,19278],"product_tag":[],"class_list":{"0":"post-13149","1":"product","2":"type-product","3":"status-publish","4":"has-post-thumbnail","6":"product_cat-attivita","7":"product_cat-tutte-le-isole","8":"product_cat-escursioni","9":"product_cat-terceira-it","11":"first","12":"instock","13":"virtual","14":"sold-individually","15":"taxable","16":"purchasable","17":"product-type-phive_booking"},"acf":[],"_links":{"self":[{"href":"https:\/\/guidetotheazores.pt\/it\/wp-json\/wp\/v2\/product\/13149","targetHints":{"allow":["GET"]}}],"collection":[{"href":"https:\/\/guidetotheazores.pt\/it\/wp-json\/wp\/v2\/product"}],"about":[{"href":"https:\/\/guidetotheazores.pt\/it\/wp-json\/wp\/v2\/types\/product"}],"replies":[{"embeddable":true,"href":"https:\/\/guidetotheazores.pt\/it\/wp-json\/wp\/v2\/comments?post=13149"}],"wp:featuredmedia":[{"embeddable":true,"href":"https:\/\/guidetotheazores.pt\/it\/wp-json\/wp\/v2\/media\/12842"}],"wp:attachment":[{"href":"https:\/\/guidetotheazores.pt\/it\/wp-json\/wp\/v2\/media?parent=13149"}],"wp:term":[{"taxonomy":"product_brand","embeddable":true,"href":"https:\/\/guidetotheazores.pt\/it\/wp-json\/wp\/v2\/product_brand?post=13149"},{"taxonomy":"product_cat","embeddable":true,"href":"https:\/\/guidetotheazores.pt\/it\/wp-json\/wp\/v2\/product_cat?post=13149"},{"taxonomy":"product_tag","embeddable":true,"href":"https:\/\/guidetotheazores.pt\/it\/wp-json\/wp\/v2\/product_tag?post=13149"}],"curies":[{"name":"wp","href":"https:\/\/api.w.org\/{rel}","templated":true}]}}