{"id":13162,"date":"2024-02-05T17:01:26","date_gmt":"2024-02-05T18:01:26","guid":{"rendered":"https:\/\/guidetotheazores.pt\/product\/van-tour-costa-ovest-mezza-giornata\/"},"modified":"2024-02-05T17:01:26","modified_gmt":"2024-02-05T18:01:26","slug":"van-tour-costa-ovest-mezza-giornata","status":"publish","type":"product","link":"https:\/\/guidetotheazores.pt\/it\/prodotto\/van-tour-costa-ovest-mezza-giornata\/","title":{"rendered":"VAN TOUR &#8211; Costa Ovest (mezza giornata)"},"content":{"rendered":"<h2>La parte occidentale dell&#8217;isola di Terceira \u00e8 una delle zone pi\u00f9 ambite!<\/h2>\n<h3>Durata: 3 ore<\/h3>\n<h3>Informazioni su<\/h3>\n<p>La parte occidentale dell&#8217;isola di Terceira \u00e8 una delle zone pi\u00f9 ambite, con splendidi paesaggi offerti da punti panoramici sparsi in diverse localit\u00e0, oltre a numerose aree di svago e molto altro da esplorare. Questo tour include anche una degustazione di formaggi.<\/p>\n<h3>Punti salienti<\/h3>\n<p>Monte Brasile<br \/>\nChiese e imperi<br \/>\nS\u00e3o Mateus<br \/>\nForesta di Serreta<br \/>\nPiscine naturali di Biscoitos<\/p>\n<h3>Include:<\/h3>\n<p>Guida turistica<br \/>\nDegustazione di formaggi<br \/>\nAssicurazione infortuni personali<br \/>\nPick up e drop off a Angra do Hero\u00edsmo<\/p>\n<h3>Punto di incontro:<\/h3>\n<p>Il nostro ufficio ad Angra do Hero\u00edsmo<\/p>\n","protected":false},"excerpt":{"rendered":"<p>La parte occidentale dell&#8217;isola di Terceira \u00e8 una delle zone pi\u00f9 ambite, con splendidi paesaggi offerti da punti panoramici sparsi in diverse localit\u00e0, oltre a numerose aree di svago e molto altro da esplorare. Questo tour include anche una degustazione di formaggi.<\/p>\n","protected":false},"featured_media":12607,"comment_status":"open","ping_status":"closed","template":"","meta":{"_acf_changed":false},"product_brand":[],"product_cat":[338],"product_tag":[],"class_list":{"0":"post-13162","1":"product","2":"type-product","3":"status-publish","4":"has-post-thumbnail","6":"product_cat-uncategorized","8":"first","9":"instock","10":"sold-individually","11":"taxable","12":"shipping-taxable","13":"purchasable","14":"product-type-phive_booking"},"acf":[],"_links":{"self":[{"href":"https:\/\/guidetotheazores.pt\/it\/wp-json\/wp\/v2\/product\/13162","targetHints":{"allow":["GET"]}}],"collection":[{"href":"https:\/\/guidetotheazores.pt\/it\/wp-json\/wp\/v2\/product"}],"about":[{"href":"https:\/\/guidetotheazores.pt\/it\/wp-json\/wp\/v2\/types\/product"}],"replies":[{"embeddable":true,"href":"https:\/\/guidetotheazores.pt\/it\/wp-json\/wp\/v2\/comments?post=13162"}],"wp:featuredmedia":[{"embeddable":true,"href":"https:\/\/guidetotheazores.pt\/it\/wp-json\/wp\/v2\/media\/12607"}],"wp:attachment":[{"href":"https:\/\/guidetotheazores.pt\/it\/wp-json\/wp\/v2\/media?parent=13162"}],"wp:term":[{"taxonomy":"product_brand","embeddable":true,"href":"https:\/\/guidetotheazores.pt\/it\/wp-json\/wp\/v2\/product_brand?post=13162"},{"taxonomy":"product_cat","embeddable":true,"href":"https:\/\/guidetotheazores.pt\/it\/wp-json\/wp\/v2\/product_cat?post=13162"},{"taxonomy":"product_tag","embeddable":true,"href":"https:\/\/guidetotheazores.pt\/it\/wp-json\/wp\/v2\/product_tag?post=13162"}],"curies":[{"name":"wp","href":"https:\/\/api.w.org\/{rel}","templated":true}]}}