{"id":13374,"date":"2024-02-06T15:17:47","date_gmt":"2024-02-06T16:17:47","guid":{"rendered":"https:\/\/guidetotheazores.pt\/product\/scalata-notturna-del-monte-pico-2\/"},"modified":"2026-02-06T06:35:31","modified_gmt":"2026-02-06T07:35:31","slug":"scalata-notturna-del-monte-pico-2","status":"publish","type":"product","link":"https:\/\/guidetotheazores.pt\/it\/prodotto\/scalata-notturna-del-monte-pico-2\/","title":{"rendered":"Spettacolare scalata notturna del Monte Pico"},"content":{"rendered":"<p><span style=\"color: #000000;font-family: Helvetica Neue, Helvetica, Roboto, Arial, sans-serif;font-size: medium\">La proposta \u00e8 allettante, ma richiede la migliore preparazione fisica.<\/span><\/p>\n<p><span style=\"color: #000000;font-family: Helvetica Neue, Helvetica, Roboto, Arial, sans-serif;font-size: medium\">Percorrere la salita pi\u00f9 impegnativa, circondati dalla bellezza selvaggia del cratere vulcanico e dalla tranquillit\u00e0 del cielo notturno, d\u00e0 una sensazione di appagamento e di profonda connessione con la natura indescrivibile.<\/span><\/p>\n<p><span style=\"color: #000000;font-family: Helvetica Neue, Helvetica, Roboto, Arial, sans-serif;font-size: medium\">Questa non \u00e8 solo un&#8217;avventura, \u00e8 il viaggio di una vita.<\/span><\/p>\n<p><strong>Nota importante! Prima di prenotare, vai alla sezione &#8220;Allegati&#8221; qui sopra, scarica e compila il modulo per ogni partecipante. <\/strong><\/p>\n<p>&nbsp;<\/p>\n","protected":false},"excerpt":{"rendered":"<p>Compiere l&#8217;ascesa pi\u00f9 impegnativa, circondati dalla bellezza selvaggia del cratere vulcanico e dalla tranquillit\u00e0 del cielo notturno, offre una sensazione di appagamento e una profonda connessione con la natura che \u00e8 indescrivibile.<br \/>\nQuesta non \u00e8 solo un&#8217;avventura, \u00e8 un viaggio di una vita.<br \/>\nNota importante! Prima di prenotare, vai alla sezione &#8220;Allegati&#8221;, scarica e compila il modulo per ogni partecipante. <\/p>\n","protected":false},"featured_media":13369,"comment_status":"open","ping_status":"closed","template":"","meta":{"_acf_changed":false},"product_brand":[],"product_cat":[19256,19261,637,19271],"product_tag":[19326],"class_list":{"0":"post-13374","1":"product","2":"type-product","3":"status-publish","4":"has-post-thumbnail","6":"product_cat-attivita","7":"product_cat-pico-it","8":"product_cat-tutte-le-isole","9":"product_cat-escursioni","10":"product_tag-isoladipico","12":"first","13":"instock","14":"virtual","15":"sold-individually","16":"taxable","17":"purchasable","18":"product-type-phive_booking"},"acf":[],"_links":{"self":[{"href":"https:\/\/guidetotheazores.pt\/it\/wp-json\/wp\/v2\/product\/13374","targetHints":{"allow":["GET"]}}],"collection":[{"href":"https:\/\/guidetotheazores.pt\/it\/wp-json\/wp\/v2\/product"}],"about":[{"href":"https:\/\/guidetotheazores.pt\/it\/wp-json\/wp\/v2\/types\/product"}],"replies":[{"embeddable":true,"href":"https:\/\/guidetotheazores.pt\/it\/wp-json\/wp\/v2\/comments?post=13374"}],"wp:featuredmedia":[{"embeddable":true,"href":"https:\/\/guidetotheazores.pt\/it\/wp-json\/wp\/v2\/media\/13369"}],"wp:attachment":[{"href":"https:\/\/guidetotheazores.pt\/it\/wp-json\/wp\/v2\/media?parent=13374"}],"wp:term":[{"taxonomy":"product_brand","embeddable":true,"href":"https:\/\/guidetotheazores.pt\/it\/wp-json\/wp\/v2\/product_brand?post=13374"},{"taxonomy":"product_cat","embeddable":true,"href":"https:\/\/guidetotheazores.pt\/it\/wp-json\/wp\/v2\/product_cat?post=13374"},{"taxonomy":"product_tag","embeddable":true,"href":"https:\/\/guidetotheazores.pt\/it\/wp-json\/wp\/v2\/product_tag?post=13374"}],"curies":[{"name":"wp","href":"https:\/\/api.w.org\/{rel}","templated":true}]}}