{"id":13597,"date":"2024-02-06T15:34:24","date_gmt":"2024-02-06T16:34:24","guid":{"rendered":"https:\/\/guidetotheazores.pt\/product\/e-bike-tour-monte-brasil\/"},"modified":"2026-02-06T06:42:04","modified_gmt":"2026-02-06T07:42:04","slug":"e-bike-tour-monte-brasil","status":"publish","type":"product","link":"https:\/\/guidetotheazores.pt\/it\/prodotto\/e-bike-tour-monte-brasil\/","title":{"rendered":"E-BIKE TOUR al Monte Brasil &#8211; Isola di Terceira"},"content":{"rendered":"<h1 style=\"border: 0px; margin: 0px 0px 0.55em; padding: 0px; font-size: 1.6em; line-height: 1.2; color: #1f2428; font-family: Roboto, -apple-system, BlinkMacSystemFont, 'Segoe UI', Oxygen, Ubuntu, Cantarell, 'Fira Sans', 'Droid Sans', 'Helvetica Neue', sans-serif;\">I punti pi\u00f9 alti offrono una vista panoramica sulla citt\u00e0 di Angra do Hero\u00edsmo!<\/h1>\n<h2 style=\"border: 0px; margin: 1.3em 0px 0.55em; padding: 0px; font-size: 1.4em; line-height: 1.2; color: #1f2428; font-family: Roboto, -apple-system, BlinkMacSystemFont, 'Segoe UI', Oxygen, Ubuntu, Cantarell, 'Fira Sans', 'Droid Sans', 'Helvetica Neue', sans-serif;\">Durata<\/h2>\n<p style=\"border: 0px; margin: 0px 0px 1.1em; padding: 0px; color: #1f2428; font-family: Roboto, -apple-system, BlinkMacSystemFont, 'Segoe UI', Oxygen, Ubuntu, Cantarell, 'Fira Sans', 'Droid Sans', 'Helvetica Neue', sans-serif; font-size: 15px; letter-spacing: 0.13px;\">1H30 &#8211; 2H<\/p>\n<h2 style=\"border: 0px; margin: 1.3em 0px 0.55em; padding: 0px; font-size: 1.4em; line-height: 1.2; color: #1f2428; font-family: Roboto, -apple-system, BlinkMacSystemFont, 'Segoe UI', Oxygen, Ubuntu, Cantarell, 'Fira Sans', 'Droid Sans', 'Helvetica Neue', sans-serif;\">Livello facile<\/h2>\n<h2 style=\"border: 0px; margin: 1.3em 0px 0.55em; padding: 0px; font-size: 1.4em; line-height: 1.2; color: #1f2428; font-family: Roboto, -apple-system, BlinkMacSystemFont, 'Segoe UI', Oxygen, Ubuntu, Cantarell, 'Fira Sans', 'Droid Sans', 'Helvetica Neue', sans-serif;\">Circa<\/h2>\n<p style=\"border: 0px; margin: 0px 0px 1.1em; padding: 0px; color: #1f2428; font-family: Roboto, -apple-system, BlinkMacSystemFont, 'Segoe UI', Oxygen, Ubuntu, Cantarell, 'Fira Sans', 'Droid Sans', 'Helvetica Neue', sans-serif; font-size: 15px; letter-spacing: 0.13px;\">Vieni a conoscere il Monte Brasil nel modo pi\u00f9 divertente e fai un tour in fuoristrada proprio nel mezzo di questo vulcano classificato come riserva naturale!<br \/>\nCon l&#8217;E-Bike ci spingiamo fino alla cima del Monte Brasil, fino al punto panoramico di Cruzinhas, ricco di natura e di animali al suo interno; passiamo anche vicino all&#8217;area militare portoghese e storica.<\/p>\n<h2 style=\"border: 0px; margin: 1.3em 0px 0.55em; padding: 0px; font-size: 1.4em; line-height: 1.2; color: #1f2428; font-family: Roboto, -apple-system, BlinkMacSystemFont, 'Segoe UI', Oxygen, Ubuntu, Cantarell, 'Fira Sans', 'Droid Sans', 'Helvetica Neue', sans-serif;\">Punti salienti:<\/h2>\n<ul style=\"border: 0px; margin: 0px 0px 1.1em; padding: 0px; color: #1f2428; font-family: Roboto, -apple-system, BlinkMacSystemFont, 'Segoe UI', Oxygen, Ubuntu, Cantarell, 'Fira Sans', 'Droid Sans', 'Helvetica Neue', sans-serif; font-size: 15px; letter-spacing: 0.13px;\">\n<li style=\"border: 0px; margin: 0px 0px 0px 1.6em; padding: 0px;\">Percorsi off-road<\/li>\n<li style=\"border: 0px; margin: 0.275em 0px 0px 1.6em; padding: 0px;\">Punto di vista di Cruzinhas<\/li>\n<li style=\"border: 0px; margin: 0.275em 0px 0px 1.6em; padding: 0px;\">Punto di vista del cratere del vulcano<\/li>\n<li style=\"border: 0px; margin: 0.275em 0px 0px 1.6em; padding: 0px;\">Ermida St\u00ba Ant\u00f3nio da Grota<\/li>\n<li style=\"border: 0px; margin: 0.275em 0px 0px 1.6em; padding: 0px;\">Vista sulla citt\u00e0<\/li>\n<\/ul>\n<h2 style=\"border: 0px; margin: 1.3em 0px 0.55em; padding: 0px; font-size: 1.4em; line-height: 1.2; color: #1f2428; font-family: Roboto, -apple-system, BlinkMacSystemFont, 'Segoe UI', Oxygen, Ubuntu, Cantarell, 'Fira Sans', 'Droid Sans', 'Helvetica Neue', sans-serif;\">Include:<\/h2>\n<ul style=\"border: 0px; margin: 0px 0px 1.1em; padding: 0px; color: #1f2428; font-family: Roboto, -apple-system, BlinkMacSystemFont, 'Segoe UI', Oxygen, Ubuntu, Cantarell, 'Fira Sans', 'Droid Sans', 'Helvetica Neue', sans-serif; font-size: 15px; letter-spacing: 0.13px;\">\n<li style=\"border: 0px; margin: 0px 0px 0px 1.6em; padding: 0px;\">Guida turistica<\/li>\n<li style=\"border: 0px; margin: 0.275em 0px 0px 1.6em; padding: 0px;\">Bicicletta elettrica<\/li>\n<li style=\"border: 0px; margin: 0.275em 0px 0px 1.6em; padding: 0px;\">Casco<\/li>\n<li style=\"border: 0px; margin: 0.275em 0px 0px 1.6em; padding: 0px;\">Assicurazione infortuni personali<\/li>\n<li style=\"border: 0px; margin: 0.275em 0px 0px 1.6em; padding: 0px;\">Pick up e Drop off a Angra do Hero\u00edsmo<\/li>\n<\/ul>\n<h2 style=\"border: 0px; margin: 1.3em 0px 0.55em; padding: 0px; font-size: 1.4em; line-height: 1.2; color: #1f2428; font-family: Roboto, -apple-system, BlinkMacSystemFont, 'Segoe UI', Oxygen, Ubuntu, Cantarell, 'Fira Sans', 'Droid Sans', 'Helvetica Neue', sans-serif;\">Punto di incontro:<\/h2>\n<ul style=\"border: 0px; margin: 0px 0px 1.1em; padding: 0px; color: #1f2428; font-family: Roboto, -apple-system, BlinkMacSystemFont, 'Segoe UI', Oxygen, Ubuntu, Cantarell, 'Fira Sans', 'Droid Sans', 'Helvetica Neue', sans-serif; font-size: 15px; letter-spacing: 0.13px;\">\n<li style=\"border: 0px; margin: 0px 0px 0px 1.6em; padding: 0px;\">Il nostro ufficio a Angra do Hero\u00edsmo<\/li>\n<\/ul>\n<p style=\"border: 0px; margin: 0px; padding: 0px; color: #1f2428; font-family: Roboto, -apple-system, BlinkMacSystemFont, 'Segoe UI', Oxygen, Ubuntu, Cantarell, 'Fira Sans', 'Droid Sans', 'Helvetica Neue', sans-serif; font-size: 15px; letter-spacing: 0.13px;\"><span style=\"font-weight: 900;\">Questa attivit\u00e0 non \u00e8 consigliata ai bambini di et\u00e0 inferiore ai 12 anni.<\/span><\/p>\n","protected":false},"excerpt":{"rendered":"<p>Tour in e-bike che offre viste panoramiche di Angra do Hero\u00edsmo dal vulcano Monte Brasil<\/p>\n","protected":false},"featured_media":13415,"comment_status":"open","ping_status":"closed","template":"","meta":{"_acf_changed":false},"product_brand":[],"product_cat":[19256,637,19257,19264,19278],"product_tag":[19320],"class_list":{"0":"post-13597","1":"product","2":"type-product","3":"status-publish","4":"has-post-thumbnail","6":"product_cat-attivita","7":"product_cat-tutte-le-isole","8":"product_cat-visite-guidate","9":"product_cat-cicloturismo","10":"product_cat-terceira-it","11":"product_tag-isoladiterceira","13":"first","14":"instock","15":"virtual","16":"sold-individually","17":"taxable","18":"purchasable","19":"product-type-phive_booking"},"acf":[],"_links":{"self":[{"href":"https:\/\/guidetotheazores.pt\/it\/wp-json\/wp\/v2\/product\/13597","targetHints":{"allow":["GET"]}}],"collection":[{"href":"https:\/\/guidetotheazores.pt\/it\/wp-json\/wp\/v2\/product"}],"about":[{"href":"https:\/\/guidetotheazores.pt\/it\/wp-json\/wp\/v2\/types\/product"}],"replies":[{"embeddable":true,"href":"https:\/\/guidetotheazores.pt\/it\/wp-json\/wp\/v2\/comments?post=13597"}],"wp:featuredmedia":[{"embeddable":true,"href":"https:\/\/guidetotheazores.pt\/it\/wp-json\/wp\/v2\/media\/13415"}],"wp:attachment":[{"href":"https:\/\/guidetotheazores.pt\/it\/wp-json\/wp\/v2\/media?parent=13597"}],"wp:term":[{"taxonomy":"product_brand","embeddable":true,"href":"https:\/\/guidetotheazores.pt\/it\/wp-json\/wp\/v2\/product_brand?post=13597"},{"taxonomy":"product_cat","embeddable":true,"href":"https:\/\/guidetotheazores.pt\/it\/wp-json\/wp\/v2\/product_cat?post=13597"},{"taxonomy":"product_tag","embeddable":true,"href":"https:\/\/guidetotheazores.pt\/it\/wp-json\/wp\/v2\/product_tag?post=13597"}],"curies":[{"name":"wp","href":"https:\/\/api.w.org\/{rel}","templated":true}]}}