{"id":13607,"date":"2024-02-06T16:16:52","date_gmt":"2024-02-06T17:16:52","guid":{"rendered":"https:\/\/guidetotheazores.pt\/product\/tour-segway-sao-sebastiao\/"},"modified":"2026-02-02T14:46:55","modified_gmt":"2026-02-02T15:46:55","slug":"tour-segway-sao-sebastiao","status":"publish","type":"product","link":"https:\/\/guidetotheazores.pt\/it\/prodotto\/tour-segway-sao-sebastiao\/","title":{"rendered":"TOUR SEGWAY a S\u00e3o Sebasti\u00e3o &#8211; Isola di Terceira"},"content":{"rendered":"<h1 style=\"border: 0px; margin: 0px 0px 0.55em; padding: 0px; font-size: 1.6em; line-height: 1.2; color: #1f2428; font-family: Roboto, -apple-system, BlinkMacSystemFont, 'Segoe UI', Oxygen, Ubuntu, Cantarell, 'Fira Sans', 'Droid Sans', 'Helvetica Neue', sans-serif;\">Un tour lungo la costa orientale dell&#8217;isola in Segway, un&#8217;esperienza indimenticabile!<\/h1>\n<h2 style=\"border: 0px; margin: 1.3em 0px 0.55em; padding: 0px; font-size: 1.4em; line-height: 1.2; color: #1f2428; font-family: Roboto, -apple-system, BlinkMacSystemFont, 'Segoe UI', Oxygen, Ubuntu, Cantarell, 'Fira Sans', 'Droid Sans', 'Helvetica Neue', sans-serif;\">Durata<\/h2>\n<p style=\"border: 0px; margin: 0px 0px 1.1em; padding: 0px; color: #1f2428; font-family: Roboto, -apple-system, BlinkMacSystemFont, 'Segoe UI', Oxygen, Ubuntu, Cantarell, 'Fira Sans', 'Droid Sans', 'Helvetica Neue', sans-serif; font-size: 15px; letter-spacing: 0.13px;\">1H30 &#8211; 2H<\/p>\n<h2 style=\"border: 0px; margin: 1.3em 0px 0.55em; padding: 0px; font-size: 1.4em; line-height: 1.2; color: #1f2428; font-family: Roboto, -apple-system, BlinkMacSystemFont, 'Segoe UI', Oxygen, Ubuntu, Cantarell, 'Fira Sans', 'Droid Sans', 'Helvetica Neue', sans-serif;\">Livello facile<\/h2>\n<h2 style=\"border: 0px; margin: 1.3em 0px 0.55em; padding: 0px; font-size: 1.4em; line-height: 1.2; color: #1f2428; font-family: Roboto, -apple-system, BlinkMacSystemFont, 'Segoe UI', Oxygen, Ubuntu, Cantarell, 'Fira Sans', 'Droid Sans', 'Helvetica Neue', sans-serif;\">Circa<\/h2>\n<p style=\"border: 0px; margin: 0px 0px 1.1em; padding: 0px; color: #1f2428; font-family: Roboto, -apple-system, BlinkMacSystemFont, 'Segoe UI', Oxygen, Ubuntu, Cantarell, 'Fira Sans', 'Droid Sans', 'Helvetica Neue', sans-serif; font-size: 15px; letter-spacing: 0.13px;\">Vieni a scoprire la costa orientale dell&#8217;isola di Terceira in un modo diverso, scopri i sentieri locali, le viste sui campi verdi, i punti panoramici, le piscine naturali e i panorami mozzafiato!<\/p>\n<h2 style=\"border: 0px; margin: 1.3em 0px 0.55em; padding: 0px; font-size: 1.4em; line-height: 1.2; color: #1f2428; font-family: Roboto, -apple-system, BlinkMacSystemFont, 'Segoe UI', Oxygen, Ubuntu, Cantarell, 'Fira Sans', 'Droid Sans', 'Helvetica Neue', sans-serif;\">Punti salienti<\/h2>\n<ul style=\"border: 0px; margin: 0px 0px 1.1em; padding: 0px; color: #1f2428; font-family: Roboto, -apple-system, BlinkMacSystemFont, 'Segoe UI', Oxygen, Ubuntu, Cantarell, 'Fira Sans', 'Droid Sans', 'Helvetica Neue', sans-serif; font-size: 15px; letter-spacing: 0.13px;\">\n<li style=\"border: 0px; margin: 0px 0px 0px 1.6em; padding: 0px;\">Piscine naturali di Porto Martins<\/li>\n<li style=\"border: 0px; margin: 0.275em 0px 0px 1.6em; padding: 0px;\">Capela Maria Vieira<\/li>\n<li style=\"border: 0px; margin: 0.275em 0px 0px 1.6em; padding: 0px;\">Forti di S\u00e3o Sebasti\u00e3o<\/li>\n<\/ul>\n<h2 style=\"border: 0px; margin: 1.3em 0px 0.55em; padding: 0px; font-size: 1.4em; line-height: 1.2; color: #1f2428; font-family: Roboto, -apple-system, BlinkMacSystemFont, 'Segoe UI', Oxygen, Ubuntu, Cantarell, 'Fira Sans', 'Droid Sans', 'Helvetica Neue', sans-serif;\">Include:<\/h2>\n<ul style=\"border: 0px; margin: 0px 0px 1.1em; padding: 0px; color: #1f2428; font-family: Roboto, -apple-system, BlinkMacSystemFont, 'Segoe UI', Oxygen, Ubuntu, Cantarell, 'Fira Sans', 'Droid Sans', 'Helvetica Neue', sans-serif; font-size: 15px; letter-spacing: 0.13px;\">\n<li style=\"border: 0px; margin: 0px 0px 0px 1.6em; padding: 0px;\">Guida turistica<\/li>\n<li style=\"border: 0px; margin: 0.275em 0px 0px 1.6em; padding: 0px;\">Segway<\/li>\n<li style=\"border: 0px; margin: 0.275em 0px 0px 1.6em; padding: 0px;\">Casco<\/li>\n<li style=\"border: 0px; margin: 0.275em 0px 0px 1.6em; padding: 0px;\">Assicurazione infortuni personali<\/li>\n<li style=\"border: 0px; margin: 0.275em 0px 0px 1.6em; padding: 0px;\">Pick up e drop off a Angra do Hero\u00edsmo<\/li>\n<\/ul>\n<h2 style=\"border: 0px; margin: 1.3em 0px 0.55em; padding: 0px; font-size: 1.4em; line-height: 1.2; color: #1f2428; font-family: Roboto, -apple-system, BlinkMacSystemFont, 'Segoe UI', Oxygen, Ubuntu, Cantarell, 'Fira Sans', 'Droid Sans', 'Helvetica Neue', sans-serif;\">Punto di incontro:<\/h2>\n<ul style=\"border: 0px; margin: 0px 0px 1.1em; padding: 0px; color: #1f2428; font-family: Roboto, -apple-system, BlinkMacSystemFont, 'Segoe UI', Oxygen, Ubuntu, Cantarell, 'Fira Sans', 'Droid Sans', 'Helvetica Neue', sans-serif; font-size: 15px; letter-spacing: 0.13px;\">\n<li style=\"border: 0px; margin: 0px 0px 0px 1.6em; padding: 0px;\">Parcheggio Porto Martins<\/li>\n<\/ul>\n<p style=\"border: 0px; margin: 0px; padding: 0px; color: #1f2428; font-family: Roboto, -apple-system, BlinkMacSystemFont, 'Segoe UI', Oxygen, Ubuntu, Cantarell, 'Fira Sans', 'Droid Sans', 'Helvetica Neue', sans-serif; font-size: 15px; letter-spacing: 0.13px;\"><span style=\"font-weight: 900;\">Questa attivit\u00e0 non \u00e8 consigliata ai bambini di et\u00e0 inferiore ai 12 anni.<\/span><\/p>\n","protected":false},"excerpt":{"rendered":"<p>Tour in segway alla scoperta della costa orientale di S\u00e3o Sebasti\u00e3o con piscine naturali e fortezze<\/p>\n","protected":false},"featured_media":13477,"comment_status":"open","ping_status":"closed","template":"","meta":{"_acf_changed":false},"product_brand":[],"product_cat":[19256,637,19257,19278],"product_tag":[19320],"class_list":{"0":"post-13607","1":"product","2":"type-product","3":"status-publish","4":"has-post-thumbnail","6":"product_cat-attivita","7":"product_cat-tutte-le-isole","8":"product_cat-visite-guidate","9":"product_cat-terceira-it","10":"product_tag-isoladiterceira","12":"first","13":"instock","14":"sold-individually","15":"taxable","16":"shipping-taxable","17":"purchasable","18":"product-type-phive_booking"},"acf":[],"_links":{"self":[{"href":"https:\/\/guidetotheazores.pt\/it\/wp-json\/wp\/v2\/product\/13607","targetHints":{"allow":["GET"]}}],"collection":[{"href":"https:\/\/guidetotheazores.pt\/it\/wp-json\/wp\/v2\/product"}],"about":[{"href":"https:\/\/guidetotheazores.pt\/it\/wp-json\/wp\/v2\/types\/product"}],"replies":[{"embeddable":true,"href":"https:\/\/guidetotheazores.pt\/it\/wp-json\/wp\/v2\/comments?post=13607"}],"wp:featuredmedia":[{"embeddable":true,"href":"https:\/\/guidetotheazores.pt\/it\/wp-json\/wp\/v2\/media\/13477"}],"wp:attachment":[{"href":"https:\/\/guidetotheazores.pt\/it\/wp-json\/wp\/v2\/media?parent=13607"}],"wp:term":[{"taxonomy":"product_brand","embeddable":true,"href":"https:\/\/guidetotheazores.pt\/it\/wp-json\/wp\/v2\/product_brand?post=13607"},{"taxonomy":"product_cat","embeddable":true,"href":"https:\/\/guidetotheazores.pt\/it\/wp-json\/wp\/v2\/product_cat?post=13607"},{"taxonomy":"product_tag","embeddable":true,"href":"https:\/\/guidetotheazores.pt\/it\/wp-json\/wp\/v2\/product_tag?post=13607"}],"curies":[{"name":"wp","href":"https:\/\/api.w.org\/{rel}","templated":true}]}}