{"id":13881,"date":"2024-02-11T06:32:46","date_gmt":"2024-02-11T07:32:46","guid":{"rendered":"https:\/\/guidetotheazores.pt\/product\/subida-a-montanha-do-pico\/"},"modified":"2026-02-01T10:02:05","modified_gmt":"2026-02-01T11:02:05","slug":"subida-a-montanha-do-pico","status":"publish","type":"product","link":"https:\/\/guidetotheazores.pt\/it\/prodotto\/subida-a-montanha-do-pico\/","title":{"rendered":"Scalata del monte Pico: Il punto pi\u00f9 alto del Portogallo &#8211; 2351 metri"},"content":{"rendered":"<p><span style=\"color: #57646f;font-family: -apple-system, 'system-ui', Roboto, 'Helvetica Neue', sans-serif;font-size: 14px\">Questa \u00e8 l&#8217;avventura pi\u00f9 iconica e memorabile delle Azzorre, perfetta per chi \u00e8 in buone condizioni fisiche, anche senza alcuna esperienza alpinistica. Una sfida nella giusta misura, che ricorderai sicuramente per il resto della tua vita. Vieni con noi per sfruttare al meglio ogni momento con la sicurezza e la motivazione che solo una guida esperta pu\u00f2 darti. Durante l&#8217;avventura, imparerai a conoscere meglio i vulcani e la biodiversit\u00e0 delle Azzorre, grazie alle guide professionali che ti accompagneranno.   <\/span><\/p>\n","protected":false},"excerpt":{"rendered":"<p>Escursione di un giorno alla cima del Monte Pico (2351 m), la vetta pi\u00f9 alta del Portogallo!<\/p>\n","protected":false},"featured_media":18616,"comment_status":"open","ping_status":"closed","template":"","meta":{"_acf_changed":false},"product_brand":[],"product_cat":[19256,19261,637,19271],"product_tag":[19326],"class_list":{"0":"post-13881","1":"product","2":"type-product","3":"status-publish","4":"has-post-thumbnail","6":"product_cat-attivita","7":"product_cat-pico-it","8":"product_cat-tutte-le-isole","9":"product_cat-escursioni","10":"product_tag-isoladipico","12":"first","13":"instock","14":"virtual","15":"sold-individually","16":"taxable","17":"purchasable","18":"product-type-phive_booking"},"acf":[],"_links":{"self":[{"href":"https:\/\/guidetotheazores.pt\/it\/wp-json\/wp\/v2\/product\/13881","targetHints":{"allow":["GET"]}}],"collection":[{"href":"https:\/\/guidetotheazores.pt\/it\/wp-json\/wp\/v2\/product"}],"about":[{"href":"https:\/\/guidetotheazores.pt\/it\/wp-json\/wp\/v2\/types\/product"}],"replies":[{"embeddable":true,"href":"https:\/\/guidetotheazores.pt\/it\/wp-json\/wp\/v2\/comments?post=13881"}],"wp:featuredmedia":[{"embeddable":true,"href":"https:\/\/guidetotheazores.pt\/it\/wp-json\/wp\/v2\/media\/18616"}],"wp:attachment":[{"href":"https:\/\/guidetotheazores.pt\/it\/wp-json\/wp\/v2\/media?parent=13881"}],"wp:term":[{"taxonomy":"product_brand","embeddable":true,"href":"https:\/\/guidetotheazores.pt\/it\/wp-json\/wp\/v2\/product_brand?post=13881"},{"taxonomy":"product_cat","embeddable":true,"href":"https:\/\/guidetotheazores.pt\/it\/wp-json\/wp\/v2\/product_cat?post=13881"},{"taxonomy":"product_tag","embeddable":true,"href":"https:\/\/guidetotheazores.pt\/it\/wp-json\/wp\/v2\/product_tag?post=13881"}],"curies":[{"name":"wp","href":"https:\/\/api.w.org\/{rel}","templated":true}]}}