{"id":14248,"date":"2024-02-12T17:38:15","date_gmt":"2024-02-12T18:38:15","guid":{"rendered":"https:\/\/guidetotheazores.pt\/product\/osservazione-delle-balene-e-tour-in-barca-dellisolotto\/"},"modified":"2026-02-02T14:47:47","modified_gmt":"2026-02-02T15:47:47","slug":"osservazione-delle-balene-e-tour-in-barca-dellisolotto","status":"publish","type":"product","link":"https:\/\/guidetotheazores.pt\/it\/prodotto\/osservazione-delle-balene-e-tour-in-barca-dellisolotto\/","title":{"rendered":"Osservazione delle balene e tour in barca dell&#8217;isolotto"},"content":{"rendered":"<p style=\"color: #000000;font-family: 'Helvetica Neue', Helvetica, Roboto, Arial, sans-serif;margin: 0px 0px 20px\">Ci vediamo alla Marina di Vila Franca do Campo per il check-in all&#8217;orario indicato.<\/p>\n<p style=\"color: #000000;font-family: 'Helvetica Neue', Helvetica, Roboto, Arial, sans-serif;margin: 0px 0px 20px\">Il viaggio inizia con un breve briefing che introduce le specie locali di cetacei (balene e delfini), i loro modelli migratori e comportamentali e la sicurezza a bordo.<\/p>\n<p style=\"color: #000000;font-family: 'Helvetica Neue', Helvetica, Roboto, Arial, sans-serif;margin: 0px 0px 20px\">Segui la Guida e lo Skipper fino alla tua barca designata e prendi il largo. Le vedette nell&#8217;entroterra aiutano a localizzare i nostri amici e forniscono indicazioni via radio VHF sul punto in cui l&#8217;imbarcazione viagger\u00e0, inizialmente ad alta velocit\u00e0. Avvicinandosi con cura ai nostri amici, la tua Guida ti terr\u00e0 informato, raccoglier\u00e0 immagini e dati sul campo per la ricerca locale e sar\u00e0 sempre a disposizione per rispondere a qualsiasi domanda specifica: non esitare a chiedere.<\/p>\n<p style=\"color: #000000;font-family: 'Helvetica Neue', Helvetica, Roboto, Arial, sans-serif;margin: 0px 0px 20px\">La fauna marina pu\u00f2 essere osservata tutto l&#8217;anno. \u00c8 possibile osservare pi\u00f9 di 25 specie di cetacei, i capodogli sono stanziali insieme a 3 specie di delfini e un&#8217;abbondante biodiversit\u00e0 marina.<\/p>\n<p style=\"color: #000000;font-family: 'Helvetica Neue', Helvetica, Roboto, Arial, sans-serif;margin: 0px 0px 20px\">Al ritorno alla Marina, la barca far\u00e0 un giro intorno all&#8217;isolotto Princess Ring di Vila Franca do Campo, per osservare da vicino la meraviglia vulcanica e la fauna residente.<\/p>\n<p style=\"color: #000000;font-family: 'Helvetica Neue', Helvetica, Roboto, Arial, sans-serif;margin: 0px 0px 20px\">Prima di partire:<br \/>\n\u25cf Mangia leggero, porta con te acqua, crema solare, burrocacao, occhiali da sole e vestiti caldi. \u00c8 consentito consumare cibo leggero ed \u00e8 essenziale portare con s\u00e9 una macchina fotografica &#8211; proteggi l&#8217;attrezzatura personale.<br \/>\nNon \u00e8 adatto a persone in gravidanza, con la schiena debole, su una sedia a rotelle, in condizioni di salute delicate o di et\u00e0 inferiore ai 4 anni.<\/p>\n<p style=\"color: #000000;font-family: 'Helvetica Neue', Helvetica, Roboto, Arial, sans-serif;margin: 0px 0px 20px\">Inclusioni<br \/>\n\u25cf Guida esperta della fauna selvatica<br \/>\n\u25cf Skipper esperto<br \/>\n\u25cf Barca Zodiac RIB (12 o 28 persone)<br \/>\n\u25cf Tuta integrale impermeabile e giubbotto di salvataggio<br \/>\n\u25cf Assicurazione<\/p>\n<p style=\"color: #000000;font-family: 'Helvetica Neue', Helvetica, Roboto, Arial, sans-serif;margin: 0px 0px 20px\">Esclusioni<br \/>\n\u25cf Ritiro e consegna in albergo<br \/>\n\u25cf Rifornimento di acqua personale<\/p>\n","protected":false},"excerpt":{"rendered":"<p>Incontraci al porto turistico di Vila Franca do Campo per il check-in all&#8217;orario indicato<br \/>\nIl viaggio inizia con un breve briefing che introduce le specie locali di cetacei (balene e delfini), le loro migrazioni e i loro modelli comportamentali e la sicurezza a bordo<br \/>\nSegui la guida e lo skipper fino alla barca designata ed esci in mare. Le vedette nell&#8217;entroterra aiutano a localizzare i nostri amici e forniscono indicazioni via radio VHF sul punto in cui l&#8217;imbarcazione viagger\u00e0, inizialmente ad alta velocit\u00e0. Avvicinandoti con cura ai nostri amici, la tua Guida ti terr\u00e0 informato, raccoglier\u00e0 immagini e dati sul campo per la ricerca locale e sar\u00e0 sempre disponibile a fornire risposte a qualsiasi domanda specifica: non esitare a chiedere a<br \/>\nLa fauna marina pu\u00f2 essere osservata tutto l&#8217;anno. \u00c8 possibile osservare pi\u00f9 di 25 specie di cetacei, i capodogli sono stanziali insieme a 3 specie di delfini e un&#8217;abbondante biodiversit\u00e0 marina.<\/p>\n","protected":false},"featured_media":13949,"comment_status":"open","ping_status":"closed","template":"","meta":{"_acf_changed":false},"product_brand":[],"product_cat":[19256,19258,19305,637],"product_tag":[19323],"class_list":{"0":"post-14248","1":"product","2":"type-product","3":"status-publish","4":"has-post-thumbnail","6":"product_cat-attivita","7":"product_cat-osservazione-delle-balene","8":"product_cat-sao-miguel-it","9":"product_cat-tutte-le-isole","10":"product_tag-isoladisanmiguel","12":"first","13":"instock","14":"virtual","15":"sold-individually","16":"taxable","17":"purchasable","18":"product-type-phive_booking"},"acf":[],"_links":{"self":[{"href":"https:\/\/guidetotheazores.pt\/it\/wp-json\/wp\/v2\/product\/14248","targetHints":{"allow":["GET"]}}],"collection":[{"href":"https:\/\/guidetotheazores.pt\/it\/wp-json\/wp\/v2\/product"}],"about":[{"href":"https:\/\/guidetotheazores.pt\/it\/wp-json\/wp\/v2\/types\/product"}],"replies":[{"embeddable":true,"href":"https:\/\/guidetotheazores.pt\/it\/wp-json\/wp\/v2\/comments?post=14248"}],"wp:featuredmedia":[{"embeddable":true,"href":"https:\/\/guidetotheazores.pt\/it\/wp-json\/wp\/v2\/media\/13949"}],"wp:attachment":[{"href":"https:\/\/guidetotheazores.pt\/it\/wp-json\/wp\/v2\/media?parent=14248"}],"wp:term":[{"taxonomy":"product_brand","embeddable":true,"href":"https:\/\/guidetotheazores.pt\/it\/wp-json\/wp\/v2\/product_brand?post=14248"},{"taxonomy":"product_cat","embeddable":true,"href":"https:\/\/guidetotheazores.pt\/it\/wp-json\/wp\/v2\/product_cat?post=14248"},{"taxonomy":"product_tag","embeddable":true,"href":"https:\/\/guidetotheazores.pt\/it\/wp-json\/wp\/v2\/product_tag?post=14248"}],"curies":[{"name":"wp","href":"https:\/\/api.w.org\/{rel}","templated":true}]}}