{"id":14804,"date":"2024-02-17T06:12:06","date_gmt":"2024-02-17T07:12:06","guid":{"rendered":"https:\/\/guidetotheazores.pt\/product\/giornata-intera-alla-scoperta-di-faial\/"},"modified":"2026-02-01T10:01:01","modified_gmt":"2026-02-01T11:01:01","slug":"giornata-intera-alla-scoperta-di-faial","status":"publish","type":"product","link":"https:\/\/guidetotheazores.pt\/it\/prodotto\/giornata-intera-alla-scoperta-di-faial\/","title":{"rendered":"Giornata intera alla scoperta di Faial &#8211; Tour privato"},"content":{"rendered":"<p><span style=\"color: #000000;font-family: 'Helvetica Neue', Helvetica, Roboto, Arial, sans-serif;font-size: medium\">Il nostro tour in auto di una giornata intera a Faial ci porter\u00e0 in giro per l&#8217;isola in modo divertente e coinvolgente. Visiteremo Caldeira do Faial, il vulcano Capelinhos, Faj\u00e3 da Praia do Norte e altri luoghi. Il nostro itinerario \u00e8 sempre una sorpresa.  <\/span><\/p>\n<p><span style=\"color: #000000;font-family: 'Helvetica Neue', Helvetica, Roboto, Arial, sans-serif;font-size: medium\">Poich\u00e9 il tour \u00e8 privato, abbiamo la flessibilit\u00e0 di adattare ogni tour alle preferenze dei nostri clienti e alle condizioni meteorologiche. Le nostre guide amano condividere la storia e la cultura dell&#8217;isola e le loro conoscenze sulle Azzorre in generale.  <\/span><\/p>\n<p><span style=\"color: #000000;font-family: 'Helvetica Neue', Helvetica, Roboto, Arial, sans-serif;font-size: medium\">Se sei interessato, siamo felici di fermarci per una nuotata nell&#8217;oceano durante l&#8217;estate o per una piccola escursione. Il nostro tour in auto su Faial \u00e8 di 8 ore con pranzo incluso.<\/span><\/p>\n","protected":false},"excerpt":{"rendered":"<p>Il nostro tour in auto di una giornata intera a Faial ci porter\u00e0 in giro per l&#8217;isola in modo divertente e coinvolgente. Visiteremo Caldeira do Faial, il vulcano Capelinhos, Faj\u00e3 da Praia do Norte e altri luoghi. Il nostro itinerario \u00e8 sempre una sorpresa.<\/p>\n","protected":false},"featured_media":14519,"comment_status":"open","ping_status":"closed","template":"","meta":{"_acf_changed":false},"product_brand":[],"product_cat":[19256,638,637,19257],"product_tag":[19332],"class_list":{"0":"post-14804","1":"product","2":"type-product","3":"status-publish","4":"has-post-thumbnail","6":"product_cat-attivita","7":"product_cat-faial-it","8":"product_cat-tutte-le-isole","9":"product_cat-visite-guidate","10":"product_tag-isoladifaial","12":"first","13":"instock","14":"virtual","15":"sold-individually","16":"taxable","17":"purchasable","18":"product-type-phive_booking"},"acf":[],"_links":{"self":[{"href":"https:\/\/guidetotheazores.pt\/it\/wp-json\/wp\/v2\/product\/14804","targetHints":{"allow":["GET"]}}],"collection":[{"href":"https:\/\/guidetotheazores.pt\/it\/wp-json\/wp\/v2\/product"}],"about":[{"href":"https:\/\/guidetotheazores.pt\/it\/wp-json\/wp\/v2\/types\/product"}],"replies":[{"embeddable":true,"href":"https:\/\/guidetotheazores.pt\/it\/wp-json\/wp\/v2\/comments?post=14804"}],"wp:featuredmedia":[{"embeddable":true,"href":"https:\/\/guidetotheazores.pt\/it\/wp-json\/wp\/v2\/media\/14519"}],"wp:attachment":[{"href":"https:\/\/guidetotheazores.pt\/it\/wp-json\/wp\/v2\/media?parent=14804"}],"wp:term":[{"taxonomy":"product_brand","embeddable":true,"href":"https:\/\/guidetotheazores.pt\/it\/wp-json\/wp\/v2\/product_brand?post=14804"},{"taxonomy":"product_cat","embeddable":true,"href":"https:\/\/guidetotheazores.pt\/it\/wp-json\/wp\/v2\/product_cat?post=14804"},{"taxonomy":"product_tag","embeddable":true,"href":"https:\/\/guidetotheazores.pt\/it\/wp-json\/wp\/v2\/product_tag?post=14804"}],"curies":[{"name":"wp","href":"https:\/\/api.w.org\/{rel}","templated":true}]}}