{"id":14913,"date":"2024-02-19T08:30:39","date_gmt":"2024-02-19T09:30:39","guid":{"rendered":"https:\/\/guidetotheazores.pt\/product\/casa-da-boa-vista\/"},"modified":"2026-02-06T06:37:16","modified_gmt":"2026-02-06T07:37:16","slug":"casa-da-boa-vista","status":"publish","type":"product","link":"https:\/\/guidetotheazores.pt\/it\/prodotto\/casa-da-boa-vista\/","title":{"rendered":"Casa da Boa Vista &#8211; Isola di Faial"},"content":{"rendered":"<p><span style=\"color: #1a1a1a; font-family: 'system-ui', -apple-system, 'Segoe UI', Roboto, Helvetica, Arial, sans-serif; font-size: 14px;\">Casas da Boa Vista si trova a Horta, a 12 km da Caldeira e a 24 km da Capelinhos. La connessione WiFi \u00e8 gratuita in tutta la struttura. L&#8217;alloggio \u00e8 dotato di un&#8217;area salotto. Alcune unit\u00e0 includono una terrazza e\/o un balcone con vista sul mare o sulle montagne. C&#8217;\u00e8 anche una cucina, dotata di forno, microonde e tostapane. Sono presenti anche un frigorifero, un piano cottura, una macchina per il caff\u00e8 e un bollitore. Ogni unit\u00e0 dispone di un bagno privato con vasca. La casa vacanze dispone di un parcheggio privato gratuito. L&#8217;area \u00e8 famosa per le immersioni. Gli ospiti possono praticare diverse attivit\u00e0 nei dintorni, tra cui ciclismo, pesca ed escursionismo. L&#8217;aeroporto pi\u00f9 vicino \u00e8 quello di Horta, a 15,5 km da Casas da Boa Vista.<\/span><\/p>\n","protected":false},"excerpt":{"rendered":"<p><span style=\"color: #1a1a1a; font-family: 'system-ui', -apple-system, 'Segoe UI', Roboto, Helvetica, Arial, sans-serif; font-size: 14px;\">Casas da Boa Vista si trova a Horta, a 12 km da Caldeira e a 24 km da Capelinhos. La connessione WiFi \u00e8 gratuita in tutta la struttura. L&#8217;alloggio \u00e8 dotato di un&#8217;area salotto. Alcune unit\u00e0 includono una terrazza e\/o un balcone con vista sul mare o sulle montagne. C&#8217;\u00e8 anche una cucina, dotata di forno, microonde e tostapane. Sono presenti anche un frigorifero, un piano cottura, una macchina per il caff\u00e8 e un bollitore. Ogni unit\u00e0 dispone di un bagno privato con vasca. La casa vacanze dispone di un parcheggio privato gratuito. L&#8217;area \u00e8 famosa per le immersioni. Gli ospiti possono praticare diverse attivit\u00e0 nei dintorni, tra cui ciclismo, pesca ed escursionismo. L&#8217;aeroporto pi\u00f9 vicino \u00e8 quello di Horta, a 15,5 km da Casas da Boa Vista.<\/span><\/p>\n","protected":false},"featured_media":14885,"comment_status":"open","ping_status":"closed","template":"","meta":{"_acf_changed":false},"product_brand":[],"product_cat":[634,638,624,637],"product_tag":[19332],"class_list":{"0":"post-14913","1":"product","2":"type-product","3":"status-publish","4":"has-post-thumbnail","6":"product_cat-alloggiamento-locale","7":"product_cat-faial-it","8":"product_cat-sistemazione","9":"product_cat-tutte-le-isole","10":"product_tag-isoladifaial","12":"first","13":"instock","14":"virtual","15":"sold-individually","16":"taxable","17":"purchasable","18":"product-type-phive_booking"},"acf":[],"_links":{"self":[{"href":"https:\/\/guidetotheazores.pt\/it\/wp-json\/wp\/v2\/product\/14913","targetHints":{"allow":["GET"]}}],"collection":[{"href":"https:\/\/guidetotheazores.pt\/it\/wp-json\/wp\/v2\/product"}],"about":[{"href":"https:\/\/guidetotheazores.pt\/it\/wp-json\/wp\/v2\/types\/product"}],"replies":[{"embeddable":true,"href":"https:\/\/guidetotheazores.pt\/it\/wp-json\/wp\/v2\/comments?post=14913"}],"wp:featuredmedia":[{"embeddable":true,"href":"https:\/\/guidetotheazores.pt\/it\/wp-json\/wp\/v2\/media\/14885"}],"wp:attachment":[{"href":"https:\/\/guidetotheazores.pt\/it\/wp-json\/wp\/v2\/media?parent=14913"}],"wp:term":[{"taxonomy":"product_brand","embeddable":true,"href":"https:\/\/guidetotheazores.pt\/it\/wp-json\/wp\/v2\/product_brand?post=14913"},{"taxonomy":"product_cat","embeddable":true,"href":"https:\/\/guidetotheazores.pt\/it\/wp-json\/wp\/v2\/product_cat?post=14913"},{"taxonomy":"product_tag","embeddable":true,"href":"https:\/\/guidetotheazores.pt\/it\/wp-json\/wp\/v2\/product_tag?post=14913"}],"curies":[{"name":"wp","href":"https:\/\/api.w.org\/{rel}","templated":true}]}}