{"id":15082,"date":"2024-02-20T09:01:09","date_gmt":"2024-02-20T10:01:09","guid":{"rendered":"https:\/\/guidetotheazores.pt\/product\/gita-in-banana-tour-privato-a-pico\/"},"modified":"2026-01-04T13:33:52","modified_gmt":"2026-01-04T14:33:52","slug":"gita-in-banana-tour-privato-a-pico","status":"publish","type":"product","link":"https:\/\/guidetotheazores.pt\/it\/prodotto\/gita-in-banana-tour-privato-a-pico\/","title":{"rendered":"Gita in banana &#8211; Tour privato a Pico"},"content":{"rendered":"<p style=\"color: #000000;font-family: 'Helvetica Neue', Helvetica, Roboto, Arial, sans-serif;margin: 0px 0px 20px\"><span style=\"font-size: medium\">Il Banana Trip \u00e8 un tour culturale di un&#8217;intera giornata nell&#8217;isola di Pico. Di solito ci concentriamo sulla costa meridionale dell&#8217;isola di Pico. Impareremo a conoscere la cultura del vino e il paesaggio dei vigneti patrimonio dell&#8217;UNESCO. Inoltre, comprenderemo meglio l&#8217;importanza della cultura baleniera delle Azzorre, visitando alcuni siti storici, come il Museo della Balena.  <\/span><\/p>\n<p style=\"color: #000000;font-family: 'Helvetica Neue', Helvetica, Roboto, Arial, sans-serif;margin: 0px 0px 20px\"><span style=\"font-size: medium\">\u00c8 incluso un pranzo tradizionale nel villaggio di Lajes. Nel mezzo, apprezzeremo diverse piscine naturali di marea e visiteremo l&#8217;interno dell&#8217;isola, l&#8217;Altopiano di Pico Central. Lo chiamiamo Banana Trip, perch\u00e9 l&#8217;obiettivo finale \u00e8 visitare la nostra piantagione di banane. Per controllare se c&#8217;\u00e8 un mazzo di banane mature, pronte per essere raccolte.  <\/span><\/p>\n<p style=\"color: #000000;font-family: 'Helvetica Neue', Helvetica, Roboto, Arial, sans-serif;margin: 0px 0px 20px\"><span style=\"font-size: medium\">Il Banana Trip \u00e8 un tour culturale privato nell&#8217;isola di Pico che offre un&#8217;esperienza esclusiva. Il prezzo include tutte le spese dall&#8217;isola di Faial e ritorno.<\/span><\/p>\n","protected":false},"excerpt":{"rendered":"<p style=\"color: #000000;font-family: 'Helvetica Neue', Helvetica, Roboto, Arial, sans-serif;margin: 0px 0px 20px\"><span style=\"font-size: medium\">Il Banana Trip \u00e8 un tour culturale di un&#8217;intera giornata nell&#8217;isola di Pico. Di solito ci concentriamo sulla costa meridionale dell&#8217;isola di Pico. Impareremo a conoscere la cultura del vino e il paesaggio dei vigneti patrimonio dell&#8217;UNESCO. Inoltre, comprenderemo meglio l&#8217;importanza della cultura baleniera delle Azzorre, visitando alcuni siti storici, come il Museo della Balena.<\/span><\/p>\n<p style=\"color: #000000;font-family: 'Helvetica Neue', Helvetica, Roboto, Arial, sans-serif;margin: 0px 0px 20px\"><span style=\"font-size: medium\">\u00c8 incluso un pranzo tradizionale nel villaggio di Lajes. Nel mezzo, apprezzeremo diverse piscine naturali di marea e visiteremo l&#8217;interno dell&#8217;isola, l&#8217;Altopiano di Pico Central. Lo chiamiamo Banana Trip, perch\u00e9 l&#8217;obiettivo finale \u00e8 visitare la nostra piantagione di banane. Per controllare se c&#8217;\u00e8 un mazzo di banane mature, pronte per essere raccolte.<\/span><\/p>\n<p style=\"color: #000000;font-family: 'Helvetica Neue', Helvetica, Roboto, Arial, sans-serif;margin: 0px 0px 20px\"><span style=\"font-size: medium\">Il Banana Trip \u00e8 un tour culturale privato nell&#8217;isola di Pico che offre un&#8217;esperienza esclusiva. Il prezzo include tutte le spese dall&#8217;isola di Faial e ritorno.<\/span><\/p>\n","protected":false},"featured_media":14961,"comment_status":"open","ping_status":"closed","template":"","meta":{"_acf_changed":false},"product_brand":[],"product_cat":[19256,19261,637,19257],"product_tag":[19326],"class_list":{"0":"post-15082","1":"product","2":"type-product","3":"status-publish","4":"has-post-thumbnail","6":"product_cat-attivita","7":"product_cat-pico-it","8":"product_cat-tutte-le-isole","9":"product_cat-visite-guidate","10":"product_tag-isoladipico","12":"first","13":"instock","14":"virtual","15":"sold-individually","16":"taxable","17":"purchasable","18":"product-type-phive_booking"},"acf":[],"_links":{"self":[{"href":"https:\/\/guidetotheazores.pt\/it\/wp-json\/wp\/v2\/product\/15082","targetHints":{"allow":["GET"]}}],"collection":[{"href":"https:\/\/guidetotheazores.pt\/it\/wp-json\/wp\/v2\/product"}],"about":[{"href":"https:\/\/guidetotheazores.pt\/it\/wp-json\/wp\/v2\/types\/product"}],"replies":[{"embeddable":true,"href":"https:\/\/guidetotheazores.pt\/it\/wp-json\/wp\/v2\/comments?post=15082"}],"wp:featuredmedia":[{"embeddable":true,"href":"https:\/\/guidetotheazores.pt\/it\/wp-json\/wp\/v2\/media\/14961"}],"wp:attachment":[{"href":"https:\/\/guidetotheazores.pt\/it\/wp-json\/wp\/v2\/media?parent=15082"}],"wp:term":[{"taxonomy":"product_brand","embeddable":true,"href":"https:\/\/guidetotheazores.pt\/it\/wp-json\/wp\/v2\/product_brand?post=15082"},{"taxonomy":"product_cat","embeddable":true,"href":"https:\/\/guidetotheazores.pt\/it\/wp-json\/wp\/v2\/product_cat?post=15082"},{"taxonomy":"product_tag","embeddable":true,"href":"https:\/\/guidetotheazores.pt\/it\/wp-json\/wp\/v2\/product_tag?post=15082"}],"curies":[{"name":"wp","href":"https:\/\/api.w.org\/{rel}","templated":true}]}}