{"id":15084,"date":"2024-02-20T08:55:30","date_gmt":"2024-02-20T09:55:30","guid":{"rendered":"https:\/\/guidetotheazores.pt\/product\/trail-running-su-faial-tour-privato\/"},"modified":"2026-01-04T13:32:02","modified_gmt":"2026-01-04T14:32:02","slug":"trail-running-su-faial-tour-privato","status":"publish","type":"product","link":"https:\/\/guidetotheazores.pt\/it\/prodotto\/trail-running-su-faial-tour-privato\/","title":{"rendered":"Trail running su Faial &#8211; Tour privato"},"content":{"rendered":"<p style=\"color: #000000;font-family: 'Helvetica Neue', Helvetica, Roboto, Arial, sans-serif;margin: 0px 0px 20px\">Il trail running su Faial \u00e8 un modo divertente per conoscere l&#8217;isola. Il sentiero dei 10 vulcani \u00e8 probabilmente il miglior percorso di trail running di media distanza di Faial e fa parte della gara Azores Trail Run. Questo percorso offre un modo semplice per visitare la citt\u00e0 a chi porta con s\u00e9 le scarpe da corsa ovunque vada.<\/p>\n<p style=\"color: #000000;font-family: 'Helvetica Neue', Helvetica, Roboto, Arial, sans-serif;margin: 0px 0px 20px\">Durante il tour, avremo la possibilit\u00e0 di conoscere la natura e la cultura dell&#8217;isola mentre corriamo. La nostra guida di trail runner imposter\u00e0 il giusto ritmo in modo che tutti si sentano a proprio agio durante l&#8217;avventura. A seconda del tempo, ci sar\u00e0 un po&#8217; di tempo per rilassarsi ed eventualmente nuotare quando avremo finito.<\/p>\n<p style=\"color: #000000;font-family: 'Helvetica Neue', Helvetica, Roboto, Arial, sans-serif;margin: 0px 0px 20px\">Sebbene il Sentiero dei 10 Vulcani sia un&#8217;ottima scelta per il trail running a Faial, capiamo che potrebbe essere troppo impegnativo o semplicemente non essere quello che stai cercando. I nostri tour sono privati, quindi non esitare a contattarci se cerchi un percorso pi\u00f9 breve o un percorso diverso. Saremo lieti di progettare un&#8217;opzione di trail running diversa. Guarda la nostra ultima avventura con Mirna Valerio e il suo team, &#8220;Mirnavator&#8221;.<\/p>\n","protected":false},"excerpt":{"rendered":"<p><span style=\"color: #000000;font-family: 'Helvetica Neue', Helvetica, Roboto, Arial, sans-serif\">Il trail running su Faial \u00e8 un modo divertente per conoscere l&#8217;isola. Il sentiero dei 10 vulcani \u00e8 probabilmente il miglior percorso di trail running di media distanza di Faial e fa parte della gara Azores Trail Run. Questo percorso offre un modo semplice per visitare la citt\u00e0 a chi porta con s\u00e9 le scarpe da corsa ovunque vada.  <\/span><\/p>\n<p>&nbsp;<\/p>\n","protected":false},"featured_media":14954,"comment_status":"open","ping_status":"closed","template":"","meta":{"_acf_changed":false},"product_brand":[],"product_cat":[19256,638,637,19257],"product_tag":[19332],"class_list":{"0":"post-15084","1":"product","2":"type-product","3":"status-publish","4":"has-post-thumbnail","6":"product_cat-attivita","7":"product_cat-faial-it","8":"product_cat-tutte-le-isole","9":"product_cat-visite-guidate","10":"product_tag-isoladifaial","12":"first","13":"instock","14":"virtual","15":"sold-individually","16":"taxable","17":"purchasable","18":"product-type-phive_booking"},"acf":[],"_links":{"self":[{"href":"https:\/\/guidetotheazores.pt\/it\/wp-json\/wp\/v2\/product\/15084","targetHints":{"allow":["GET"]}}],"collection":[{"href":"https:\/\/guidetotheazores.pt\/it\/wp-json\/wp\/v2\/product"}],"about":[{"href":"https:\/\/guidetotheazores.pt\/it\/wp-json\/wp\/v2\/types\/product"}],"replies":[{"embeddable":true,"href":"https:\/\/guidetotheazores.pt\/it\/wp-json\/wp\/v2\/comments?post=15084"}],"wp:featuredmedia":[{"embeddable":true,"href":"https:\/\/guidetotheazores.pt\/it\/wp-json\/wp\/v2\/media\/14954"}],"wp:attachment":[{"href":"https:\/\/guidetotheazores.pt\/it\/wp-json\/wp\/v2\/media?parent=15084"}],"wp:term":[{"taxonomy":"product_brand","embeddable":true,"href":"https:\/\/guidetotheazores.pt\/it\/wp-json\/wp\/v2\/product_brand?post=15084"},{"taxonomy":"product_cat","embeddable":true,"href":"https:\/\/guidetotheazores.pt\/it\/wp-json\/wp\/v2\/product_cat?post=15084"},{"taxonomy":"product_tag","embeddable":true,"href":"https:\/\/guidetotheazores.pt\/it\/wp-json\/wp\/v2\/product_tag?post=15084"}],"curies":[{"name":"wp","href":"https:\/\/api.w.org\/{rel}","templated":true}]}}