{"id":15085,"date":"2024-02-20T09:09:08","date_gmt":"2024-02-20T10:09:08","guid":{"rendered":"https:\/\/guidetotheazores.pt\/product\/discesa-della-caldeira-tour-privato-a-faial\/"},"modified":"2026-02-01T10:01:05","modified_gmt":"2026-02-01T11:01:05","slug":"discesa-della-caldeira-tour-privato-a-faial","status":"publish","type":"product","link":"https:\/\/guidetotheazores.pt\/it\/prodotto\/discesa-della-caldeira-tour-privato-a-faial\/","title":{"rendered":"Discesa della Caldeira &#8211; Tour privato a Faial"},"content":{"rendered":"<p style=\"color: #000000; font-family: 'Helvetica Neue', Helvetica, Roboto, Arial, sans-serif; margin: 0px 0px 20px;\">La Caldeira di Faial \u00e8 una riserva naturale dal 1972 (categoria I &#8211; IUCN). Si tratta di un cratere vulcanico di crollo con caratteristiche uniche. Poich\u00e9 la Discesa della Caldeira di Faial \u00e8 un&#8217;esperienza cos\u00ec speciale, il Parco Naturale di Faial controlla l&#8217;accesso al fondo, rilasciando solo un numero limitato di permessi. Per questo motivo \u00e8 obbligatorio avere una guida certificata per la Discesa di Caldeira.<\/p>\n<p style=\"color: #000000; font-family: 'Helvetica Neue', Helvetica, Roboto, Arial, sans-serif; margin: 0px 0px 20px;\">La Caldeira di Faial \u00e8 una delle ultime roccaforti della foresta nativa delle Azzorre. \u00c8 qui che si trova oltre il 60% delle specie endemiche delle Azzorre e dove puoi sperimentare come erano le Azzorre prima dell&#8217;insediamento umano. Il sentiero \u00e8 difficile perch\u00e9 \u00e8 molto stretto e ripido e, a volte, \u00e8 necessario arrampicarsi. La biodiversit\u00e0 della Caldeira \u00e8 composta da diversi habitat umidi. Pertanto, \u00e8 comune trovare fango e aree allagate sul fondo.<\/p>\n","protected":false},"excerpt":{"rendered":"<p style=\"color: #000000; font-family: 'Helvetica Neue', Helvetica, Roboto, Arial, sans-serif; margin: 0px 0px 20px;\">La Caldeira di Faial \u00e8 una riserva naturale dal 1972 (categoria I &#8211; IUCN). Si tratta di un cratere vulcanico di crollo con caratteristiche uniche. Poich\u00e9 la Discesa della Caldeira di Faial \u00e8 un&#8217;esperienza cos\u00ec speciale, il Parco Naturale di Faial controlla l&#8217;accesso al fondo, rilasciando solo un numero limitato di permessi. Per questo motivo \u00e8 obbligatorio avere una guida certificata per la Discesa di Caldeira.<\/p>\n","protected":false},"featured_media":14971,"comment_status":"open","ping_status":"closed","template":"","meta":{"_acf_changed":false},"product_brand":[],"product_cat":[19256,638,637,19257],"product_tag":[19332],"class_list":{"0":"post-15085","1":"product","2":"type-product","3":"status-publish","4":"has-post-thumbnail","6":"product_cat-attivita","7":"product_cat-faial-it","8":"product_cat-tutte-le-isole","9":"product_cat-visite-guidate","10":"product_tag-isoladifaial","12":"first","13":"instock","14":"virtual","15":"sold-individually","16":"taxable","17":"purchasable","18":"product-type-phive_booking"},"acf":[],"_links":{"self":[{"href":"https:\/\/guidetotheazores.pt\/it\/wp-json\/wp\/v2\/product\/15085","targetHints":{"allow":["GET"]}}],"collection":[{"href":"https:\/\/guidetotheazores.pt\/it\/wp-json\/wp\/v2\/product"}],"about":[{"href":"https:\/\/guidetotheazores.pt\/it\/wp-json\/wp\/v2\/types\/product"}],"replies":[{"embeddable":true,"href":"https:\/\/guidetotheazores.pt\/it\/wp-json\/wp\/v2\/comments?post=15085"}],"wp:featuredmedia":[{"embeddable":true,"href":"https:\/\/guidetotheazores.pt\/it\/wp-json\/wp\/v2\/media\/14971"}],"wp:attachment":[{"href":"https:\/\/guidetotheazores.pt\/it\/wp-json\/wp\/v2\/media?parent=15085"}],"wp:term":[{"taxonomy":"product_brand","embeddable":true,"href":"https:\/\/guidetotheazores.pt\/it\/wp-json\/wp\/v2\/product_brand?post=15085"},{"taxonomy":"product_cat","embeddable":true,"href":"https:\/\/guidetotheazores.pt\/it\/wp-json\/wp\/v2\/product_cat?post=15085"},{"taxonomy":"product_tag","embeddable":true,"href":"https:\/\/guidetotheazores.pt\/it\/wp-json\/wp\/v2\/product_tag?post=15085"}],"curies":[{"name":"wp","href":"https:\/\/api.w.org\/{rel}","templated":true}]}}