{"id":15086,"date":"2024-02-20T09:18:22","date_gmt":"2024-02-20T10:18:22","guid":{"rendered":"https:\/\/guidetotheazores.pt\/product\/10-sentiero-dei-vulcani-tour-privato-faial\/"},"modified":"2026-01-04T13:31:37","modified_gmt":"2026-01-04T14:31:37","slug":"10-sentiero-dei-vulcani-tour-privato-faial","status":"publish","type":"product","link":"https:\/\/guidetotheazores.pt\/it\/prodotto\/10-sentiero-dei-vulcani-tour-privato-faial\/","title":{"rendered":"10 Sentiero dei Vulcani &#8211; Tour privato Faial"},"content":{"rendered":"<p><span style=\"color: #000000;font-family: 'Helvetica Neue', Helvetica, Roboto, Arial, sans-serif;font-size: medium\">Il Sentiero dei 10 Vulcani \u00e8 un&#8217;attivit\u00e0 di una giornata intera di 21 km ed \u00e8 l&#8217;escursione pi\u00f9 coinvolgente di Faial. Durante l&#8217;attivit\u00e0, vedremo molte cose dell&#8217;isola. L&#8217;escursione comprende i due punti di interesse pi\u00f9 famosi di Faial: Caldeira e il vulcano Capelinhos.  <\/span><\/p>\n<p><span style=\"color: #000000;font-family: 'Helvetica Neue', Helvetica, Roboto, Arial, sans-serif;font-size: medium\">Poich\u00e9 attraverseremo vari tipi di paesaggi, avremo l&#8217;opportunit\u00e0 di conoscere la foresta nativa delle Azzorre e le sue specie endemiche. Inizieremo vicino al punto pi\u00f9 alto dell&#8217;isola e finiremo al livello del mare.  <\/span><\/p>\n<p><span style=\"color: #000000;font-family: 'Helvetica Neue', Helvetica, Roboto, Arial, sans-serif;font-size: medium\">L&#8217;interpretazione geologica dell&#8217;isola segna l&#8217;esperienza. Il sentiero dei 10 vulcani si snoda verso ovest lungo il sistema vulcanico pi\u00f9 giovane di Faial.<\/span><\/p>\n","protected":false},"excerpt":{"rendered":"<p><span style=\"color: #000000;font-family: 'Helvetica Neue', Helvetica, Roboto, Arial, sans-serif;font-size: medium\">Il Sentiero dei 10 Vulcani \u00e8 un&#8217;attivit\u00e0 di una giornata intera di 21 km ed \u00e8 l&#8217;escursione pi\u00f9 coinvolgente di Faial. Durante l&#8217;attivit\u00e0, vedremo molte cose dell&#8217;isola. L&#8217;escursione comprende i due punti di interesse pi\u00f9 famosi di Faial: Caldeira e il vulcano Capelinhos.<\/span><\/p>\n","protected":false},"featured_media":14984,"comment_status":"open","ping_status":"closed","template":"","meta":{"_acf_changed":false},"product_brand":[],"product_cat":[19256,638,637,19257],"product_tag":[19332],"class_list":{"0":"post-15086","1":"product","2":"type-product","3":"status-publish","4":"has-post-thumbnail","6":"product_cat-attivita","7":"product_cat-faial-it","8":"product_cat-tutte-le-isole","9":"product_cat-visite-guidate","10":"product_tag-isoladifaial","12":"first","13":"instock","14":"virtual","15":"sold-individually","16":"taxable","17":"purchasable","18":"product-type-phive_booking"},"acf":[],"_links":{"self":[{"href":"https:\/\/guidetotheazores.pt\/it\/wp-json\/wp\/v2\/product\/15086","targetHints":{"allow":["GET"]}}],"collection":[{"href":"https:\/\/guidetotheazores.pt\/it\/wp-json\/wp\/v2\/product"}],"about":[{"href":"https:\/\/guidetotheazores.pt\/it\/wp-json\/wp\/v2\/types\/product"}],"replies":[{"embeddable":true,"href":"https:\/\/guidetotheazores.pt\/it\/wp-json\/wp\/v2\/comments?post=15086"}],"wp:featuredmedia":[{"embeddable":true,"href":"https:\/\/guidetotheazores.pt\/it\/wp-json\/wp\/v2\/media\/14984"}],"wp:attachment":[{"href":"https:\/\/guidetotheazores.pt\/it\/wp-json\/wp\/v2\/media?parent=15086"}],"wp:term":[{"taxonomy":"product_brand","embeddable":true,"href":"https:\/\/guidetotheazores.pt\/it\/wp-json\/wp\/v2\/product_brand?post=15086"},{"taxonomy":"product_cat","embeddable":true,"href":"https:\/\/guidetotheazores.pt\/it\/wp-json\/wp\/v2\/product_cat?post=15086"},{"taxonomy":"product_tag","embeddable":true,"href":"https:\/\/guidetotheazores.pt\/it\/wp-json\/wp\/v2\/product_tag?post=15086"}],"curies":[{"name":"wp","href":"https:\/\/api.w.org\/{rel}","templated":true}]}}