{"id":15089,"date":"2024-02-20T09:25:13","date_gmt":"2024-02-20T10:25:13","guid":{"rendered":"https:\/\/guidetotheazores.pt\/product\/giro-del-sentiero-di-caldeira-tour-privato-a-faial\/"},"modified":"2026-01-04T13:31:28","modified_gmt":"2026-01-04T14:31:28","slug":"giro-del-sentiero-di-caldeira-tour-privato-a-faial","status":"publish","type":"product","link":"https:\/\/guidetotheazores.pt\/it\/prodotto\/giro-del-sentiero-di-caldeira-tour-privato-a-faial\/","title":{"rendered":"Giro del sentiero di Caldeira &#8211; Tour privato a Faial"},"content":{"rendered":"<p><span style=\"color: #000000;font-family: 'Helvetica Neue', Helvetica, Roboto, Arial, sans-serif;font-size: medium\">Il sentiero intorno al bordo di Caldeira \u00e8 il pi\u00f9 alto di Faial. Caldeira \u00e8 un cratere vulcanico di crollo molto particolare perch\u00e9 l&#8217;alta quota permette di interpretare geologicamente la maggior parte delle caratteristiche di Faial. L&#8217;interno della Caldeira \u00e8 uno dei pi\u00f9 importanti siti di conservazione della natura delle Azzorre.  <\/span><\/p>\n<p><span style=\"color: #000000;font-family: 'Helvetica Neue', Helvetica, Roboto, Arial, sans-serif;font-size: medium\">Questo sentiero ci offre anche l&#8217;opportunit\u00e0 di conoscere la flora autoctona perch\u00e9 alcune specie si sono adattate a vivere sul bordo esposto ai venti forti. Le nostre guide non ti consigliano di visitarla in una giornata di pioggia o di vento, ma in una giornata limpida potrai vedere virtualmente tutta l&#8217;isola.<\/span><\/p>\n","protected":false},"excerpt":{"rendered":"<p style=\"color: #000000;font-family: 'Helvetica Neue', Helvetica, Roboto, Arial, sans-serif;margin: 0px 0px 20px\"><span style=\"font-size: medium\">Il sentiero intorno al bordo di Caldeira \u00e8 il pi\u00f9 alto di Faial. Caldeira \u00e8 un cratere vulcanico di crollo molto particolare perch\u00e9 l&#8217;alta quota permette di interpretare geologicamente la maggior parte delle caratteristiche di Faial. L&#8217;interno della Caldeira \u00e8 uno dei pi\u00f9 importanti siti di conservazione della natura delle Azzorre.<\/span><\/p>\n","protected":false},"featured_media":14994,"comment_status":"open","ping_status":"closed","template":"","meta":{"_acf_changed":false},"product_brand":[],"product_cat":[19256,638,637,19257],"product_tag":[19332],"class_list":{"0":"post-15089","1":"product","2":"type-product","3":"status-publish","4":"has-post-thumbnail","6":"product_cat-attivita","7":"product_cat-faial-it","8":"product_cat-tutte-le-isole","9":"product_cat-visite-guidate","10":"product_tag-isoladifaial","12":"first","13":"instock","14":"virtual","15":"sold-individually","16":"taxable","17":"purchasable","18":"product-type-phive_booking"},"acf":[],"_links":{"self":[{"href":"https:\/\/guidetotheazores.pt\/it\/wp-json\/wp\/v2\/product\/15089","targetHints":{"allow":["GET"]}}],"collection":[{"href":"https:\/\/guidetotheazores.pt\/it\/wp-json\/wp\/v2\/product"}],"about":[{"href":"https:\/\/guidetotheazores.pt\/it\/wp-json\/wp\/v2\/types\/product"}],"replies":[{"embeddable":true,"href":"https:\/\/guidetotheazores.pt\/it\/wp-json\/wp\/v2\/comments?post=15089"}],"wp:featuredmedia":[{"embeddable":true,"href":"https:\/\/guidetotheazores.pt\/it\/wp-json\/wp\/v2\/media\/14994"}],"wp:attachment":[{"href":"https:\/\/guidetotheazores.pt\/it\/wp-json\/wp\/v2\/media?parent=15089"}],"wp:term":[{"taxonomy":"product_brand","embeddable":true,"href":"https:\/\/guidetotheazores.pt\/it\/wp-json\/wp\/v2\/product_brand?post=15089"},{"taxonomy":"product_cat","embeddable":true,"href":"https:\/\/guidetotheazores.pt\/it\/wp-json\/wp\/v2\/product_cat?post=15089"},{"taxonomy":"product_tag","embeddable":true,"href":"https:\/\/guidetotheazores.pt\/it\/wp-json\/wp\/v2\/product_tag?post=15089"}],"curies":[{"name":"wp","href":"https:\/\/api.w.org\/{rel}","templated":true}]}}