{"id":15091,"date":"2024-02-20T09:31:02","date_gmt":"2024-02-20T10:31:02","guid":{"rendered":"https:\/\/guidetotheazores.pt\/product\/tour-in-mountain-bike-tour-privato-a-faial\/"},"modified":"2026-01-04T13:31:14","modified_gmt":"2026-01-04T14:31:14","slug":"tour-in-mountain-bike-tour-privato-a-faial","status":"publish","type":"product","link":"https:\/\/guidetotheazores.pt\/it\/prodotto\/tour-in-mountain-bike-tour-privato-a-faial\/","title":{"rendered":"Tour in mountain bike &#8211; Tour privato a Faial"},"content":{"rendered":"<p><span style=\"color: #000000;font-family: 'Helvetica Neue', Helvetica, Roboto, Arial, sans-serif;font-size: medium\">Il nostro tour in mountain bike attraversa l&#8217;isola di Faial da est a ovest. Si parte da Horta e si arriva al vulcano Capelinhos. Nel mezzo, vedremo la Caldeira di Faial.  <\/span><\/p>\n<p><span style=\"color: #000000;font-family: 'Helvetica Neue', Helvetica, Roboto, Arial, sans-serif;font-size: medium\">Questa corsa \u00e8 pensata per i ciclisti amatoriali o gli appassionati di sport che praticano sport di resistenza con costanza, almeno una volta alla settimana. Il percorso copre 45 km e 1320 m di dislivello. Utilizzeremo soprattutto strade sterrate e strade secondarie. L&#8217;itinerario pu\u00f2 cambiare, perch\u00e9 la nostra guida adatter\u00e0 il percorso in base alle condizioni meteorologiche e alla forma fisica del gruppo.  <\/span><\/p>\n<p><span style=\"color: #000000;font-family: 'Helvetica Neue', Helvetica, Roboto, Arial, sans-serif;font-size: medium\">La guida si muover\u00e0 al ritmo giusto in modo che tutti si sentano a proprio agio alla fine dell&#8217;avventura. Dopo la corsa potremmo avere un po&#8217; di tempo per rilassarci e nuotare, se le condizioni meteorologiche lo permettono. Il nostro tour in mountain bike \u00e8 un ottimo modo per attraversare l&#8217;isola di Faial, vedere molti paesaggi diversi e imparare molto sull&#8217;isola.  <\/span><\/p>\n<p><span style=\"color: #000000;font-family: 'Helvetica Neue', Helvetica, Roboto, Arial, sans-serif;font-size: medium\">Il tour include le biciclette e il trasporto a Horta. Non esitare a contattarci se stai cercando un percorso pi\u00f9 breve o diverso, personalizzato.<\/span><\/p>\n","protected":false},"excerpt":{"rendered":"<p><span style=\"color: #000000;font-family: 'Helvetica Neue', Helvetica, Roboto, Arial, sans-serif;font-size: medium\">Il nostro tour in mountain bike attraversa l&#8217;isola di Faial da est a ovest. Si parte da Horta e si arriva al vulcano Capelinhos. Nel mezzo, vedremo la Caldeira di Faial.<\/span><\/p>\n<p><span style=\"color: #000000;font-family: 'Helvetica Neue', Helvetica, Roboto, Arial, sans-serif;font-size: medium\">Questa corsa \u00e8 pensata per i ciclisti amatoriali o gli appassionati di sport che praticano sport di resistenza con costanza, almeno una volta alla settimana. Il percorso copre 45 km e 1320 m di dislivello. Utilizzeremo soprattutto strade sterrate e strade secondarie. L&#8217;itinerario pu\u00f2 subire variazioni, poich\u00e9 la nostra guida adatter\u00e0 il percorso in base alle condizioni meteorologiche e alla forma fisica del gruppo.<\/span><\/p>\n","protected":false},"featured_media":15001,"comment_status":"open","ping_status":"closed","template":"","meta":{"_acf_changed":false},"product_brand":[],"product_cat":[19256,638,637,19257],"product_tag":[19332],"class_list":{"0":"post-15091","1":"product","2":"type-product","3":"status-publish","4":"has-post-thumbnail","6":"product_cat-attivita","7":"product_cat-faial-it","8":"product_cat-tutte-le-isole","9":"product_cat-visite-guidate","10":"product_tag-isoladifaial","12":"first","13":"instock","14":"virtual","15":"sold-individually","16":"taxable","17":"purchasable","18":"product-type-phive_booking"},"acf":[],"_links":{"self":[{"href":"https:\/\/guidetotheazores.pt\/it\/wp-json\/wp\/v2\/product\/15091","targetHints":{"allow":["GET"]}}],"collection":[{"href":"https:\/\/guidetotheazores.pt\/it\/wp-json\/wp\/v2\/product"}],"about":[{"href":"https:\/\/guidetotheazores.pt\/it\/wp-json\/wp\/v2\/types\/product"}],"replies":[{"embeddable":true,"href":"https:\/\/guidetotheazores.pt\/it\/wp-json\/wp\/v2\/comments?post=15091"}],"wp:featuredmedia":[{"embeddable":true,"href":"https:\/\/guidetotheazores.pt\/it\/wp-json\/wp\/v2\/media\/15001"}],"wp:attachment":[{"href":"https:\/\/guidetotheazores.pt\/it\/wp-json\/wp\/v2\/media?parent=15091"}],"wp:term":[{"taxonomy":"product_brand","embeddable":true,"href":"https:\/\/guidetotheazores.pt\/it\/wp-json\/wp\/v2\/product_brand?post=15091"},{"taxonomy":"product_cat","embeddable":true,"href":"https:\/\/guidetotheazores.pt\/it\/wp-json\/wp\/v2\/product_cat?post=15091"},{"taxonomy":"product_tag","embeddable":true,"href":"https:\/\/guidetotheazores.pt\/it\/wp-json\/wp\/v2\/product_tag?post=15091"}],"curies":[{"name":"wp","href":"https:\/\/api.w.org\/{rel}","templated":true}]}}