{"id":15838,"date":"2024-03-02T15:22:30","date_gmt":"2024-03-02T16:22:30","guid":{"rendered":"https:\/\/guidetotheazores.pt\/product\/tour-vulcanico-di-mezza-giornata\/"},"modified":"2026-01-04T13:29:02","modified_gmt":"2026-01-04T14:29:02","slug":"tour-vulcanico-di-mezza-giornata","status":"publish","type":"product","link":"https:\/\/guidetotheazores.pt\/it\/prodotto\/tour-vulcanico-di-mezza-giornata\/","title":{"rendered":"Tour vulcanico di mezza giornata"},"content":{"rendered":"<p style=\"color: #000000;font-family: 'Helvetica Neue', Helvetica, Roboto, Arial, sans-serif;margin: 0px 0px 20px\">Si tratta di un&#8217;attivit\u00e0 incentrata sulla splendida natura dell&#8217;Isola di Pico. L&#8217;isola \u00e8 composta da oltre 200 vulcani e questo \u00e8 il palcoscenico di questo tour.<span class=\"Apple-converted-space\"> <\/span><\/p>\n<p style=\"color: #000000;font-family: 'Helvetica Neue', Helvetica, Roboto, Arial, sans-serif;margin: 0px 0px 20px\">Il tour ti porta a scoprire i bellissimi laghi e i punti panoramici mozzafiato dell&#8217;altopiano centrale. Potrai anche vivere un&#8217;avventura nel sottosuolo ed esplorare gli ipnotici tunnel di lava.<span class=\"Apple-converted-space\"> <\/span><\/p>\n<p style=\"color: #000000;font-family: 'Helvetica Neue', Helvetica, Roboto, Arial, sans-serif;margin: 0px 0px 20px\">Highlights<br \/>\n&#8211; Lagoa do Capit\u00e3o<br \/>\n&#8211; Lagoa Seca<br \/>\n&#8211; Lagoa do Paul<br \/>\n&#8211; Miradouro Pico da Urze<br \/>\n&#8211; Tunnel di lava lunghi diverse centinaia di metri<\/p>\n<p style=\"color: #000000;font-family: 'Helvetica Neue', Helvetica, Roboto, Arial, sans-serif;margin: 0px 0px 20px\">Punto di incontro<br \/>\n&#8211; Il tour inizia alle 9:00 presso il nostro ufficio nel porto di Lajes do Pico.<\/p>\n<p style=\"color: #000000;font-family: 'Helvetica Neue', Helvetica, Roboto, Arial, sans-serif;margin: 0px 0px 20px\">Incluso<br \/>\n&#8211; Trasporto<br \/>\n&#8211; Guida del Parco Naturale di Pico<br \/>\n&#8211; Assicurazione<br \/>\n&#8211; Casco, faro e guanti<\/p>\n","protected":false},"excerpt":{"rendered":"<p style=\"color: #000000;font-family: 'Helvetica Neue', Helvetica, Roboto, Arial, sans-serif;margin: 0px 0px 20px\">Si tratta di un&#8217;attivit\u00e0 incentrata sulla splendida natura dell&#8217;Isola di Pico. L&#8217;isola \u00e8 composta da oltre 200 vulcani e questo \u00e8 il palcoscenico di questo tour.<span class=\"Apple-converted-space\"> <\/span><\/p>\n<p style=\"color: #000000;font-family: 'Helvetica Neue', Helvetica, Roboto, Arial, sans-serif;margin: 0px 0px 20px\">Il tour ti porta a scoprire i bellissimi laghi e i punti panoramici mozzafiato dell&#8217;altopiano centrale. Potrai anche vivere un&#8217;avventura nel sottosuolo ed esplorare gli ipnotici tunnel di lava.<span class=\"Apple-converted-space\"> <\/span><\/p>\n<p style=\"color: #000000;font-family: 'Helvetica Neue', Helvetica, Roboto, Arial, sans-serif;margin: 0px 0px 20px\">Punto di incontro<br \/>\n&#8211; Il tour inizia alle 9:00 presso il nostro ufficio nel porto di Lajes do Pico.<\/p>\n<p>&nbsp;<\/p>\n","protected":false},"featured_media":15752,"comment_status":"open","ping_status":"closed","template":"","meta":{"_acf_changed":false},"product_brand":[],"product_cat":[19256,19261,637,19257,19269],"product_tag":[19326],"class_list":{"0":"post-15838","1":"product","2":"type-product","3":"status-publish","4":"has-post-thumbnail","6":"product_cat-attivita","7":"product_cat-pico-it","8":"product_cat-tutte-le-isole","9":"product_cat-visite-guidate","10":"product_cat-geoturismo","11":"product_tag-isoladipico","13":"first","14":"instock","15":"virtual","16":"sold-individually","17":"taxable","18":"purchasable","19":"product-type-phive_booking"},"acf":[],"_links":{"self":[{"href":"https:\/\/guidetotheazores.pt\/it\/wp-json\/wp\/v2\/product\/15838","targetHints":{"allow":["GET"]}}],"collection":[{"href":"https:\/\/guidetotheazores.pt\/it\/wp-json\/wp\/v2\/product"}],"about":[{"href":"https:\/\/guidetotheazores.pt\/it\/wp-json\/wp\/v2\/types\/product"}],"replies":[{"embeddable":true,"href":"https:\/\/guidetotheazores.pt\/it\/wp-json\/wp\/v2\/comments?post=15838"}],"wp:featuredmedia":[{"embeddable":true,"href":"https:\/\/guidetotheazores.pt\/it\/wp-json\/wp\/v2\/media\/15752"}],"wp:attachment":[{"href":"https:\/\/guidetotheazores.pt\/it\/wp-json\/wp\/v2\/media?parent=15838"}],"wp:term":[{"taxonomy":"product_brand","embeddable":true,"href":"https:\/\/guidetotheazores.pt\/it\/wp-json\/wp\/v2\/product_brand?post=15838"},{"taxonomy":"product_cat","embeddable":true,"href":"https:\/\/guidetotheazores.pt\/it\/wp-json\/wp\/v2\/product_cat?post=15838"},{"taxonomy":"product_tag","embeddable":true,"href":"https:\/\/guidetotheazores.pt\/it\/wp-json\/wp\/v2\/product_tag?post=15838"}],"curies":[{"name":"wp","href":"https:\/\/api.w.org\/{rel}","templated":true}]}}