{"id":15850,"date":"2024-02-28T17:48:29","date_gmt":"2024-02-28T18:48:29","guid":{"rendered":"https:\/\/guidetotheazores.pt\/product\/scalata-diurna-del-monte-pico\/"},"modified":"2026-05-05T20:36:09","modified_gmt":"2026-05-05T21:36:09","slug":"scalata-diurna-del-monte-pico","status":"publish","type":"product","link":"https:\/\/guidetotheazores.pt\/it\/prodotto\/scalata-diurna-del-monte-pico\/","title":{"rendered":"Scalata diurna del Monte Pico"},"content":{"rendered":"<p style=\"color: #000000; font-family: 'Helvetica Neue', Helvetica, Roboto, Arial, sans-serif; margin: 0px 0px 20px;\"><strong>La scalata del Monte Pico<\/strong> sar\u00e0 senza dubbio uno dei momenti salienti della vacanza! Si tratta di una vera e propria avventura che richiede un buon livello di fitness di base.<span class=\"Apple-converted-space\"> <\/span><\/p>\n<p>Il monte Pico, con i suoi 2.351 metri, offre una vista mozzafiato sull&#8217;Oceano Atlantico e sulle isole circostanti. Situato all&#8217;interno della Riserva del Parco Naturale di Pico, questo vulcano dormiente affascina gli scalatori e gli appassionati di outdoor, promettendo un&#8217;avventura indimenticabile. <\/p>\n<p>Con la nostra guida professionale, ti godrai una salita gratificante, dove la sicurezza \u00e8 la nostra priorit\u00e0 assoluta, scoprendo nel frattempo affascinanti informazioni sulla geologia e sul paesaggio vulcanico dell&#8217;isola.<\/p>\n<p style=\"color: #000000; font-family: 'Helvetica Neue', Helvetica, Roboto, Arial, sans-serif; margin: 0px 0px 20px;\">Iniziamo la salita dalla Casa da Montanha. Da l\u00ec, ci sono circa tre ore per raggiungere la vetta. Una volta arrivati in cima, il panorama \u00e8 mozzafiato. La discesa \u00e8 la parte pi\u00f9 dura della salita, ma noi siamo al tuo fianco con consigli e trucchi per renderla il pi\u00f9 agevole possibile.   <span class=\"Apple-converted-space\"> <\/span><\/p>\n<p style=\"color: #000000; font-family: 'Helvetica Neue', Helvetica, Roboto, Arial, sans-serif; margin: 0px 0px 20px;\">\u00c8 un&#8217;attivit\u00e0 da non perdere e che ti accompagner\u00e0 per tutta la vita. Un paesaggio naturale come non l&#8217;hai mai visto prima! <\/p>\n<p style=\"color: #000000; font-family: 'Helvetica Neue', Helvetica, Roboto, Arial, sans-serif; margin: 0px 0px 20px;\"><strong>Specifiche del percorso<\/strong><br \/>\nDistanza: 8 km<br \/>\n\u2191 1100 m di salita \u2193 1100 m di discesa<br \/>\nAltezza massima: 2351 m<br \/>\nAltezza minima: 1250 m<br \/>\nTempo: 7-8 ore<\/p>\n<p style=\"color: #000000; font-family: 'Helvetica Neue', Helvetica, Roboto, Arial, sans-serif; margin: 0px 0px 20px;\"><strong>Livello di difficolt\u00e0<\/strong><br \/>\nSforzo fisico: <strong>3<\/strong><br \/>\nDifficolt\u00e0 tecnica: <strong>2,5<\/strong><\/p>\n<p style=\"color: #000000; font-family: 'Helvetica Neue', Helvetica, Roboto, Arial, sans-serif; margin: 0px 0px 20px;\">Livelli di difficolt\u00e0:<br \/>\n1 &#8211; facile<br \/>\n1,5 &#8211; facile \/ medio<br \/>\n2 &#8211; medio<br \/>\n2,5 &#8211; medio \/ difficile<br \/>\n3 &#8211; difficile<\/p>\n","protected":false},"excerpt":{"rendered":"<p style=\"color: #000000; font-family: 'Helvetica Neue', Helvetica, Roboto, Arial, sans-serif; margin: 0px 0px 20px;\"><strong>La scalata del Monte Pico<\/strong> sar\u00e0 senza dubbio uno dei momenti salienti della vacanza! Si tratta di una vera e propria avventura che richiede un buon livello di fitness di base.<\/p>\n<p>Il monte Pico, con i suoi 2.351 metri, offre una vista mozzafiato sull&#8217;Oceano Atlantico e sulle isole circostanti.<\/p>\n<p><script src=\"https:\/\/fareharbor.com\/embeds\/script\/calendar\/hominisnatura\/items\/724411\/?asn=fhdn-eur&amp;asn-ref=guidetotheazores&amp;ref=guidetotheazores&amp;bookable-only=yes&amp;full-items=yes&amp;marketplace=yes&amp;flow=no&amp;branding=no\"><\/script><\/p>\n<div class=\"flex items-start gap-4 mb-4 last:mb-0\" data-v-68eac83b=\"\">\n<div class=\"min-w-0 flex-1\"><label class=\"fh-label\" data-v-671f692c=\"\"><span class=\"fh-text fh-text--body-md fh-text--medium fh-label-text\" data-v-3872b9c5=\"\" data-v-671f692c=\"\">Durata: <\/span><span class=\"fh-text fh-text--body-sm fh-text--regular fh-help-text\" data-v-3872b9c5=\"\" data-v-3553cfb6=\"\" data-v-671f692c=\"\">8 ore<\/span><\/label><\/div>\n<\/div>\n<div class=\"flex items-start gap-4 mb-4 last:mb-0\" data-v-68eac83b=\"\">\n<div class=\"mt-1 shrink-0\"><\/div>\n<div class=\"min-w-0 flex-1\"><label class=\"fh-label\" data-v-671f692c=\"\"><span class=\"fh-text fh-text--body-md fh-text--medium fh-label-text\" data-v-3872b9c5=\"\" data-v-671f692c=\"\">Et\u00e0: <\/span><span class=\"fh-text fh-text--body-sm fh-text--regular fh-help-text\" data-v-3872b9c5=\"\" data-v-3553cfb6=\"\" data-v-671f692c=\"\">6+<\/span><\/label><\/div>\n<\/div>\n","protected":false},"featured_media":15597,"comment_status":"closed","ping_status":"closed","template":"","meta":{"_acf_changed":false},"product_brand":[],"product_cat":[19256,19271,19261,637],"product_tag":[19326],"class_list":{"0":"post-15850","1":"product","2":"type-product","3":"status-publish","4":"has-post-thumbnail","6":"product_cat-attivita","7":"product_cat-escursioni","8":"product_cat-pico-it","9":"product_cat-tutte-le-isole","10":"product_tag-isoladipico","12":"first","13":"instock","14":"taxable","15":"shipping-taxable","16":"product-type-external"},"acf":[],"_links":{"self":[{"href":"https:\/\/guidetotheazores.pt\/it\/wp-json\/wp\/v2\/product\/15850","targetHints":{"allow":["GET"]}}],"collection":[{"href":"https:\/\/guidetotheazores.pt\/it\/wp-json\/wp\/v2\/product"}],"about":[{"href":"https:\/\/guidetotheazores.pt\/it\/wp-json\/wp\/v2\/types\/product"}],"replies":[{"embeddable":true,"href":"https:\/\/guidetotheazores.pt\/it\/wp-json\/wp\/v2\/comments?post=15850"}],"wp:featuredmedia":[{"embeddable":true,"href":"https:\/\/guidetotheazores.pt\/it\/wp-json\/wp\/v2\/media\/15597"}],"wp:attachment":[{"href":"https:\/\/guidetotheazores.pt\/it\/wp-json\/wp\/v2\/media?parent=15850"}],"wp:term":[{"taxonomy":"product_brand","embeddable":true,"href":"https:\/\/guidetotheazores.pt\/it\/wp-json\/wp\/v2\/product_brand?post=15850"},{"taxonomy":"product_cat","embeddable":true,"href":"https:\/\/guidetotheazores.pt\/it\/wp-json\/wp\/v2\/product_cat?post=15850"},{"taxonomy":"product_tag","embeddable":true,"href":"https:\/\/guidetotheazores.pt\/it\/wp-json\/wp\/v2\/product_tag?post=15850"}],"curies":[{"name":"wp","href":"https:\/\/api.w.org\/{rel}","templated":true}]}}