{"id":15853,"date":"2024-02-26T11:59:50","date_gmt":"2024-02-26T12:59:50","guid":{"rendered":"https:\/\/guidetotheazores.pt\/product\/casa-bali-furnas\/"},"modified":"2026-02-06T06:32:40","modified_gmt":"2026-02-06T07:32:40","slug":"casa-bali-furnas","status":"publish","type":"product","link":"https:\/\/guidetotheazores.pt\/it\/prodotto\/casa-bali-furnas\/","title":{"rendered":"Casa Bali a Furnas"},"content":{"rendered":"<p style=\"color: #000000;font-family: 'Helvetica Neue', Helvetica, Roboto, Arial, sans-serif;margin: 0px 0px 20px\">Situata a 2,3 km dalla Lagoa das Furnas, a 6,3 km dal Pico do Ferro e a 15 km dalla Lagoa do Congro, la House Bali Furnas offre una sistemazione a Furnas. Questo appartamento si trova a 27 km da Fire Lagoon e a 90 metri da Parque Terra Nostra. Il WiFi gratuito \u00e8 disponibile in tutta la struttura e Fumarolas si trova a 1 km di distanza.<\/p>\n<p style=\"color: #000000;font-family: 'Helvetica Neue', Helvetica, Roboto, Arial, sans-serif;margin: 0px 0px 20px\">L&#8217;appartamento con balcone e vista sulle montagne dispone di 1 camera da letto, un soggiorno, una TV a schermo piatto, una cucina attrezzata con forno e microonde e 1 bagno con bidet. L&#8217;appartamento dispone di asciugamani e biancheria da letto. L&#8217;alloggio \u00e8 per non fumatori.<\/p>\n<p style=\"color: #000000;font-family: 'Helvetica Neue', Helvetica, Roboto, Arial, sans-serif;margin: 0px 0px 20px\">L&#8217;aeroporto pi\u00f9 vicino \u00e8 l&#8217;Aeroporto Jo\u00e3o Paulo II, a 46 km dall&#8217;appartamento.<\/p>\n","protected":false},"excerpt":{"rendered":"<p><span style=\"color: #000000;font-family: 'Helvetica Neue', Helvetica, Roboto, Arial, sans-serif\">Situata a 2,3 km dalla Lagoa das Furnas, a 6,3 km dal Pico do Ferro e a 15 km dalla Lagoa do Congro, la House Bali Furnas offre una sistemazione a Furnas. Questo appartamento si trova a 27 km da Fire Lagoon e a 90 metri da Parque Terra Nostra.  <\/span><\/p>\n<p><span style=\"color: #000000;font-family: 'Helvetica Neue', Helvetica, Roboto, Arial, sans-serif\">Il WiFi gratuito \u00e8 disponibile in tutta la struttura e Fumarolas si trova a 1 km di distanza.<\/span><\/p>\n<p><em>Ospita fino a 2 persone<\/em><\/p>\n","protected":false},"featured_media":15434,"comment_status":"open","ping_status":"closed","template":"","meta":{"_acf_changed":false},"product_brand":[],"product_cat":[634,19305,624,637],"product_tag":[19323],"class_list":{"0":"post-15853","1":"product","2":"type-product","3":"status-publish","4":"has-post-thumbnail","6":"product_cat-alloggiamento-locale","7":"product_cat-sao-miguel-it","8":"product_cat-sistemazione","9":"product_cat-tutte-le-isole","10":"product_tag-isoladisanmiguel","12":"first","13":"instock","14":"virtual","15":"sold-individually","16":"taxable","17":"purchasable","18":"product-type-phive_booking"},"acf":[],"_links":{"self":[{"href":"https:\/\/guidetotheazores.pt\/it\/wp-json\/wp\/v2\/product\/15853","targetHints":{"allow":["GET"]}}],"collection":[{"href":"https:\/\/guidetotheazores.pt\/it\/wp-json\/wp\/v2\/product"}],"about":[{"href":"https:\/\/guidetotheazores.pt\/it\/wp-json\/wp\/v2\/types\/product"}],"replies":[{"embeddable":true,"href":"https:\/\/guidetotheazores.pt\/it\/wp-json\/wp\/v2\/comments?post=15853"}],"wp:featuredmedia":[{"embeddable":true,"href":"https:\/\/guidetotheazores.pt\/it\/wp-json\/wp\/v2\/media\/15434"}],"wp:attachment":[{"href":"https:\/\/guidetotheazores.pt\/it\/wp-json\/wp\/v2\/media?parent=15853"}],"wp:term":[{"taxonomy":"product_brand","embeddable":true,"href":"https:\/\/guidetotheazores.pt\/it\/wp-json\/wp\/v2\/product_brand?post=15853"},{"taxonomy":"product_cat","embeddable":true,"href":"https:\/\/guidetotheazores.pt\/it\/wp-json\/wp\/v2\/product_cat?post=15853"},{"taxonomy":"product_tag","embeddable":true,"href":"https:\/\/guidetotheazores.pt\/it\/wp-json\/wp\/v2\/product_tag?post=15853"}],"curies":[{"name":"wp","href":"https:\/\/api.w.org\/{rel}","templated":true}]}}