{"id":15855,"date":"2024-02-23T14:11:08","date_gmt":"2024-02-23T15:11:08","guid":{"rendered":"https:\/\/guidetotheazores.pt\/product\/osservazione-delle-balene-noleggio-barca-privata\/"},"modified":"2026-03-11T07:45:51","modified_gmt":"2026-03-11T08:45:51","slug":"osservazione-delle-balene-noleggio-barca-privata","status":"publish","type":"product","link":"https:\/\/guidetotheazores.pt\/it\/prodotto\/osservazione-delle-balene-noleggio-barca-privata\/","title":{"rendered":"Osservazione delle balene &#8211; Noleggio barca privata"},"content":{"rendered":"<p>L&#8217;osservazione delle balene \u00e8 una delle nostre pi\u00f9 grandi passioni!<\/p>\n<p>Siamo davvero appassionati e affascinati da questi animali e ogni giorno cerchiamo di trasmettere un po&#8217; di questa passione, e delle nostre conoscenze, a tutti coloro che ci scelgono per vivere questa esperienza.<\/p>\n<p>Organizziamo gite mattutine e pomeridiane della durata di 3 o 4 ore. Le specie avvistate possono variare a seconda del periodo dell&#8217;anno, ma ci sono alcune specie che sono &#8220;residenti&#8221; tutto l&#8217;anno, come il capodoglio.<\/p>\n<p><strong>QUESTO \u00c8 UN TOUR PRIVATO!<\/strong><\/p>\n<p>Questa opzione ti permette di personalizzare la tua esperienza noleggiando la nostra barca.<\/p>\n<p>\u00c8 ideale per famiglie o gruppi di 6 o pi\u00f9 persone, dove puoi decidere la direzione del viaggio e, nel tempo a disposizione, svolgere le attivit\u00e0 che desideri.<\/p>\n<p>Incluso: Gita in barca (circa 4 ore) &#8211; Skipper ed equipaggio &#8211; Giacca e pantaloni impermeabili &#8211; Giubbotto di salvataggio &#8211; Assicurazione personale contro infortuni e responsabilit\u00e0 civile<\/p>\n<p><strong>POLITICA DI CANCELLAZIONE<\/strong><\/p>\n<p>Le cancellazioni possono essere effettuate in qualsiasi momento, a condizione che la societ\u00e0 ne sia informata per iscritto (via e-mail o WhatsApp). Riceverai un rimborso in base alla seguente politica di cancellazione:<\/p>\n<p>&#8211; Per le cancellazioni richieste almeno 7 giorni prima della data dell&#8217;attivit\u00e0, il cliente ricever\u00e0 il rimborso totale dell&#8217;importo pagato.<\/p>\n<p>&#8211; Per le cancellazioni richieste tra i 4 e i 6 giorni prima della data dell&#8217;attivit\u00e0, il cliente ricever\u00e0 un rimborso del 50% dell&#8217;importo pagato.<\/p>\n<p>&#8211; Per le cancellazioni richieste fino a 72 ore prima della data dell&#8217;attivit\u00e0, il cliente non ricever\u00e0 alcun rimborso.<\/p>\n<p>I no-show dovuti a voli cancellati o in ritardo avranno diritto a un rimborso in base alla nostra politica di cancellazione.<\/p>\n<p><strong>TERMINI E CONDIZIONI<\/strong><\/p>\n<p>&#8211; Tutti a bordo per un&#8217;esperienza unica! Vogliamo che la nostra azienda sia inclusiva e fornisca i migliori servizi a tutti i nostri clienti. Consideriamo l&#8217;osservazione di balene e delfini un&#8217;attivit\u00e0 inclusiva per tutte le et\u00e0. I bambini sotto i 14 anni devono sempre viaggiare accompagnati da un adulto responsabile.<\/p>\n<p>&#8211; Disponibilit\u00e0 e orari di inizio: Tutti i giorni dal 1\u00b0 marzo al 30 novembre. 2 viaggi al giorno. Dal 1\u00b0 marzo al 30 settembre, la gita del mattino inizia alle 8.30 e quella del pomeriggio alle 14.30. Dal 1 ottobre al 30 novembre, il viaggio mattutino inizia alle 9.00 e quello pomeridiano alle 14.00. Se, per qualsiasi motivo, l&#8217;orario viene modificato, la compagnia ti informer\u00e0 sempre in anticipo.<\/p>\n<p>&#8211; Il punto d&#8217;incontro per l&#8217;osservazione delle balene \u00e8 la Base Azores Experiences, situata nell&#8217;unit\u00e0 B1 dell&#8217;edificio delle attivit\u00e0 marittimo-turistiche di Horta Marina, sulla banchina di Santa Cruz. Si consiglia di arrivare 10 minuti prima dell&#8217;inizio dell&#8217;attivit\u00e0.<\/p>\n<p>&#8211; La capacit\u00e0 massima della nostra barca \u00e8 di 16 persone (14 clienti, 1 skipper e 1 guida). In caso di gruppi pi\u00f9 numerosi, ti preghiamo di contattarci.<\/p>\n<p>&#8211; La realizzazione del viaggio \u00e8 soggetta alle condizioni meteorologiche, agli eventi imprevisti e alla presenza di animali nelle nostre aree di azione. Se non \u00e8 possibile partecipare al viaggio, l&#8217;importo pagato verr\u00e0 rimborsato o verr\u00e0 emesso un voucher per riprogrammare il viaggio.<\/p>\n<p>&#8211; Azores Experiences offre giacche e pantaloni impermeabili di varie taglie (dalla M alla XXXL) progettati per adattarsi a diverse corporature. Tuttavia, le dimensioni sono piuttosto grandi. Pertanto, per i bambini molto piccoli, consigliamo di portare con s\u00e9 la propria giacca. Se preferisci indossare uno dei nostri, ti forniremo sempre le taglie di giacca e pantaloni in base alle taglie dei nostri clienti.<\/p>\n<p>&#8211; Azores Experiences fornisce anche giubbotti di salvataggio approvati che devono essere indossati a bordo. Fornisce giubbotti di salvataggio gonfiabili (automatici e manuali) per adulti e giubbotti di salvataggio in schiuma per bambini e neonati.<\/p>\n<p>&#8211; Cosa succede se non vediamo nessun cetaceo durante il viaggio? Se non vengono avvistati cetacei (balene O delfini) dalle vedette durante l&#8217;attivit\u00e0 di Whale Watching, Azores Experiences pu\u00f2 proporre di riprogrammare la gita, cancellarla o effettuare una ricerca con l&#8217;idrofono. Azores Experiences consiglier\u00e0 sempre l&#8217;opzione migliore in base alle condizioni meteo e del mare di ogni giorno. Se il cliente sceglie di andare alla ricerca con l&#8217;idrofono, verr\u00e0 addebitato il prezzo pieno.<\/p>\n<p>&#8211; Durante l&#8217;attivit\u00e0 verranno scattate delle foto a scopo di ricerca. Possiamo anche scattare foto e video delle persone prima, durante e dopo l&#8217;attivit\u00e0 per i social media, il marketing e altri scopi. Se non diversamente indicato per iscritto prima dell&#8217;inizio dell&#8217;attivit\u00e0, il partecipante concede tutti i diritti e il permesso di utilizzare il materiale audiovisivo ripreso durante l&#8217;attivit\u00e0.<\/p>\n<p>In caso di mancata presentazione, verr\u00e0 addebitato l&#8217;intero prezzo.<\/p>\n","protected":false},"excerpt":{"rendered":"<p>L&#8217;osservazione delle balene \u00e8 una delle nostre pi\u00f9 grandi passioni!<\/p>\n<p>Siamo davvero appassionati e affascinati da questi animali e ogni giorno cerchiamo di trasmettere un po&#8217; di questa passione, e delle nostre conoscenze, a tutti coloro che ci scelgono per vivere questa esperienza.<\/p>\n<p>Organizziamo gite mattutine e pomeridiane della durata di 3 o 4 ore. Le specie avvistate possono variare a seconda del periodo dell&#8217;anno, tuttavia ci sono alcune specie che sono &#8220;residenti&#8221; tutto l&#8217;anno, come il capodoglio.<\/p>\n<p><em>* Consulta i nostri termini e condizioni e la nostra politica di cancellazione qui di seguito.<\/em><\/p>\n","protected":false},"featured_media":15253,"comment_status":"open","ping_status":"closed","template":"","meta":{"_acf_changed":false},"product_brand":[],"product_cat":[19256,638,19258,637],"product_tag":[19332],"class_list":{"0":"post-15855","1":"product","2":"type-product","3":"status-publish","4":"has-post-thumbnail","6":"product_cat-attivita","7":"product_cat-faial-it","8":"product_cat-osservazione-delle-balene","9":"product_cat-tutte-le-isole","10":"product_tag-isoladifaial","12":"first","13":"instock","14":"virtual","15":"sold-individually","16":"taxable","17":"purchasable","18":"product-type-phive_booking"},"acf":[],"_links":{"self":[{"href":"https:\/\/guidetotheazores.pt\/it\/wp-json\/wp\/v2\/product\/15855","targetHints":{"allow":["GET"]}}],"collection":[{"href":"https:\/\/guidetotheazores.pt\/it\/wp-json\/wp\/v2\/product"}],"about":[{"href":"https:\/\/guidetotheazores.pt\/it\/wp-json\/wp\/v2\/types\/product"}],"replies":[{"embeddable":true,"href":"https:\/\/guidetotheazores.pt\/it\/wp-json\/wp\/v2\/comments?post=15855"}],"wp:featuredmedia":[{"embeddable":true,"href":"https:\/\/guidetotheazores.pt\/it\/wp-json\/wp\/v2\/media\/15253"}],"wp:attachment":[{"href":"https:\/\/guidetotheazores.pt\/it\/wp-json\/wp\/v2\/media?parent=15855"}],"wp:term":[{"taxonomy":"product_brand","embeddable":true,"href":"https:\/\/guidetotheazores.pt\/it\/wp-json\/wp\/v2\/product_brand?post=15855"},{"taxonomy":"product_cat","embeddable":true,"href":"https:\/\/guidetotheazores.pt\/it\/wp-json\/wp\/v2\/product_cat?post=15855"},{"taxonomy":"product_tag","embeddable":true,"href":"https:\/\/guidetotheazores.pt\/it\/wp-json\/wp\/v2\/product_tag?post=15855"}],"curies":[{"name":"wp","href":"https:\/\/api.w.org\/{rel}","templated":true}]}}