{"id":15857,"date":"2024-02-23T13:40:03","date_gmt":"2024-02-23T14:40:03","guid":{"rendered":"https:\/\/guidetotheazores.pt\/product\/tour-dellisola-di-un-giorno-intero-faial\/"},"modified":"2026-03-11T07:44:53","modified_gmt":"2026-03-11T08:44:53","slug":"tour-dellisola-di-un-giorno-intero-faial","status":"publish","type":"product","link":"https:\/\/guidetotheazores.pt\/it\/prodotto\/tour-dellisola-di-un-giorno-intero-faial\/","title":{"rendered":"Tour dell&#8217;isola di un giorno intero &#8211; Faial"},"content":{"rendered":"<p>Queste spedizioni ci permettono di trovare e attraversare luoghi nascosti, con paesaggi naturali inaspettati e mozzafiato, attraverso percorsi e scorciatoie meno &#8220;usuali&#8221;.<\/p>\n<p>La spedizione di un giorno intero inizia alle 9.30 e dura circa 7 ore.<\/p>\n<p>Parte dalla citt\u00e0 di Horta e si dirige verso la Riserva Naturale di Caldeira do Faial, dove lungo il percorso si possono scorgere le pareti di ortensie blu che chiamano l&#8217;isola di Faial l&#8217;Isola Blu. La spedizione prosegue poi verso Ribeira das Cabras, passando per Serra da Feteira. Ci fermiamo per un pranzo fatto in casa al Campo dos Sabores.<\/p>\n<p>Il pomeriggio prosegue con la discesa a Faj\u00e3, caratterizzata da una spiaggia di sabbia nera e da piccole cantine per la produzione di vino locale, proseguendo poi verso il Vulcano Capelinhos, il vulcano pi\u00f9 recente d&#8217;Europa, che ha eruttato tra il 1957\/1958. Qui potrai ammirare il paesaggio desertico di cenere vulcanica e visitare il Centro di Interpretazione del Vulcano Capelinhos.<\/p>\n<p>Proseguiamo lungo la costa meridionale, passando per Varadouro, dove si pu\u00f2 ammirare la collina di Castelo Branco, e terminando il viaggio al Monte da Guia, da cui si gode una delle migliori viste sulla citt\u00e0 di Horta e sulla baia di Porto Pim.<\/p>\n<p><strong>POLITICA DI CANCELLAZIONE<\/strong><\/p>\n<p>Le cancellazioni possono essere effettuate in qualsiasi momento, a condizione che la societ\u00e0 ne sia informata per iscritto (via e-mail o WhatsApp). Riceverai un rimborso in base alla seguente politica di cancellazione:<\/p>\n<p>&#8211; Per le cancellazioni richieste almeno 7 giorni prima della data dell&#8217;attivit\u00e0, il cliente ricever\u00e0 il rimborso totale dell&#8217;importo pagato.<\/p>\n<p>&#8211; Per le cancellazioni richieste tra i 4 e i 6 giorni prima della data dell&#8217;attivit\u00e0, il cliente ricever\u00e0 un rimborso del 50% dell&#8217;importo pagato.<\/p>\n<p>&#8211; Per le cancellazioni richieste fino a 72 ore prima della data dell&#8217;attivit\u00e0, il cliente non ricever\u00e0 alcun rimborso.<\/p>\n<p>I no-show dovuti a voli cancellati o in ritardo avranno diritto a un rimborso in base alla nostra politica di cancellazione.<\/p>\n","protected":false},"excerpt":{"rendered":"<p>Queste spedizioni ci permettono di trovare e attraversare luoghi nascosti, con paesaggi naturali inaspettati e mozzafiato, attraverso sentieri e scorciatoie meno &#8220;usuali&#8221;.<\/p>\n<p>La spedizione di un giorno intero inizia alle 9.30 e dura circa 7 ore.<\/p>\n<p>Ritiro :<\/p>\n<p>Il tuo hotel (se l&#8217;alloggio \u00e8 a Horta) o il nostro ufficio:<\/p>\n<p>Edif\u00edcio Das Atividades Mar\u00edtimo-Tur\u00edsticas da Horta. Unit\u00e0 B-1 (Horta Marina, Santa Cruz Quay) o<\/p>\n<p>Horta Quay (Terminal dei traghetti).<\/p>\n<p><em>* Se l&#8217;alloggio o il punto di partenza non si trova a Horta, verr\u00e0 applicato un supplemento per ogni viaggio.<\/em><\/p>\n<p><em style=\"margin: 0px; padding: 0px; border: 0px; vertical-align: baseline; line-height: inherit; font-family: 'Exo 2', Arial, Helvetica, sans-serif; color: #777777;\">* Consulta i nostri termini e condizioni e la nostra politica di cancellazione qui di seguito.<\/em><\/p>\n","protected":false},"featured_media":15243,"comment_status":"open","ping_status":"closed","template":"","meta":{"_acf_changed":false},"product_brand":[],"product_cat":[19256,638,637,19257],"product_tag":[19332],"class_list":{"0":"post-15857","1":"product","2":"type-product","3":"status-publish","4":"has-post-thumbnail","6":"product_cat-attivita","7":"product_cat-faial-it","8":"product_cat-tutte-le-isole","9":"product_cat-visite-guidate","10":"product_tag-isoladifaial","12":"first","13":"instock","14":"virtual","15":"sold-individually","16":"taxable","17":"purchasable","18":"product-type-phive_booking"},"acf":[],"_links":{"self":[{"href":"https:\/\/guidetotheazores.pt\/it\/wp-json\/wp\/v2\/product\/15857","targetHints":{"allow":["GET"]}}],"collection":[{"href":"https:\/\/guidetotheazores.pt\/it\/wp-json\/wp\/v2\/product"}],"about":[{"href":"https:\/\/guidetotheazores.pt\/it\/wp-json\/wp\/v2\/types\/product"}],"replies":[{"embeddable":true,"href":"https:\/\/guidetotheazores.pt\/it\/wp-json\/wp\/v2\/comments?post=15857"}],"wp:featuredmedia":[{"embeddable":true,"href":"https:\/\/guidetotheazores.pt\/it\/wp-json\/wp\/v2\/media\/15243"}],"wp:attachment":[{"href":"https:\/\/guidetotheazores.pt\/it\/wp-json\/wp\/v2\/media?parent=15857"}],"wp:term":[{"taxonomy":"product_brand","embeddable":true,"href":"https:\/\/guidetotheazores.pt\/it\/wp-json\/wp\/v2\/product_brand?post=15857"},{"taxonomy":"product_cat","embeddable":true,"href":"https:\/\/guidetotheazores.pt\/it\/wp-json\/wp\/v2\/product_cat?post=15857"},{"taxonomy":"product_tag","embeddable":true,"href":"https:\/\/guidetotheazores.pt\/it\/wp-json\/wp\/v2\/product_tag?post=15857"}],"curies":[{"name":"wp","href":"https:\/\/api.w.org\/{rel}","templated":true}]}}