{"id":15994,"date":"2024-03-07T15:45:44","date_gmt":"2024-03-07T16:45:44","guid":{"rendered":"https:\/\/guidetotheazores.pt\/product\/suite-pico\/"},"modified":"2026-02-06T06:32:02","modified_gmt":"2026-02-06T07:32:02","slug":"suite-pico","status":"publish","type":"product","link":"https:\/\/guidetotheazores.pt\/it\/prodotto\/suite-pico\/","title":{"rendered":"Suite Pico &#8211; Matrimoniale con vasca idromassaggio"},"content":{"rendered":"<p style=\"color: #000000; font-family: 'Helvetica Neue', Helvetica, Roboto, Arial, sans-serif; margin: 0px 0px 20px;\">Con una vista sulla maestosa Montagna Pico e sull&#8217;Oceano Atlantico, la Pico Suite offre agli ospiti una favolosa prospettiva panoramica.<span class=\"Apple-converted-space\"> <\/span><\/p>\n<p style=\"color: #000000; font-family: 'Helvetica Neue', Helvetica, Roboto, Arial, sans-serif; margin: 0px 0px 20px;\">Le caratteristiche includono un comodo letto matrimoniale (o due singoli) con la comodit\u00e0 di una lussuosa vasca idromassaggio, un frigorifero, un set per la preparazione di t\u00e8 e caff\u00e8 e un tavolo in pietra lavica.<\/p>\n","protected":false},"excerpt":{"rendered":"<p style=\"color: #000000; font-family: 'Helvetica Neue', Helvetica, Roboto, Arial, sans-serif; margin: 0px 0px 20px;\">Con una vista sulla maestosa Montagna Pico e sull&#8217;Oceano Atlantico, la Pico Suite offre agli ospiti una favolosa prospettiva panoramica.<span class=\"Apple-converted-space\"> <\/span><\/p>\n<p style=\"color: #000000; font-family: 'Helvetica Neue', Helvetica, Roboto, Arial, sans-serif; margin: 0px 0px 20px;\">Le caratteristiche includono un comodo letto matrimoniale (o due singoli) con la comodit\u00e0 di una lussuosa vasca idromassaggio, un frigorifero, un set per la preparazione di t\u00e8 e caff\u00e8 e un tavolo in pietra lavica.<\/p>\n","protected":false},"featured_media":15925,"comment_status":"open","ping_status":"closed","template":"","meta":{"_acf_changed":false},"product_brand":[],"product_cat":[634,19261,624,637],"product_tag":[19326],"class_list":{"0":"post-15994","1":"product","2":"type-product","3":"status-publish","4":"has-post-thumbnail","6":"product_cat-alloggiamento-locale","7":"product_cat-pico-it","8":"product_cat-sistemazione","9":"product_cat-tutte-le-isole","10":"product_tag-isoladipico","12":"first","13":"instock","14":"virtual","15":"sold-individually","16":"taxable","17":"purchasable","18":"product-type-phive_booking"},"acf":[],"_links":{"self":[{"href":"https:\/\/guidetotheazores.pt\/it\/wp-json\/wp\/v2\/product\/15994","targetHints":{"allow":["GET"]}}],"collection":[{"href":"https:\/\/guidetotheazores.pt\/it\/wp-json\/wp\/v2\/product"}],"about":[{"href":"https:\/\/guidetotheazores.pt\/it\/wp-json\/wp\/v2\/types\/product"}],"replies":[{"embeddable":true,"href":"https:\/\/guidetotheazores.pt\/it\/wp-json\/wp\/v2\/comments?post=15994"}],"wp:featuredmedia":[{"embeddable":true,"href":"https:\/\/guidetotheazores.pt\/it\/wp-json\/wp\/v2\/media\/15925"}],"wp:attachment":[{"href":"https:\/\/guidetotheazores.pt\/it\/wp-json\/wp\/v2\/media?parent=15994"}],"wp:term":[{"taxonomy":"product_brand","embeddable":true,"href":"https:\/\/guidetotheazores.pt\/it\/wp-json\/wp\/v2\/product_brand?post=15994"},{"taxonomy":"product_cat","embeddable":true,"href":"https:\/\/guidetotheazores.pt\/it\/wp-json\/wp\/v2\/product_cat?post=15994"},{"taxonomy":"product_tag","embeddable":true,"href":"https:\/\/guidetotheazores.pt\/it\/wp-json\/wp\/v2\/product_tag?post=15994"}],"curies":[{"name":"wp","href":"https:\/\/api.w.org\/{rel}","templated":true}]}}