{"id":17367,"date":"2024-08-20T11:18:14","date_gmt":"2024-08-20T12:18:14","guid":{"rendered":"https:\/\/guidetotheazores.pt\/product\/tour-dellisola-di-terceira-di-unintera-giornata-con-cocktail-e-tapas-esclusivi\/"},"modified":"2026-01-04T13:21:46","modified_gmt":"2026-01-04T14:21:46","slug":"tour-dellisola-di-terceira-di-unintera-giornata-con-cocktail-e-tapas-esclusivi","status":"publish","type":"product","link":"https:\/\/guidetotheazores.pt\/it\/prodotto\/tour-dellisola-di-terceira-di-unintera-giornata-con-cocktail-e-tapas-esclusivi\/","title":{"rendered":"Giornata intera: Il meglio dell&#8217;isola di Terceira"},"content":{"rendered":"<p class=\"MsoNormal\" style=\"text-align: justify\"><b><span lang=\"EN-US\" style=\"font-size: 18.0pt;line-height: 115%;font-family: 'Arial',sans-serif\">Tour di un&#8217;intera giornata: Il meglio dell&#8217;isola di Terceira<\/span><\/b><\/p>\n<p class=\"MsoNormal\" style=\"text-align: justify\"><span lang=\"EN-US\" style=\"font-family: 'Arial',sans-serif\">Include: 8 ore (circa) &#8211; Pick up e drop off* &#8211; Portoghese, inglese e spagnolo &#8211; Minibus\/Minivan<\/span><\/p>\n<p class=\"MsoNormal\" style=\"text-align: justify\"><b><span lang=\"EN-US\" style=\"font-family: 'Arial',sans-serif\">Difficolt\u00e0<\/span><\/b><\/p>\n<p class=\"MsoNormal\" style=\"text-align: justify\"><span lang=\"EN-US\" style=\"font-family: 'Arial',sans-serif\">Facile<\/span><\/p>\n<p class=\"MsoNormal\" style=\"text-align: justify\"><b><span lang=\"EN-US\" style=\"font-family: 'Arial',sans-serif\">Descrizione<\/span><\/b><\/p>\n<p class=\"MsoNormal\" style=\"text-align: justify\"><span lang=\"EN-US\" style=\"font-family: 'Arial',sans-serif\">Inizia la giornata al Monte Brasil, godendo di una vista panoramica sulla citt\u00e0 di Angra do Hero\u00edsmo. Prosegui lungo la costa fino al punto panoramico di Serretinha, dove potrai vedere gli isolotti di Cabras, passando per i villaggi di Ribeirinha e Feteira.   <\/span><\/p>\n<p class=\"MsoNormal\" style=\"text-align: justify\"><span lang=\"EN-US\" style=\"font-family: 'Arial',sans-serif\">Dopo aver attraversato il villaggio di Porto Judeu, prosegui verso la Baia di Salga, un punto di riferimento storico nella storia del Portogallo.  <\/span><\/p>\n<p class=\"MsoNormal\" style=\"text-align: justify\"><span lang=\"EN-US\" style=\"font-family: 'Arial',sans-serif\">Poco pi\u00f9 avanti, goditi la tranquillit\u00e0 del villaggio di S\u00e3o Sebasti\u00e3o, dove troverai una delle chiese pi\u00f9 antiche delle Azzorre.  <\/span><\/p>\n<p class=\"MsoNormal\" style=\"text-align: justify\"><span lang=\"EN-US\" style=\"font-family: 'Arial',sans-serif\">Continua verso la Serra do Cume e preparati a rimanere stupito dalla vista della &#8220;Manta de Retalhos&#8221;, la pi\u00f9 grande caldera delle Azzorre.  <\/span><\/p>\n<p class=\"MsoNormal\" style=\"text-align: justify\"><span lang=\"EN-US\" style=\"font-family: 'Arial',sans-serif\">Dopo una pausa pranzo** nella citt\u00e0 di Praia da Vit\u00f3ria, continua l&#8217;avventura con una visita alla Serra do Facho, dove la vista sulla citt\u00e0 \u00e8 mozzafiato.  <\/span><\/p>\n<p class=\"MsoNormal\" style=\"text-align: justify\"><span lang=\"EN-US\" style=\"font-family: 'Arial',sans-serif\">Dirigiti verso l&#8217;interno dell&#8217;isola e scendi nella suggestiva grotta vulcanica di Algar do Carv\u00e3o***.  <\/span><\/p>\n<p class=\"MsoNormal\" style=\"text-align: justify\"><span lang=\"EN-US\" style=\"font-family: 'Arial',sans-serif\">L&#8217;ultima tappa sono le Piscine Naturali di Biscoitos, circondate dalle caratteristiche formazioni di roccia lavica, da cui i suoi famosi vigneti ti stupiranno<b>.<\/b><\/span><\/p>\n<ul style=\"margin-top: 0cm\" type=\"disc\">\n<li class=\"MsoNormal\" style=\"text-align: justify\"><span style=\"font-family: 'Arial',sans-serif\">Monte Brasil  <\/span><\/li>\n<li class=\"MsoNormal\" style=\"text-align: justify\"><span style=\"font-family: 'Arial',sans-serif\">Miradouro da Serretinha  <\/span><\/li>\n<li class=\"MsoNormal\" style=\"text-align: justify\"><span style=\"font-family: 'Arial',sans-serif\">Baia di Salga  <\/span><\/li>\n<li class=\"MsoNormal\" style=\"text-align: justify\"><span style=\"font-family: 'Arial',sans-serif\">Chiesa di S\u00e3o Sebasti\u00e3o  <\/span><\/li>\n<li class=\"MsoNormal\" style=\"text-align: justify\"><span style=\"font-family: 'Arial',sans-serif\">Miradouro da Serra do Cume  <\/span><\/li>\n<li class=\"MsoNormal\" style=\"text-align: justify\"><span style=\"font-family: 'Arial',sans-serif\">Praia da Vit\u00f3ria  <\/span><\/li>\n<li class=\"MsoNormal\" style=\"text-align: justify\"><span style=\"font-family: 'Arial',sans-serif\">Miradouro da Serra do Facho  <\/span><\/li>\n<li class=\"MsoNormal\" style=\"text-align: justify\"><span style=\"font-family: 'Arial',sans-serif\">Algar do Carv\u00e3o (Opzionale, 10\u20ac a persona)<\/span><\/li>\n<li class=\"MsoNormal\" style=\"text-align: justify\"><span style=\"font-family: 'Arial',sans-serif\">Piscine naturali Biscoitos  <\/span><\/li>\n<\/ul>\n<p class=\"MsoNormal\" style=\"text-align: justify\"><b><span style=\"font-family: 'Arial',sans-serif\">Cosa \u00e8 incluso?<\/span><\/b><\/p>\n<ul style=\"margin-top: 0cm\" type=\"disc\">\n<li class=\"MsoNormal\" style=\"text-align: justify\"><span style=\"font-family: 'Arial',sans-serif\">Autista\/guida professionale certificata;<\/span><\/li>\n<li class=\"MsoNormal\" style=\"text-align: justify\"><span style=\"font-family: 'Arial',sans-serif\">Assicurazione di responsabilit\u00e0 civile;<\/span><\/li>\n<li class=\"MsoNormal\" style=\"text-align: justify\"><span style=\"font-family: 'Arial',sans-serif\">Assicurazione personale contro gli infortuni;<\/span><\/li>\n<li class=\"MsoNormal\" style=\"text-align: justify\"><span lang=\"EN-US\" style=\"font-family: 'Arial',sans-serif\">*Il prelievo e la consegna avvengono presso gli hotel e le pensioni vicine al centro di Angra do Hero\u00edsmo. Al di fuori di quest&#8217;area \u00e8 possibile, ma \u00e8 previsto un supplemento. <\/span><\/li>\n<\/ul>\n<p class=\"MsoNormal\" style=\"text-align: justify\"><b><span lang=\"EN-US\" style=\"font-family: 'Arial',sans-serif\">Di cosa dovresti essere consapevole?<\/span><\/b><\/p>\n<ul style=\"margin-top: 0cm\" type=\"disc\">\n<li class=\"MsoNormal\" style=\"text-align: justify\"><span style=\"font-family: 'Arial',sans-serif\">Minimo 2 persone;<\/span><\/li>\n<li class=\"MsoNormal\" style=\"text-align: justify\"><span lang=\"EN-US\" style=\"font-family: 'Arial',sans-serif\">I bambini dai 6 ai 10 anni hanno uno sconto del 50%;<\/span><\/li>\n<li class=\"MsoNormal\" style=\"text-align: justify\"><span lang=\"EN-US\" style=\"font-family: 'Arial',sans-serif\">Bambini fino a 5 anni gratis;<\/span><\/li>\n<li class=\"MsoNormal\" style=\"text-align: justify\"><span lang=\"EN-US\" style=\"font-family: 'Arial',sans-serif\">**Pranzo non incluso (tempo libero);<\/span><\/li>\n<li class=\"MsoNormal\" style=\"text-align: justify\"><span style=\"font-family: 'Arial',sans-serif\">Scarpe comode;<\/span><\/li>\n<li class=\"MsoNormal\" style=\"text-align: justify\"><span style=\"font-family: 'Arial',sans-serif\">***Algar do Carv\u00e3o \u00e8 temporaneamente chiuso<\/span><\/li>\n<\/ul>\n<p class=\"MsoNormal\" style=\"text-align: justify\"><b><span style=\"font-family: 'Arial',sans-serif\">Cancellazioni<\/span><\/b><\/p>\n<p class=\"MsoNormal\" style=\"text-align: justify\"><span lang=\"EN-US\" style=\"font-family: 'Arial',sans-serif\">I clienti riceveranno un rimborso completo o un credito se la cancellazione viene effettuata fino a 24 ore prima dell&#8217;inizio dell&#8217;attivit\u00e0. Per qualsiasi domanda sulle opzioni di cancellazione e rimborso, contattaci. In caso di mancata presentazione, verr\u00e0 addebitato l&#8217;intero importo.  <\/span><\/p>\n","protected":false},"excerpt":{"rendered":"<p><span style=\"color: #1a2b49;font-family: 'GT Eesti', 'fallback for GT Eesti', 'android fallback for GT Eesti', sans-serif\">Ammira gli splendidi panorami costieri, visita i villaggi storici, ammira i campi di Serra do Cume e scendi nella meraviglia vulcanica di Algar do Carv\u00e3o*. Termina la giornata alle piscine naturali di Biscoitos! <\/span><\/p>\n<p>*Algar<span class=\"NormalTextRun SCXW94811095 BCX8\" style=\"margin: 0px;padding: 0px;color: #000000;font-family: Arial, Arial_EmbeddedFont, Arial_MSFontService, sans-serif;font-size: 14.6667px;text-align: justify\">do <\/span><span class=\"NormalTextRun SpellingErrorV2Themed SCXW94811095 BCX8\" style=\"margin: 0px;padding: 0px;background-position: 0px 100%;border-bottom: 1px solid transparent;color: #000000;font-family: Arial, Arial_EmbeddedFont, Arial_MSFontService, sans-serif;font-size: 14.6667px;text-align: justify\">Carv\u00e3o<\/span><span class=\"NormalTextRun SCXW94811095 BCX8\" style=\"margin: 0px;padding: 0px;color: #000000;font-family: Arial, Arial_EmbeddedFont, Arial_MSFontService, sans-serif;font-size: 14.6667px;text-align: justify\"> \u00e8 temporaneamente chiuso <\/span> <\/p>\n","protected":false},"featured_media":19409,"comment_status":"open","ping_status":"closed","template":"","meta":{"_acf_changed":false},"product_brand":[],"product_cat":[19256,637,19257,19269,19278],"product_tag":[19320],"class_list":{"0":"post-17367","1":"product","2":"type-product","3":"status-publish","4":"has-post-thumbnail","6":"product_cat-attivita","7":"product_cat-tutte-le-isole","8":"product_cat-visite-guidate","9":"product_cat-geoturismo","10":"product_cat-terceira-it","11":"product_tag-isoladiterceira","13":"first","14":"instock","15":"virtual","16":"sold-individually","17":"taxable","18":"purchasable","19":"product-type-phive_booking"},"acf":[],"_links":{"self":[{"href":"https:\/\/guidetotheazores.pt\/it\/wp-json\/wp\/v2\/product\/17367","targetHints":{"allow":["GET"]}}],"collection":[{"href":"https:\/\/guidetotheazores.pt\/it\/wp-json\/wp\/v2\/product"}],"about":[{"href":"https:\/\/guidetotheazores.pt\/it\/wp-json\/wp\/v2\/types\/product"}],"replies":[{"embeddable":true,"href":"https:\/\/guidetotheazores.pt\/it\/wp-json\/wp\/v2\/comments?post=17367"}],"wp:featuredmedia":[{"embeddable":true,"href":"https:\/\/guidetotheazores.pt\/it\/wp-json\/wp\/v2\/media\/19409"}],"wp:attachment":[{"href":"https:\/\/guidetotheazores.pt\/it\/wp-json\/wp\/v2\/media?parent=17367"}],"wp:term":[{"taxonomy":"product_brand","embeddable":true,"href":"https:\/\/guidetotheazores.pt\/it\/wp-json\/wp\/v2\/product_brand?post=17367"},{"taxonomy":"product_cat","embeddable":true,"href":"https:\/\/guidetotheazores.pt\/it\/wp-json\/wp\/v2\/product_cat?post=17367"},{"taxonomy":"product_tag","embeddable":true,"href":"https:\/\/guidetotheazores.pt\/it\/wp-json\/wp\/v2\/product_tag?post=17367"}],"curies":[{"name":"wp","href":"https:\/\/api.w.org\/{rel}","templated":true}]}}