{"id":17748,"date":"2024-12-27T21:09:42","date_gmt":"2024-12-27T22:09:42","guid":{"rendered":"https:\/\/guidetotheazores.pt\/product\/escursione-e-snorkeling-con-un-locale\/"},"modified":"2026-01-04T13:20:08","modified_gmt":"2026-01-04T14:20:08","slug":"escursione-e-snorkeling-con-un-locale","status":"publish","type":"product","link":"https:\/\/guidetotheazores.pt\/it\/prodotto\/escursione-e-snorkeling-con-un-locale\/","title":{"rendered":"Escursione e snorkeling con un locale"},"content":{"rendered":"<p>Benvenuto in un&#8217;esperienza che esalter\u00e0 i tuoi sensi, sfider\u00e0 i tuoi limiti e ti metter\u00e0 in contatto con la natura in modo unico.<\/p>\n<p>Sei pronto a percorrere sentieri che portano a panorami mozzafiato, a superare ostacoli e a creare ricordi che dureranno tutta la vita? Benvenuti nel mio itinerario di trekking!<\/p>\n<p>Il nostro viaggio inizia dove l&#8217;asfalto finisce. Ci lasceremo alle spalle la quotidianit\u00e0 e ci lanceremo in un&#8217;avventura che ci porter\u00e0 attraverso paesaggi mozzafiato, antiche foreste e una maestosa cascata.<\/p>\n<p>Ad ogni passo, ci lasceremo alle spalle il conosciuto, abbracceremo l&#8217;ignoto e faremo spazio alla scoperta!<\/p>\n<p>Questa giornata epica si conclude in una spiaggia vulcanica dove potrai vedere la vita marina di quest&#8217;isola facendo snorkeling intorno alla barriera corallina.<\/p>\n","protected":false},"excerpt":{"rendered":"<p>Camminiamo nella foresta pi\u00f9 bella dell&#8217;isola e nuotiamo nella spiaggia vulcanica pi\u00f9 selvaggia.<\/p>\n","protected":false},"featured_media":17665,"comment_status":"open","ping_status":"closed","template":"","meta":{"_acf_changed":false},"product_brand":[],"product_cat":[19256,19305,19313,637,19265,19271],"product_tag":[19323],"class_list":{"0":"post-17748","1":"product","2":"type-product","3":"status-publish","4":"has-post-thumbnail","6":"product_cat-attivita","7":"product_cat-sao-miguel-it","8":"product_cat-snorkeling-it","9":"product_cat-tutte-le-isole","10":"product_cat-birdwatching-it","11":"product_cat-escursioni","12":"product_tag-isoladisanmiguel","14":"first","15":"instock","16":"virtual","17":"sold-individually","18":"taxable","19":"purchasable","20":"product-type-phive_booking"},"acf":[],"_links":{"self":[{"href":"https:\/\/guidetotheazores.pt\/it\/wp-json\/wp\/v2\/product\/17748","targetHints":{"allow":["GET"]}}],"collection":[{"href":"https:\/\/guidetotheazores.pt\/it\/wp-json\/wp\/v2\/product"}],"about":[{"href":"https:\/\/guidetotheazores.pt\/it\/wp-json\/wp\/v2\/types\/product"}],"replies":[{"embeddable":true,"href":"https:\/\/guidetotheazores.pt\/it\/wp-json\/wp\/v2\/comments?post=17748"}],"wp:featuredmedia":[{"embeddable":true,"href":"https:\/\/guidetotheazores.pt\/it\/wp-json\/wp\/v2\/media\/17665"}],"wp:attachment":[{"href":"https:\/\/guidetotheazores.pt\/it\/wp-json\/wp\/v2\/media?parent=17748"}],"wp:term":[{"taxonomy":"product_brand","embeddable":true,"href":"https:\/\/guidetotheazores.pt\/it\/wp-json\/wp\/v2\/product_brand?post=17748"},{"taxonomy":"product_cat","embeddable":true,"href":"https:\/\/guidetotheazores.pt\/it\/wp-json\/wp\/v2\/product_cat?post=17748"},{"taxonomy":"product_tag","embeddable":true,"href":"https:\/\/guidetotheazores.pt\/it\/wp-json\/wp\/v2\/product_tag?post=17748"}],"curies":[{"name":"wp","href":"https:\/\/api.w.org\/{rel}","templated":true}]}}