{"id":17901,"date":"2025-01-03T14:49:49","date_gmt":"2025-01-03T15:49:49","guid":{"rendered":"https:\/\/guidetotheazores.pt\/product\/tour-di-un-giorno-intero-della-furnas-valley-con-un-abitante-del-luogo\/"},"modified":"2026-01-04T13:18:01","modified_gmt":"2026-01-04T14:18:01","slug":"tour-di-un-giorno-intero-della-furnas-valley-con-un-abitante-del-luogo","status":"publish","type":"product","link":"https:\/\/guidetotheazores.pt\/it\/prodotto\/tour-di-un-giorno-intero-della-furnas-valley-con-un-abitante-del-luogo\/","title":{"rendered":"Tour di un giorno intero della Furnas Valley con un abitante del luogo"},"content":{"rendered":"<p>In questo tour, esclusivamente privato, sarai a contatto con la natura in un&#8217;esperienza unica su un vulcano attivo.<\/p>\n<p>Durante questo tour a Furnas, ti offrir\u00f2 una combinazione unica di attivit\u00e0 geotermiche, bellezze naturali, cultura locale e relax, rendendola una destinazione attraente per i visitatori che vogliono sperimentare qualcosa di diverso e autentico con una guida locale.<\/p>\n<p>Visiteremo anche l&#8217;unica e bellissima piantagione di t\u00e8 d&#8217;Europa, &#8220;A Planta\u00e7\u00e3o de Ch\u00e1 da Gorreana&#8221;.<\/p>\n<p>Pick up presso il tuo hotel o alloggio<\/p>\n","protected":false},"excerpt":{"rendered":"<p>Scopri uno dei villaggi pi\u00f9 emblematici delle Azzorre, dove l&#8217;attivit\u00e0 vulcanica sorge dalle montagne<\/p>\n<p>In questo tour, esclusivamente privato, sarai a contatto con la natura in un&#8217;esperienza unica su un vulcano attivo.<\/p>\n<p>Durante questo tour a Furnas, offrir\u00f2 una combinazione unica di attivit\u00e0 geotermiche, bellezze naturali, cultura locale e relax, rendendola una destinazione interessante per i visitatori che vogliono sperimentare qualcosa di diverso e autentico con una guida locale.<\/p>\n<p>Visiteremo anche l&#8217;unica e bellissima piantagione di t\u00e8 d&#8217;Europa, &#8220;A Planta\u00e7\u00e3o de Ch\u00e1 da Gorreana&#8221;.<\/p>\n<p>Pick up presso il tuo hotel o alloggio<\/p>\n","protected":false},"featured_media":17843,"comment_status":"open","ping_status":"closed","template":"","meta":{"_acf_changed":false},"product_brand":[],"product_cat":[19256,19305,637,19257],"product_tag":[19323],"class_list":{"0":"post-17901","1":"product","2":"type-product","3":"status-publish","4":"has-post-thumbnail","6":"product_cat-attivita","7":"product_cat-sao-miguel-it","8":"product_cat-tutte-le-isole","9":"product_cat-visite-guidate","10":"product_tag-isoladisanmiguel","12":"first","13":"instock","14":"virtual","15":"sold-individually","16":"taxable","17":"purchasable","18":"product-type-phive_booking"},"acf":[],"_links":{"self":[{"href":"https:\/\/guidetotheazores.pt\/it\/wp-json\/wp\/v2\/product\/17901","targetHints":{"allow":["GET"]}}],"collection":[{"href":"https:\/\/guidetotheazores.pt\/it\/wp-json\/wp\/v2\/product"}],"about":[{"href":"https:\/\/guidetotheazores.pt\/it\/wp-json\/wp\/v2\/types\/product"}],"replies":[{"embeddable":true,"href":"https:\/\/guidetotheazores.pt\/it\/wp-json\/wp\/v2\/comments?post=17901"}],"wp:featuredmedia":[{"embeddable":true,"href":"https:\/\/guidetotheazores.pt\/it\/wp-json\/wp\/v2\/media\/17843"}],"wp:attachment":[{"href":"https:\/\/guidetotheazores.pt\/it\/wp-json\/wp\/v2\/media?parent=17901"}],"wp:term":[{"taxonomy":"product_brand","embeddable":true,"href":"https:\/\/guidetotheazores.pt\/it\/wp-json\/wp\/v2\/product_brand?post=17901"},{"taxonomy":"product_cat","embeddable":true,"href":"https:\/\/guidetotheazores.pt\/it\/wp-json\/wp\/v2\/product_cat?post=17901"},{"taxonomy":"product_tag","embeddable":true,"href":"https:\/\/guidetotheazores.pt\/it\/wp-json\/wp\/v2\/product_tag?post=17901"}],"curies":[{"name":"wp","href":"https:\/\/api.w.org\/{rel}","templated":true}]}}