{"id":18220,"date":"2025-01-20T11:51:02","date_gmt":"2025-01-20T12:51:02","guid":{"rendered":"https:\/\/guidetotheazores.pt\/product\/giornata-intera-sentiero-escursionistico-delle-baias-da-agualva-picnic-piscine-naturali-di-biscoitos\/"},"modified":"2026-01-04T13:17:15","modified_gmt":"2026-01-04T14:17:15","slug":"giornata-intera-sentiero-escursionistico-delle-baias-da-agualva-picnic-piscine-naturali-di-biscoitos","status":"publish","type":"product","link":"https:\/\/guidetotheazores.pt\/it\/prodotto\/giornata-intera-sentiero-escursionistico-delle-baias-da-agualva-picnic-piscine-naturali-di-biscoitos\/","title":{"rendered":"Giornata intera: Sentiero escursionistico delle Ba\u00edas da Agualva + Picnic + Piscine naturali di Biscoitos"},"content":{"rendered":"<h2>Giornata intera: Sentiero escursionistico delle Ba\u00edas da Agualva + Picnic + Piscine naturali di Biscoitos<\/h2>\n<p>Include: 6 ore (circa) &#8211; Picnic &#8211; Pick up e drop off* &#8211; Portoghese, inglese e spagnolo &#8211; Minibus\/Minivan<\/p>\n<h3>Partenza:<\/h3>\n<p>Ora: 09h30 AM<\/p>\n<h3>Arrivo:<\/h3>\n<p>Ora: 03h30 PM<\/p>\n<h3>Informazioni sul percorso<\/h3>\n<p>Categoria: Lineare<br \/>\nDifficolt\u00e0: Facile<br \/>\nEstinzione: 3,8 km<br \/>\nDurata approssimativa: 2h30<\/p>\n<h3>Descrizione<\/h3>\n<p>Vivi un viaggio indimenticabile nella splendida isola di Terceira con il nostro prodotto speciale pensato per creare ricordi che dureranno tutta la vita!<\/p>\n<p>Inizia la tua avventura con il meraviglioso Sentiero della Baia di Agualva. Circondato da paesaggi costieri, scogliere e flora endemica. <\/p>\n<p>Dopo aver completato il percorso, partecipa a un delizioso picnic ricco di autentici sapori azorei.<\/p>\n<p>Per concludere questa giornata perfetta, avrai l&#8217;incredibile opportunit\u00e0 di immergerti nelle piscine naturali di Biscoitos.<\/p>\n<h3>Cosa \u00e8 incluso?<\/h3>\n<ul>\n<li>Picnic: Degustazione di prodotti regionali;<\/li>\n<li>Trasporto da e per il percorso;<\/li>\n<li>Autista\/guida professionale certificata;<\/li>\n<li>Assicurazione di responsabilit\u00e0 civile;<\/li>\n<li>Assicurazione personale contro gli infortuni;<\/li>\n<li>*Il prelievo e la consegna avvengono presso gli hotel e le pensioni vicine al centro di Angra do Hero\u00edsmo. Al di fuori di quest&#8217;area \u00e8 possibile, ma \u00e8 previsto un supplemento. <\/li>\n<\/ul>\n<h3>Di cosa dovresti essere consapevole?<\/h3>\n<ul>\n<li>Minimo 2 persone;<\/li>\n<li>I bambini dai 6 ai 10 anni hanno uno sconto del 50%;<\/li>\n<li>Bambini fino a 5 anni gratis;<\/li>\n<li>Indossa calzature adeguate;<\/li>\n<li>Porta con te acqua e crema solare;<\/li>\n<li>Giacca da pioggia o giacca a vento;<\/li>\n<li>Avvisa se hai delle restrizioni alimentari.<\/li>\n<\/ul>\n<h3>Cancellazioni<\/h3>\n<p><!-- x-tinymce\/html --><\/p>\n<p>I clienti riceveranno un rimborso completo o un credito se la cancellazione viene effettuata fino a 24 ore prima dell&#8217;inizio dell&#8217;attivit\u00e0. Per qualsiasi domanda sulle opzioni di cancellazione e rimborso, contattaci. In caso di mancata presentazione, verr\u00e0 addebitato l&#8217;intero importo.  <\/p>\n","protected":false},"excerpt":{"rendered":"<p>Inizia con il sentiero mozzafiato delle baie di Agualva. Rilassati con un picnic ricco di sapori delle Azzorre. Termina con un tuffo rinfrescante nelle piscine naturali vulcaniche di Biscoitos.  <\/p>\n","protected":false},"featured_media":19538,"comment_status":"open","ping_status":"closed","template":"","meta":{"_acf_changed":false},"product_brand":[],"product_cat":[19256,637,19257,19271,19269,19278],"product_tag":[19320],"class_list":{"0":"post-18220","1":"product","2":"type-product","3":"status-publish","4":"has-post-thumbnail","6":"product_cat-attivita","7":"product_cat-tutte-le-isole","8":"product_cat-visite-guidate","9":"product_cat-escursioni","10":"product_cat-geoturismo","11":"product_cat-terceira-it","12":"product_tag-isoladiterceira","14":"first","15":"instock","16":"virtual","17":"sold-individually","18":"taxable","19":"purchasable","20":"product-type-phive_booking"},"acf":[],"_links":{"self":[{"href":"https:\/\/guidetotheazores.pt\/it\/wp-json\/wp\/v2\/product\/18220","targetHints":{"allow":["GET"]}}],"collection":[{"href":"https:\/\/guidetotheazores.pt\/it\/wp-json\/wp\/v2\/product"}],"about":[{"href":"https:\/\/guidetotheazores.pt\/it\/wp-json\/wp\/v2\/types\/product"}],"replies":[{"embeddable":true,"href":"https:\/\/guidetotheazores.pt\/it\/wp-json\/wp\/v2\/comments?post=18220"}],"wp:featuredmedia":[{"embeddable":true,"href":"https:\/\/guidetotheazores.pt\/it\/wp-json\/wp\/v2\/media\/19538"}],"wp:attachment":[{"href":"https:\/\/guidetotheazores.pt\/it\/wp-json\/wp\/v2\/media?parent=18220"}],"wp:term":[{"taxonomy":"product_brand","embeddable":true,"href":"https:\/\/guidetotheazores.pt\/it\/wp-json\/wp\/v2\/product_brand?post=18220"},{"taxonomy":"product_cat","embeddable":true,"href":"https:\/\/guidetotheazores.pt\/it\/wp-json\/wp\/v2\/product_cat?post=18220"},{"taxonomy":"product_tag","embeddable":true,"href":"https:\/\/guidetotheazores.pt\/it\/wp-json\/wp\/v2\/product_tag?post=18220"}],"curies":[{"name":"wp","href":"https:\/\/api.w.org\/{rel}","templated":true}]}}