{"id":18224,"date":"2025-01-20T14:08:02","date_gmt":"2025-01-20T15:08:02","guid":{"rendered":"https:\/\/guidetotheazores.pt\/product\/giornata-intera-sentiero-escursionistico-rocha-do-chambre-con-picnic-biscoitos-pico-matias-simao\/"},"modified":"2026-01-04T13:16:35","modified_gmt":"2026-01-04T14:16:35","slug":"giornata-intera-sentiero-escursionistico-rocha-do-chambre-con-picnic-biscoitos-pico-matias-simao","status":"publish","type":"product","link":"https:\/\/guidetotheazores.pt\/it\/prodotto\/giornata-intera-sentiero-escursionistico-rocha-do-chambre-con-picnic-biscoitos-pico-matias-simao\/","title":{"rendered":"Giornata intera: Sentiero escursionistico Rocha do Chambre con picnic + Biscoitos + Pico Matias Sim\u00e3o"},"content":{"rendered":"<h2>Giornata intera: Sentiero escursionistico Rocha do Chambre con picnic + Biscoitos + Pico Matias Sim\u00e3o<\/h2>\n<p>Include: 8 ore (circa) &#8211; Picnic &#8211; Pick up e drop off* &#8211; Portoghese, Inglese e Spagnolo &#8211; Minibus\/Minivan<\/p>\n<h3>Partenza:<\/h3>\n<p>Ora: 09h00 AM<\/p>\n<h3>Arrivo:<\/h3>\n<p>Ora: 06h00 PM<\/p>\n<h3>Informazioni sul percorso:<\/h3>\n<p>Categoria: Lineare<br \/>\nDifficolt\u00e0: Difficile<br \/>\nEstinzione: 8,8 km<br \/>\nDurata circa: 4 ore<\/p>\n<h3>Descrizione<\/h3>\n<p>Esplora questo incredibile sentiero nell&#8217;interno dell&#8217;isola di Terceira, che raggiunge l&#8217;impressionante altitudine di 700 metri. Questo sentiero offre viste mozzafiato sulla Valle di Azinhal e sulla caldera di Pico Alto. Mentre procedi, lasciati incantare dalla ricca flora endemica delle Azzorre, tra cui cedri ed eriche, e attraversa aree agricole uniche. Nel punto pi\u00f9 alto, Rocha do Chambre, \u00e8 circondato da paesaggi spettacolari e formazioni vulcaniche uniche.<br \/>\nLa nostra avventura include un picnic, dove potrai gustare i sapori delle Azzorre.   <\/p>\n<p>Dopo aver terminato il percorso, visiterai le piscine naturali di Biscoitos dove potrai rinfrescarti e per concludere questa giornata ricca di esperienze uniche faremo una sosta al Pico Matias Sim\u00e3o, dove sarai circondato da una vista straordinaria.<\/p>\n<h3>Cosa \u00e8 incluso?<\/h3>\n<ul>\n<li>Picnic: Degustazione di prodotti regionali;<\/li>\n<li>Trasporto da e per il percorso;<\/li>\n<li>Autista\/guida professionale certificata;<\/li>\n<li>Assicurazione di responsabilit\u00e0 civile;<\/li>\n<li>Assicurazione personale contro gli infortuni;<\/li>\n<li>*Il prelievo e la consegna avvengono presso gli hotel e le pensioni vicine al centro di Angra do Hero\u00edsmo. Al di fuori di quest&#8217;area \u00e8 possibile, ma \u00e8 previsto un supplemento. <\/li>\n<\/ul>\n<h3>Di cosa dovresti essere consapevole?<\/h3>\n<ul>\n<li>Minimo 2 persone;<\/li>\n<li>Indossa calzature adeguate;<\/li>\n<li>Porta con te acqua e crema solare;<\/li>\n<li>Giacca da pioggia o giacca a vento;<\/li>\n<li>Avvisa se hai delle restrizioni alimentari;<\/li>\n<li>Materiale adatto se vuoi nuotare nelle piscine naturali.<\/li>\n<\/ul>\n<h3>Cancellazioni<\/h3>\n<p><!-- x-tinymce\/html --><\/p>\n<p>I clienti riceveranno un rimborso completo o un credito se la cancellazione viene effettuata fino a 24 ore prima dell&#8217;inizio dell&#8217;attivit\u00e0. Per qualsiasi domanda sulle opzioni di cancellazione e rimborso, contattaci. In caso di mancata presentazione, verr\u00e0 addebitato l&#8217;intero importo.  <\/p>\n","protected":false},"excerpt":{"rendered":"<p>Lasciati incantare da uno dei sentieri pi\u00f9 belli dell&#8217;isola. Goditi le piscine naturali di Biscoitos. Sali in cima al Pico Matias Sim\u00e3o.  <\/p>\n","protected":false},"featured_media":19496,"comment_status":"open","ping_status":"closed","template":"","meta":{"_acf_changed":false},"product_brand":[],"product_cat":[19256,637,19257,19271,19269,19278],"product_tag":[19320],"class_list":{"0":"post-18224","1":"product","2":"type-product","3":"status-publish","4":"has-post-thumbnail","6":"product_cat-attivita","7":"product_cat-tutte-le-isole","8":"product_cat-visite-guidate","9":"product_cat-escursioni","10":"product_cat-geoturismo","11":"product_cat-terceira-it","12":"product_tag-isoladiterceira","14":"first","15":"instock","16":"virtual","17":"sold-individually","18":"taxable","19":"purchasable","20":"product-type-phive_booking"},"acf":[],"_links":{"self":[{"href":"https:\/\/guidetotheazores.pt\/it\/wp-json\/wp\/v2\/product\/18224","targetHints":{"allow":["GET"]}}],"collection":[{"href":"https:\/\/guidetotheazores.pt\/it\/wp-json\/wp\/v2\/product"}],"about":[{"href":"https:\/\/guidetotheazores.pt\/it\/wp-json\/wp\/v2\/types\/product"}],"replies":[{"embeddable":true,"href":"https:\/\/guidetotheazores.pt\/it\/wp-json\/wp\/v2\/comments?post=18224"}],"wp:featuredmedia":[{"embeddable":true,"href":"https:\/\/guidetotheazores.pt\/it\/wp-json\/wp\/v2\/media\/19496"}],"wp:attachment":[{"href":"https:\/\/guidetotheazores.pt\/it\/wp-json\/wp\/v2\/media?parent=18224"}],"wp:term":[{"taxonomy":"product_brand","embeddable":true,"href":"https:\/\/guidetotheazores.pt\/it\/wp-json\/wp\/v2\/product_brand?post=18224"},{"taxonomy":"product_cat","embeddable":true,"href":"https:\/\/guidetotheazores.pt\/it\/wp-json\/wp\/v2\/product_cat?post=18224"},{"taxonomy":"product_tag","embeddable":true,"href":"https:\/\/guidetotheazores.pt\/it\/wp-json\/wp\/v2\/product_tag?post=18224"}],"curies":[{"name":"wp","href":"https:\/\/api.w.org\/{rel}","templated":true}]}}