{"id":18226,"date":"2024-08-21T15:57:02","date_gmt":"2024-08-21T16:57:02","guid":{"rendered":"https:\/\/guidetotheazores.pt\/product\/mezza-giornata-baie-incantate-con-degustazione\/"},"modified":"2026-01-04T13:21:01","modified_gmt":"2026-01-04T14:21:01","slug":"mezza-giornata-baie-incantate-con-degustazione","status":"publish","type":"product","link":"https:\/\/guidetotheazores.pt\/it\/prodotto\/mezza-giornata-baie-incantate-con-degustazione\/","title":{"rendered":"Tour di mezza giornata: Costa orientale e Serra do Cume"},"content":{"rendered":"<p class=\"MsoNormal\" style=\"text-align: justify\"><b><span lang=\"EN-US\" style=\"font-size: 18.0pt;line-height: 115%;font-family: 'Arial',sans-serif\">Tour di mezza giornata: Costa orientale e Serra do Cume<\/span><\/b><\/p>\n<p class=\"MsoNormal\" style=\"text-align: justify\"><span lang=\"EN-US\" style=\"font-family: 'Arial',sans-serif\">Include: 3h30 ore (circa) &#8211; Pick up &amp; Drop off* &#8211; Portoghese, inglese e spagnolo &#8211; Minibus\/Minivan<\/span><\/p>\n<p class=\"MsoNormal\" style=\"text-align: justify\"><b><span lang=\"EN-US\" style=\"font-family: 'Arial',sans-serif\">Partenza:<\/span><\/b><\/p>\n<p class=\"MsoNormal\" style=\"text-align: justify\"><span lang=\"EN-US\" style=\"font-family: 'Arial',sans-serif\">Ora: 09h00 AM<\/span><\/p>\n<p class=\"MsoNormal\" style=\"text-align: justify\"><b><span lang=\"EN-US\" style=\"font-family: 'Arial',sans-serif\">Arrivo:<\/span><\/b><\/p>\n<p class=\"MsoNormal\" style=\"text-align: justify\"><span lang=\"EN-US\" style=\"font-family: 'Arial',sans-serif\">Ora: 12h30 PM<\/span><\/p>\n<p class=\"MsoNormal\" style=\"text-align: justify\"><b><span lang=\"EN-US\" style=\"font-family: 'Arial',sans-serif\">Difficolt\u00e0<\/span><\/b><\/p>\n<p class=\"MsoNormal\" style=\"text-align: justify\"><span lang=\"EN-US\" style=\"font-family: 'Arial',sans-serif\">Facile<\/span><\/p>\n<p class=\"MsoNormal\" style=\"text-align: justify\"><b><span lang=\"EN-US\" style=\"font-family: 'Arial',sans-serif\">Descrizione<\/span><\/b><\/p>\n<p class=\"MsoNormal\" style=\"text-align: justify\"><span lang=\"EN-US\" style=\"font-family: 'Arial',sans-serif\">Iniziamo la nostra visita dal Monte Brasil, godendo di una vista panoramica sulla citt\u00e0 di Angra do Hero\u00edsmo presso il punto panoramico Pico das Cruzinhas. Proseguiamo lungo la costa orientale verso il punto panoramico di Serretinha, con una vista panoramica sugli isolotti di Cabras.   <\/span><\/p>\n<p class=\"MsoNormal\" style=\"text-align: justify\"><span lang=\"EN-US\" style=\"font-family: 'Arial',sans-serif\">Poco pi\u00f9 avanti raggiungeremo la Baia di Salga e la Baia di M\u00f3s, luoghi che hanno avuto una grande importanza nella storia di Terceira.  <\/span><\/p>\n<p class=\"MsoNormal\" style=\"text-align: justify\"><span lang=\"EN-US\" style=\"font-family: 'Arial',sans-serif\">La tappa successiva \u00e8 il villaggio di S\u00e3o Sebasti\u00e3o, che ospita una delle chiese pi\u00f9 antiche dell&#8217;isola.  <\/span><\/p>\n<p class=\"MsoNormal\" style=\"text-align: justify\"><span lang=\"EN-US\" style=\"font-family: 'Arial',sans-serif\">Dopo questa sosta ci dirigiamo verso la citt\u00e0 di Praia da Vit\u00f3ria, dove ci fermeremo al punto panoramico Serra do Facho, che offre una vista privilegiata sulla citt\u00e0.  <\/span><\/p>\n<p class=\"MsoNormal\" style=\"text-align: justify\"><span lang=\"EN-US\" style=\"font-family: 'Arial',sans-serif\">Infine, saliamo al punto panoramico Serra do Cume, dove possiamo vedere la famosa &#8220;Manta de Retalhos&#8221;, la pi\u00f9 grande caldera delle Azzorre.<\/span><\/p>\n<ul style=\"margin-top: 0cm\" type=\"disc\">\n<li class=\"MsoNormal\" style=\"text-align: justify\"><span style=\"font-family: 'Arial',sans-serif\">Monte Brasil  <\/span><\/li>\n<li class=\"MsoNormal\" style=\"text-align: justify\"><span style=\"font-family: 'Arial',sans-serif\">Miradouro da Serretinha  <\/span><\/li>\n<li class=\"MsoNormal\" style=\"text-align: justify\"><span style=\"font-family: 'Arial',sans-serif\">Baia di Salga  <\/span><\/li>\n<li class=\"MsoNormal\" style=\"text-align: justify\"><span style=\"font-family: 'Arial',sans-serif\">Chiesa di S\u00e3o Sebasti\u00e3o  <\/span><\/li>\n<li class=\"MsoNormal\" style=\"text-align: justify\"><span style=\"font-family: 'Arial',sans-serif\">Punto di vista di Serra do Facho<\/span><\/li>\n<li class=\"MsoNormal\" style=\"text-align: justify\"><span style=\"font-family: 'Arial',sans-serif\">Punto di vista di Serra do Cume<\/span><\/li>\n<\/ul>\n<p class=\"MsoNormal\" style=\"text-align: justify\"><b><span style=\"font-family: 'Arial',sans-serif\">Cosa \u00e8 incluso?<\/span><\/b><\/p>\n<ul style=\"margin-top: 0cm\" type=\"disc\">\n<li class=\"MsoNormal\" style=\"text-align: justify\"><span style=\"font-family: 'Arial',sans-serif\">Autista\/guida professionale certificata;<\/span><\/li>\n<li class=\"MsoNormal\" style=\"text-align: justify\"><span style=\"font-family: 'Arial',sans-serif\">Assicurazione di responsabilit\u00e0 civile;<\/span><\/li>\n<li class=\"MsoNormal\" style=\"text-align: justify\"><span style=\"font-family: 'Arial',sans-serif\">Assicurazione personale contro gli infortuni;<\/span><\/li>\n<li class=\"MsoNormal\" style=\"text-align: justify\"><span lang=\"EN-US\" style=\"font-family: 'Arial',sans-serif\">*Il prelievo e la consegna avvengono presso gli hotel e le pensioni vicine al centro di Angra do Hero\u00edsmo. Al di fuori di quest&#8217;area \u00e8 possibile, ma \u00e8 previsto un supplemento. <\/span><\/li>\n<\/ul>\n<p class=\"MsoNormal\" style=\"text-align: justify\"><b><span lang=\"EN-US\" style=\"font-family: 'Arial',sans-serif\">Di cosa dovresti essere consapevole?<\/span><\/b><\/p>\n<ul style=\"margin-top: 0cm\" type=\"disc\">\n<li class=\"MsoNormal\" style=\"text-align: justify\"><span style=\"font-family: 'Arial',sans-serif\">Minimo 2 persone;<\/span><\/li>\n<li class=\"MsoNormal\" style=\"text-align: justify\"><span lang=\"EN-US\" style=\"font-family: 'Arial',sans-serif\">I bambini dai 6 ai 10 anni hanno uno sconto del 50%;<\/span><\/li>\n<li class=\"MsoNormal\" style=\"text-align: justify\"><span lang=\"EN-US\" style=\"font-family: 'Arial',sans-serif\">Bambini fino a 5 anni gratis.<\/span><\/li>\n<\/ul>\n<p class=\"MsoNormal\" style=\"text-align: justify\"><b><span lang=\"EN-US\" style=\"font-family: 'Arial',sans-serif\">Cancellazioni<\/span><\/b><\/p>\n<p class=\"MsoNormal\" style=\"text-align: justify\"><span lang=\"EN-US\" style=\"font-family: 'Arial',sans-serif\">I clienti riceveranno un rimborso completo o un credito se la cancellazione viene effettuata fino a 24 ore prima dell&#8217;inizio dell&#8217;attivit\u00e0. Per qualsiasi domanda sulle opzioni di cancellazione e rimborso, contattaci. In caso di mancata presentazione, verr\u00e0 addebitato l&#8217;intero importo.  <\/span><\/p>\n","protected":false},"excerpt":{"rendered":"<p>Scopri il lato orientale dell&#8217;isola di Terceira! Ammira panorami mozzafiato dal Monte Brasil alla Serra do Cume, visita baie e villaggi storici e ammira l&#8217;iconica &#8220;Manta de Retalhos&#8221; dall&#8217;alto. <\/p>\n","protected":false},"featured_media":19562,"comment_status":"open","ping_status":"closed","template":"","meta":{"_acf_changed":false},"product_brand":[],"product_cat":[19256,637,19257,19269,19278],"product_tag":[19320],"class_list":{"0":"post-18226","1":"product","2":"type-product","3":"status-publish","4":"has-post-thumbnail","6":"product_cat-attivita","7":"product_cat-tutte-le-isole","8":"product_cat-visite-guidate","9":"product_cat-geoturismo","10":"product_cat-terceira-it","11":"product_tag-isoladiterceira","13":"first","14":"instock","15":"virtual","16":"sold-individually","17":"taxable","18":"purchasable","19":"product-type-phive_booking"},"acf":[],"_links":{"self":[{"href":"https:\/\/guidetotheazores.pt\/it\/wp-json\/wp\/v2\/product\/18226","targetHints":{"allow":["GET"]}}],"collection":[{"href":"https:\/\/guidetotheazores.pt\/it\/wp-json\/wp\/v2\/product"}],"about":[{"href":"https:\/\/guidetotheazores.pt\/it\/wp-json\/wp\/v2\/types\/product"}],"replies":[{"embeddable":true,"href":"https:\/\/guidetotheazores.pt\/it\/wp-json\/wp\/v2\/comments?post=18226"}],"wp:featuredmedia":[{"embeddable":true,"href":"https:\/\/guidetotheazores.pt\/it\/wp-json\/wp\/v2\/media\/19562"}],"wp:attachment":[{"href":"https:\/\/guidetotheazores.pt\/it\/wp-json\/wp\/v2\/media?parent=18226"}],"wp:term":[{"taxonomy":"product_brand","embeddable":true,"href":"https:\/\/guidetotheazores.pt\/it\/wp-json\/wp\/v2\/product_brand?post=18226"},{"taxonomy":"product_cat","embeddable":true,"href":"https:\/\/guidetotheazores.pt\/it\/wp-json\/wp\/v2\/product_cat?post=18226"},{"taxonomy":"product_tag","embeddable":true,"href":"https:\/\/guidetotheazores.pt\/it\/wp-json\/wp\/v2\/product_tag?post=18226"}],"curies":[{"name":"wp","href":"https:\/\/api.w.org\/{rel}","templated":true}]}}