{"id":18233,"date":"2024-06-06T08:06:23","date_gmt":"2024-06-06T09:06:23","guid":{"rendered":"https:\/\/guidetotheazores.pt\/product\/intorno-allisolotto-di-vila-franca-do-campo-dal-15-aprile-al-15-ottobre\/"},"modified":"2026-01-04T13:23:21","modified_gmt":"2026-01-04T14:23:21","slug":"intorno-allisolotto-di-vila-franca-do-campo-dal-15-aprile-al-15-ottobre","status":"publish","type":"product","link":"https:\/\/guidetotheazores.pt\/it\/prodotto\/intorno-allisolotto-di-vila-franca-do-campo-dal-15-aprile-al-15-ottobre\/","title":{"rendered":"Intorno all&#8217;isolotto di Vila Franca do Campo (dal 15 aprile al 15 ottobre)"},"content":{"rendered":"<p>Gira in barca intorno all&#8217;isolotto di Vila Franca do Campo, osserva e impara a conoscere la geologia e l&#8217;habitat vivente del bellissimo vulcano sommerso!<\/p>\n<p>Il tour inizia con un breve briefing che introduce la geologia e la fauna dell&#8217;isolotto, la riserva naturale e la sicurezza della barca. Segui la guida e lo skipper fino alla barca designata per raggiungere l&#8217;isolotto in 5 minuti di navigazione.<\/p>\n<p>Goditi un&#8217;esplorazione in barca per vedere e ammirare la meraviglia vulcanica e le sue famose caratteristiche geologiche e i punti salienti stagionali della vita marina, con un&#8217;incantevole narrazione mentre giri intorno all&#8217;Ilh\u00e9u de Vila Franca do Campo.<\/p>\n<p>Una bellissima reliquia esposta di un cono vulcanico oceanico e un santuario marittimo unico nel suo genere, ricco di fauna selvatica e scolpito dalle forze del mare e dell&#8217;attivit\u00e0 sismica, per gli uccelli, i pesci e persino i granchi di mare, \u00e8 particolarmente ricco di vita dall&#8217;autunno alla primavera! \u00c8 anche un importante fattore di influenza nella storia di Vila Franca do Campo e dell&#8217;isola, una rappresentazione dell&#8217;abbraccio resiliente della vita sul bordo dell&#8217;Atlantico.<\/p>\n<p>La tua guida ti terr\u00e0 informato su ci\u00f2 che stai osservando ed \u00e8 a disposizione per qualsiasi domanda specifica: non esitare a chiedere! Dopo il tour in barca \u00e8 ora di tornare alla Marina per il check-out.<\/p>\n<p>Ti consigliamo di presentarti all&#8217;orario indicato per la registrazione e il briefing. Mangia leggero, porta con te una scorta d&#8217;acqua, crema solare e burrocacao per il sole e vestiti caldi perch\u00e9 le temperature possono variare. A bordo \u00e8 consentito consumare cibi leggeri e una macchina fotografica \u00e8 essenziale, soprattutto per gli amanti della fotografia &#8211; si prega di proteggere i dispositivi elettronici e le attrezzature personali.<\/p>\n<p>Non consigliamo questo tour a persone in gravidanza, con la schiena debole, in condizioni di salute delicate e ai bambini di et\u00e0 inferiore ai 4 anni.<\/p>\n<p>In questo tour non \u00e8 consentito fare il bagno.<\/p>\n","protected":false},"excerpt":{"rendered":"<p>Gira in barca intorno all&#8217;isolotto di Vila Franca do Campo, osserva e impara a conoscere la geologia e l&#8217;habitat vivente del bellissimo vulcano sommerso!<\/p>\n<p>Il tour inizia con un breve briefing che introduce la geologia e la fauna dell&#8217;isolotto, la riserva naturale e la sicurezza della barca. Segui la guida e lo skipper fino alla barca designata per raggiungere l&#8217;isolotto in 5 minuti di navigazione.<\/p>\n","protected":false},"featured_media":16642,"comment_status":"open","ping_status":"closed","template":"","meta":{"_acf_changed":false},"product_brand":[],"product_cat":[19256,19305,637,19257,19273],"product_tag":[19323],"class_list":{"0":"post-18233","1":"product","2":"type-product","3":"status-publish","4":"has-post-thumbnail","6":"product_cat-attivita","7":"product_cat-sao-miguel-it","8":"product_cat-tutte-le-isole","9":"product_cat-visite-guidate","10":"product_cat-vela","11":"product_tag-isoladisanmiguel","13":"first","14":"instock","15":"virtual","16":"sold-individually","17":"taxable","18":"purchasable","19":"product-type-phive_booking"},"acf":[],"_links":{"self":[{"href":"https:\/\/guidetotheazores.pt\/it\/wp-json\/wp\/v2\/product\/18233","targetHints":{"allow":["GET"]}}],"collection":[{"href":"https:\/\/guidetotheazores.pt\/it\/wp-json\/wp\/v2\/product"}],"about":[{"href":"https:\/\/guidetotheazores.pt\/it\/wp-json\/wp\/v2\/types\/product"}],"replies":[{"embeddable":true,"href":"https:\/\/guidetotheazores.pt\/it\/wp-json\/wp\/v2\/comments?post=18233"}],"wp:featuredmedia":[{"embeddable":true,"href":"https:\/\/guidetotheazores.pt\/it\/wp-json\/wp\/v2\/media\/16642"}],"wp:attachment":[{"href":"https:\/\/guidetotheazores.pt\/it\/wp-json\/wp\/v2\/media?parent=18233"}],"wp:term":[{"taxonomy":"product_brand","embeddable":true,"href":"https:\/\/guidetotheazores.pt\/it\/wp-json\/wp\/v2\/product_brand?post=18233"},{"taxonomy":"product_cat","embeddable":true,"href":"https:\/\/guidetotheazores.pt\/it\/wp-json\/wp\/v2\/product_cat?post=18233"},{"taxonomy":"product_tag","embeddable":true,"href":"https:\/\/guidetotheazores.pt\/it\/wp-json\/wp\/v2\/product_tag?post=18233"}],"curies":[{"name":"wp","href":"https:\/\/api.w.org\/{rel}","templated":true}]}}