{"id":18234,"date":"2024-06-06T07:54:32","date_gmt":"2024-06-06T08:54:32","guid":{"rendered":"https:\/\/guidetotheazores.pt\/product\/riserva-dellisolotto-di-vila-franca-dal-16-ottobre-al-14-aprile\/"},"modified":"2026-01-04T13:23:31","modified_gmt":"2026-01-04T14:23:31","slug":"riserva-dellisolotto-di-vila-franca-dal-16-ottobre-al-14-aprile","status":"publish","type":"product","link":"https:\/\/guidetotheazores.pt\/it\/prodotto\/riserva-dellisolotto-di-vila-franca-dal-16-ottobre-al-14-aprile\/","title":{"rendered":"Riserva dell&#8217;isolotto di Vila Franca (dal 16 ottobre al 14 aprile)"},"content":{"rendered":"<p>Ammira da vicino una meraviglia vulcanica: l&#8217;isolotto di Vila Franca do Campo, riserva naturale protetta fuori costa. Scopri la geologia, la fauna e la flora viventi!<\/p>\n<p>Il tour inizia con un breve briefing che introduce alla geologia dell&#8217;isolotto vulcanico, alle specie vegetali e animali che si possono trovare, alle regole della riserva naturale e alla sicurezza. Ognuno seguir\u00e0 la Guida e lo Skipper fino alla barca designata, per 10 minuti di viaggio in mare fino all&#8217;isolotto.<\/p>\n<p>Sbarcherai al porto dell&#8217;isolotto per un tour di un&#8217;ora e mezza alla scoperta della meraviglia vulcanica e delle sue famose caratteristiche. Il cratere dell&#8217;isolotto \u00e8 roccioso e presenta specie endemiche di Erica delle Azzorre, Albero del Fuoco e altre specie di flora che lo rendono un bellissimo habitat per la fauna selvatica; spesso si possono osservare uccelli come Poiane, Voltolini, Sanderlings, Garzette, Fringuelli, Canarini, Cutrettole e persino colonie di granchi Sally lightfoot!<\/p>\n<p>\u00c8 ricca di vita tutto l&#8217;anno, soprattutto in autunno e in inverno. La tua guida ti terr\u00e0 informato su ci\u00f2 che stai osservando ed \u00e8 disponibile per tutta la durata del tour a rispondere a qualsiasi domanda specifica: non esitare a chiedere!<\/p>\n<p>Alle 16:15 \u00e8 ora di tornare alla Marina per il check-out.<\/p>\n<p>Ti consigliamo di mangiare leggero e di portare con te una scorta d&#8217;acqua, crema solare e burrocacao per il sole. \u00c8 consentito consumare cibi leggeri e una macchina fotografica \u00e8 essenziale, soprattutto per gli amanti della fotografia &#8211; proteggi l&#8217;attrezzatura personale.<\/p>\n<p>NON PER chi \u00e8 in gravidanza, con la schiena debole, in sedia a rotelle, in condizioni di salute delicate o al di sotto dei 4 anni.<\/p>\n<p>In questo periodo dell&#8217;anno non \u00e8 consentito fare il bagno.<\/p>\n","protected":false},"excerpt":{"rendered":"<p>Ammira da vicino una meraviglia vulcanica: l&#8217;isolotto di Vila Franca do Campo, riserva naturale protetta fuori costa. Scopri la geologia, la fauna e la flora viventi!<\/p>\n<p>Il tour inizia con un breve briefing che introduce alla geologia dell&#8217;isolotto vulcanico, alle specie vegetali e animali che si possono trovare, alle regole della riserva naturale e alla sicurezza. Ognuno seguir\u00e0 la Guida e lo Skipper fino alla barca designata, per 10 minuti di viaggio in mare fino all&#8217;isolotto.<\/p>\n","protected":false},"featured_media":16642,"comment_status":"open","ping_status":"closed","template":"","meta":{"_acf_changed":false},"product_brand":[],"product_cat":[19256,19305,637,19257,19273],"product_tag":[19323],"class_list":{"0":"post-18234","1":"product","2":"type-product","3":"status-publish","4":"has-post-thumbnail","6":"product_cat-attivita","7":"product_cat-sao-miguel-it","8":"product_cat-tutte-le-isole","9":"product_cat-visite-guidate","10":"product_cat-vela","11":"product_tag-isoladisanmiguel","13":"first","14":"instock","15":"virtual","16":"sold-individually","17":"taxable","18":"purchasable","19":"product-type-phive_booking"},"acf":[],"_links":{"self":[{"href":"https:\/\/guidetotheazores.pt\/it\/wp-json\/wp\/v2\/product\/18234","targetHints":{"allow":["GET"]}}],"collection":[{"href":"https:\/\/guidetotheazores.pt\/it\/wp-json\/wp\/v2\/product"}],"about":[{"href":"https:\/\/guidetotheazores.pt\/it\/wp-json\/wp\/v2\/types\/product"}],"replies":[{"embeddable":true,"href":"https:\/\/guidetotheazores.pt\/it\/wp-json\/wp\/v2\/comments?post=18234"}],"wp:featuredmedia":[{"embeddable":true,"href":"https:\/\/guidetotheazores.pt\/it\/wp-json\/wp\/v2\/media\/16642"}],"wp:attachment":[{"href":"https:\/\/guidetotheazores.pt\/it\/wp-json\/wp\/v2\/media?parent=18234"}],"wp:term":[{"taxonomy":"product_brand","embeddable":true,"href":"https:\/\/guidetotheazores.pt\/it\/wp-json\/wp\/v2\/product_brand?post=18234"},{"taxonomy":"product_cat","embeddable":true,"href":"https:\/\/guidetotheazores.pt\/it\/wp-json\/wp\/v2\/product_cat?post=18234"},{"taxonomy":"product_tag","embeddable":true,"href":"https:\/\/guidetotheazores.pt\/it\/wp-json\/wp\/v2\/product_tag?post=18234"}],"curies":[{"name":"wp","href":"https:\/\/api.w.org\/{rel}","templated":true}]}}