{"id":18235,"date":"2024-08-21T15:44:57","date_gmt":"2024-08-21T16:44:57","guid":{"rendered":"https:\/\/guidetotheazores.pt\/product\/mezza-giornata-algar-do-carvao-percorso-della-lava-con-vino\/"},"modified":"2026-01-04T13:21:24","modified_gmt":"2026-01-04T14:21:24","slug":"mezza-giornata-algar-do-carvao-percorso-della-lava-con-vino","status":"publish","type":"product","link":"https:\/\/guidetotheazores.pt\/it\/prodotto\/mezza-giornata-algar-do-carvao-percorso-della-lava-con-vino\/","title":{"rendered":"Tour di mezza giornata: Algar do Carv\u00e3o &#8211; Percorso della Lava"},"content":{"rendered":"<p class=\"MsoNormal\"><b style=\"text-align: justify\"><span style=\"font-size: 18.0pt;line-height: 115%;font-family: 'Arial',sans-serif\">Tour di mezza giornata: Algar do Carv\u00e3o &#8211; Percorso della Lava<\/span><\/b><\/p>\n<p class=\"MsoNormal\" style=\"text-align: justify\"><span lang=\"EN-US\" style=\"font-family: 'Arial',sans-serif\">Include: 3 ore (circa) &#8211; Pick up &amp; Drop off* &#8211; Portoghese, inglese e spagnolo &#8211; Minibus\/Minivan<\/span><\/p>\n<p class=\"MsoNormal\" style=\"text-align: justify\"><b><span lang=\"EN-US\" style=\"font-size: 13.0pt;line-height: 115%;font-family: 'Arial',sans-serif\">Partenza<\/span><\/b><\/p>\n<p class=\"MsoNormal\" style=\"text-align: justify\"><span lang=\"EN-US\" style=\"font-family: 'Arial',sans-serif\">Ora: 02h00 PM<\/span><\/p>\n<p class=\"MsoNormal\" style=\"text-align: justify\"><b><span lang=\"EN-US\" style=\"font-size: 13.0pt;line-height: 115%;font-family: 'Arial',sans-serif\">Arrivo<\/span><\/b><\/p>\n<p class=\"MsoNormal\" style=\"text-align: justify\"><span lang=\"EN-US\" style=\"font-family: 'Arial',sans-serif\">Ora: 05h00 PM<\/span><\/p>\n<p class=\"MsoNormal\" style=\"text-align: justify\"><b><span lang=\"EN-US\" style=\"font-size: 13.0pt;line-height: 115%;font-family: 'Arial',sans-serif\">Difficolt\u00e0<\/span><\/b><\/p>\n<p class=\"MsoNormal\" style=\"text-align: justify\"><span lang=\"EN-US\" style=\"font-family: 'Arial',sans-serif\">Facile<\/span><\/p>\n<p class=\"MsoNormal\" style=\"text-align: justify\"><b><span lang=\"EN-US\" style=\"font-size: 13.0pt;line-height: 115%;font-family: 'Arial',sans-serif\">Descrizione<\/span><\/b><\/p>\n<p class=\"MsoNormal\" style=\"text-align: justify\"><span lang=\"EN-US\" style=\"font-family: 'Arial',sans-serif\">Esplora la geologia dell&#8217;isola di Terceira, un vero gioiello scolpito dalla forza dei vulcani nel corso dei millenni. Prova la tranquillit\u00e0 della Lagoa das Patas e delle incredibili criptomerie.   <\/span><\/p>\n<p class=\"MsoNormal\" style=\"text-align: justify\"><span lang=\"EN-US\" style=\"font-family: 'Arial',sans-serif\">Percorri il tubo di lava della Gruta do Natal, un modo eccellente per viaggiare attraverso la formazione dell&#8217;isola.  <\/span><\/p>\n<p class=\"MsoNormal\" style=\"text-align: justify\"><span lang=\"EN-US\" style=\"font-family: 'Arial',sans-serif\">Scopri l&#8217;attivit\u00e0 vulcanica dell&#8217;interno della Terra visitando Furnas do Enxofre.  <\/span><\/p>\n<p class=\"MsoNormal\" style=\"text-align: justify\"><span lang=\"EN-US\" style=\"font-family: 'Arial',sans-serif\">Parti per un&#8217;avventura ad Algar do Carv\u00e3o**, uno dei pochi vulcani visitabili al mondo.  <\/span><\/p>\n<p class=\"MsoNormal\" style=\"text-align: justify\"><span lang=\"EN-US\" style=\"font-family: 'Arial',sans-serif\">Ogni passo che fai sull&#8217;Isola di Terceira \u00e8 un viaggio nel profondo delle origini della Terra, dove la natura \u00e8 in perfetta armonia.<\/span><\/p>\n<ul style=\"margin-top: 0cm\" type=\"disc\">\n<li class=\"MsoNormal\" style=\"text-align: justify;line-height: normal\"><span style=\"font-family: 'Arial',sans-serif\">Lagoa das Patas<b>;<\/b> <\/span><\/li>\n<\/ul>\n<ul style=\"margin-top: 0cm\" type=\"disc\">\n<li class=\"MsoNormal\" style=\"text-align: justify;line-height: normal\"><span style=\"font-family: 'Arial',sans-serif\">Gruta do Natal;  <\/span><\/li>\n<\/ul>\n<ul style=\"margin-top: 0cm\" type=\"disc\">\n<li class=\"MsoNormal\" style=\"text-align: justify;line-height: normal\"><span style=\"font-family: 'Arial',sans-serif\">Furnas do enxofre;  <\/span><\/li>\n<\/ul>\n<ul style=\"margin-top: 0cm\" type=\"disc\">\n<li class=\"MsoNormal\" style=\"text-align: justify;line-height: normal\"><span style=\"font-family: 'Arial',sans-serif\">Algar do Carv\u00e3o** (temporaneamente chiuso<b>)<\/b><\/span><\/li>\n<\/ul>\n<p class=\"MsoNormal\" style=\"text-align: justify\"><b><span style=\"font-size: 13.0pt;line-height: 115%;font-family: 'Arial',sans-serif\">Cosa \u00e8 incluso?<\/span><\/b><\/p>\n<ul style=\"margin-top: 0cm\" type=\"disc\">\n<li class=\"MsoNormal\" style=\"text-align: justify\"><span style=\"font-family: 'Arial',sans-serif\">Ingresso ad Algar do Carvao;<\/span><\/li>\n<li class=\"MsoNormal\" style=\"text-align: justify\"><span style=\"font-family: 'Arial',sans-serif\">Ingresso alla Gruta do Natal;<\/span><\/li>\n<li class=\"MsoNormal\" style=\"text-align: justify\"><span style=\"font-family: 'Arial',sans-serif\">Autista\/guida professionale certificata;<\/span><\/li>\n<li class=\"MsoNormal\" style=\"text-align: justify\"><span style=\"font-family: 'Arial',sans-serif\">Assicurazione di responsabilit\u00e0 civile;<\/span><\/li>\n<li class=\"MsoNormal\" style=\"text-align: justify\"><span style=\"font-family: 'Arial',sans-serif\">Assicurazione personale contro gli infortuni;<\/span><\/li>\n<li class=\"MsoNormal\" style=\"text-align: justify\"><span lang=\"EN-US\" style=\"font-family: 'Arial',sans-serif\">*Il prelievo e la consegna avvengono presso gli hotel e le pensioni vicine al centro di Angra do Hero\u00edsmo. Al di fuori di quest&#8217;area \u00e8 possibile, ma \u00e8 previsto un supplemento. <\/span><\/li>\n<\/ul>\n<p class=\"MsoNormal\" style=\"text-align: justify\"><b><span lang=\"EN-US\" style=\"font-size: 13.0pt;line-height: 115%;font-family: 'Arial',sans-serif\">Di cosa dovresti essere consapevole?<\/span><\/b><\/p>\n<ul style=\"margin-top: 0cm\" type=\"disc\">\n<li class=\"MsoNormal\" style=\"text-align: justify\"><span style=\"font-family: 'Arial',sans-serif\">Minimo 2 persone;<\/span><\/li>\n<li class=\"MsoNormal\" style=\"text-align: justify\"><span lang=\"EN-US\" style=\"font-family: 'Arial',sans-serif\">I bambini dai 6 ai 10 anni hanno uno sconto del 50%;<\/span><\/li>\n<li class=\"MsoNormal\" style=\"text-align: justify\"><span lang=\"EN-US\" style=\"font-family: 'Arial',sans-serif\">Bambini fino a 5 anni gratis;<\/span><\/li>\n<li class=\"MsoNormal\" style=\"text-align: justify\"><span style=\"font-family: 'Arial',sans-serif\">Scarpe comode;<\/span><\/li>\n<li class=\"MsoNormal\" style=\"text-align: justify\"><span lang=\"EN-US\" style=\"font-family: 'Arial',sans-serif\">Giacca leggera da pioggia o giacca a vento.<\/span><\/li>\n<li class=\"MsoNormal\" style=\"text-align: justify\"><b><span style=\"font-family: 'Arial',sans-serif\">**<\/span><\/b><span style=\"font-family: 'Arial',sans-serif\">Algar do Carv\u00e3o \u00e8 temporaneamente chiuso.<\/span><\/li>\n<\/ul>\n<p class=\"MsoNormal\" style=\"text-align: justify\"><b><span style=\"font-size: 13.0pt;line-height: 115%;font-family: 'Arial',sans-serif\">Cancellazioni<\/span><\/b><\/p>\n<p class=\"MsoNormal\" style=\"text-align: justify\"><span lang=\"EN-US\" style=\"font-family: 'Arial',sans-serif\">I clienti riceveranno un rimborso completo o un credito se la cancellazione viene effettuata fino a 24 ore prima dell&#8217;inizio dell&#8217;attivit\u00e0. Per qualsiasi domanda sulle opzioni di cancellazione e rimborso, contattaci. In caso di mancata presentazione, verr\u00e0 addebitato l&#8217;intero importo.  <\/span><\/p>\n<p class=\"MsoNormal\" style=\"text-align: justify\"><span lang=\"EN-US\" style=\"font-family: 'Segoe UI Emoji',sans-serif\"> <\/span><\/p>\n<p class=\"MsoNormal\"><span style=\"font-family: 'Segoe UI Emoji', sans-serif\"> <\/span><b style=\"text-align: justify\"><\/b><\/p>\n","protected":false},"excerpt":{"rendered":"<div class=\"text-base my-auto mx-auto pb-10 [--thread-content-margin:--spacing(4)] @[37rem]:[--thread-content-margin:--spacing(6)] @[72rem]:[--thread-content-margin:--spacing(16)] px-(--thread-content-margin)\">\n<div class=\"[--thread-content-max-width:32rem] @[34rem]:[--thread-content-max-width:40rem] @[64rem]:[--thread-content-max-width:48rem] mx-auto max-w-(--thread-content-max-width) flex-1 group\/turn-messages focus-visible:outline-hidden relative flex w-full min-w-0 flex-col agent-turn\">\n<div class=\"flex max-w-full flex-col grow\">\n<div class=\"min-h-8 text-message relative flex w-full flex-col items-end gap-2 text-start break-words whitespace-normal [.text-message+&amp;]:mt-5\" dir=\"auto\" data-message-author-role=\"assistant\" data-message-id=\"5933dbbe-0e8e-4dc6-a073-ac57525e492a\" data-message-model-slug=\"gpt-4o\">\n<div class=\"flex w-full flex-col gap-1 empty:hidden first:pt-[3px]\">\n<div class=\"markdown prose dark:prose-invert w-full break-words light markdown-new-styling\">\n<p data-start=\"0\" data-end=\"213\" data-is-last-node=\"\" data-is-only-node=\"\">Scopri l&#8217;anima vulcanica dell&#8217;isola di Terceira! Cammina attraverso i tubi di lava, senti il vapore di Furnas do Enxofre e scendi nell&#8217;incredibile Algar do Carv\u00e3o*. Un viaggio nella natura, nella geologia e nelle origini delle Azzorre.  <\/p>\n<p><b>*Algar<\/b>do Carv\u00e3o \u00e8 temporaneamente chiuso.<\/p>\n<\/div>\n<\/div>\n<\/div>\n<\/div>\n<\/div>\n<\/div>\n","protected":false},"featured_media":19604,"comment_status":"open","ping_status":"closed","template":"","meta":{"_acf_changed":false},"product_brand":[],"product_cat":[19256,636,637,19257,19269,19278,19277],"product_tag":[19320],"class_list":{"0":"post-18235","1":"product","2":"type-product","3":"status-publish","4":"has-post-thumbnail","6":"product_cat-attivita","7":"product_cat-cibo-e-bevande","8":"product_cat-tutte-le-isole","9":"product_cat-visite-guidate","10":"product_cat-geoturismo","11":"product_cat-terceira-it","12":"product_cat-vini","13":"product_tag-isoladiterceira","15":"first","16":"instock","17":"virtual","18":"sold-individually","19":"taxable","20":"purchasable","21":"product-type-phive_booking"},"acf":[],"_links":{"self":[{"href":"https:\/\/guidetotheazores.pt\/it\/wp-json\/wp\/v2\/product\/18235","targetHints":{"allow":["GET"]}}],"collection":[{"href":"https:\/\/guidetotheazores.pt\/it\/wp-json\/wp\/v2\/product"}],"about":[{"href":"https:\/\/guidetotheazores.pt\/it\/wp-json\/wp\/v2\/types\/product"}],"replies":[{"embeddable":true,"href":"https:\/\/guidetotheazores.pt\/it\/wp-json\/wp\/v2\/comments?post=18235"}],"wp:featuredmedia":[{"embeddable":true,"href":"https:\/\/guidetotheazores.pt\/it\/wp-json\/wp\/v2\/media\/19604"}],"wp:attachment":[{"href":"https:\/\/guidetotheazores.pt\/it\/wp-json\/wp\/v2\/media?parent=18235"}],"wp:term":[{"taxonomy":"product_brand","embeddable":true,"href":"https:\/\/guidetotheazores.pt\/it\/wp-json\/wp\/v2\/product_brand?post=18235"},{"taxonomy":"product_cat","embeddable":true,"href":"https:\/\/guidetotheazores.pt\/it\/wp-json\/wp\/v2\/product_cat?post=18235"},{"taxonomy":"product_tag","embeddable":true,"href":"https:\/\/guidetotheazores.pt\/it\/wp-json\/wp\/v2\/product_tag?post=18235"}],"curies":[{"name":"wp","href":"https:\/\/api.w.org\/{rel}","templated":true}]}}