{"id":18238,"date":"2025-01-20T11:53:13","date_gmt":"2025-01-20T12:53:13","guid":{"rendered":"https:\/\/guidetotheazores.pt\/product\/giornata-intera-sentiero-escursionistico-misterios-negros-e-misterio-novo-picnic\/"},"modified":"2026-01-04T13:16:56","modified_gmt":"2026-01-04T14:16:56","slug":"giornata-intera-sentiero-escursionistico-misterios-negros-e-misterio-novo-picnic","status":"publish","type":"product","link":"https:\/\/guidetotheazores.pt\/it\/prodotto\/giornata-intera-sentiero-escursionistico-misterios-negros-e-misterio-novo-picnic\/","title":{"rendered":"Giornata intera: Sentiero escursionistico Mist\u00e9rios Negros e Mist\u00e9rio Novo + picnic"},"content":{"rendered":"<h2>Sentiero escursionistico Mist\u00e9rios Negros e Mist\u00e9rio Novo con picnic<\/h2>\n<p>Include: 6 ore (circa) &#8211; Picnic &#8211; Pick up e drop off* &#8211; Portoghese, inglese e spagnolo &#8211; Minibus\/Minivan<\/p>\n<h3>Partenza:<\/h3>\n<p>Ora: 09h30 AM<\/p>\n<h3>Arrivo:<\/h3>\n<p>Ora: 03h30 PM<\/p>\n<h3>Informazioni sul percorso:<\/h3>\n<p>Categoria: Lineare<br \/>\nDifficolt\u00e0: Difficile<br \/>\nEstinzione: 4,9 km<br \/>\nDurata circa: 4 ore<\/p>\n<h3>Descrizione<\/h3>\n<p>Vivi un viaggio indimenticabile con il Sentiero Mist\u00e9rios Negros. Durante questo percorso, avrai l&#8217;opportunit\u00e0 di esplorare paesaggi vulcanici e il caratteristico tipo di foreste delle Azzorre, note come &#8220;foreste nuvolose&#8221;. Faremo anche un delizioso picnic con prodotti regionali in un luogo perfetto per rilassarsi e ammirare la natura circostante. Per concludere l&#8217;avventura, prenderemo il sentiero do Mist\u00e9rio Novo, dove ti aspettano nuove scoperte e paesaggi sorprendenti.   <\/p>\n<p>Si tratta di un&#8217;esperienza completa che unisce avventura, sapori e bellezze naturali!<\/p>\n<h3>Cosa \u00e8 incluso?<\/h3>\n<ul>\n<li>Picnic: Degustazione di prodotti regionali;<\/li>\n<li>Trasporto da e per il percorso;<\/li>\n<li>Autista\/guida professionale certificata;<\/li>\n<li>Assicurazione di responsabilit\u00e0 civile;<\/li>\n<li>Assicurazione personale contro gli infortuni;<\/li>\n<li>*Il prelievo e la consegna avvengono presso gli hotel e le pensioni vicine al centro di Angra do Hero\u00edsmo. Al di fuori di quest&#8217;area \u00e8 possibile, ma \u00e8 previsto un supplemento. <\/li>\n<\/ul>\n<h3>Di cosa dovresti essere consapevole?<\/h3>\n<ul>\n<li>Minimo 2 persone;<\/li>\n<li>Indossa calzature adeguate;<\/li>\n<li>Porta con te acqua e crema solare;<\/li>\n<li>Giacca da pioggia o giacca a vento;<\/li>\n<li>Avvisa se hai delle restrizioni alimentari,<\/li>\n<\/ul>\n<h3>Cancellazioni<\/h3>\n<p><!-- x-tinymce\/html --><\/p>\n<p>I clienti riceveranno un rimborso completo o un credito se la cancellazione viene effettuata fino a 24 ore prima dell&#8217;inizio dell&#8217;attivit\u00e0. Per qualsiasi domanda sulle opzioni di cancellazione e rimborso, contattaci. In caso di mancata presentazione, verr\u00e0 addebitato l&#8217;intero importo.  <\/p>\n","protected":false},"excerpt":{"rendered":"<p>Sul Sentiero dei Mist\u00e9rios Negros esplorerai paesaggi vulcanici, foreste di nuvole e panorami mozzafiato. Goditi un picnic regionale a Pico Gaspar e continua l&#8217;avventura sul Sentiero Mist\u00e9rio Novo! <\/p>\n","protected":false},"featured_media":19517,"comment_status":"open","ping_status":"closed","template":"","meta":{"_acf_changed":false},"product_brand":[],"product_cat":[19256,637,19257,19271,19269,19278],"product_tag":[19320],"class_list":{"0":"post-18238","1":"product","2":"type-product","3":"status-publish","4":"has-post-thumbnail","6":"product_cat-attivita","7":"product_cat-tutte-le-isole","8":"product_cat-visite-guidate","9":"product_cat-escursioni","10":"product_cat-geoturismo","11":"product_cat-terceira-it","12":"product_tag-isoladiterceira","14":"first","15":"instock","16":"virtual","17":"sold-individually","18":"taxable","19":"purchasable","20":"product-type-phive_booking"},"acf":[],"_links":{"self":[{"href":"https:\/\/guidetotheazores.pt\/it\/wp-json\/wp\/v2\/product\/18238","targetHints":{"allow":["GET"]}}],"collection":[{"href":"https:\/\/guidetotheazores.pt\/it\/wp-json\/wp\/v2\/product"}],"about":[{"href":"https:\/\/guidetotheazores.pt\/it\/wp-json\/wp\/v2\/types\/product"}],"replies":[{"embeddable":true,"href":"https:\/\/guidetotheazores.pt\/it\/wp-json\/wp\/v2\/comments?post=18238"}],"wp:featuredmedia":[{"embeddable":true,"href":"https:\/\/guidetotheazores.pt\/it\/wp-json\/wp\/v2\/media\/19517"}],"wp:attachment":[{"href":"https:\/\/guidetotheazores.pt\/it\/wp-json\/wp\/v2\/media?parent=18238"}],"wp:term":[{"taxonomy":"product_brand","embeddable":true,"href":"https:\/\/guidetotheazores.pt\/it\/wp-json\/wp\/v2\/product_brand?post=18238"},{"taxonomy":"product_cat","embeddable":true,"href":"https:\/\/guidetotheazores.pt\/it\/wp-json\/wp\/v2\/product_cat?post=18238"},{"taxonomy":"product_tag","embeddable":true,"href":"https:\/\/guidetotheazores.pt\/it\/wp-json\/wp\/v2\/product_tag?post=18238"}],"curies":[{"name":"wp","href":"https:\/\/api.w.org\/{rel}","templated":true}]}}